{"id":7301,"date":"2025-04-29T16:19:06","date_gmt":"2025-04-29T19:19:06","guid":{"rendered":"http:\/\/eqtprev.com.br\/?page_id=7301"},"modified":"2025-04-29T20:27:17","modified_gmt":"2025-04-29T23:27:17","slug":"sobre-nos-rascunho","status":"publish","type":"page","link":"https:\/\/eqtprev.com.br\/index.php\/sobre-nos-rascunho\/","title":{"rendered":"Sobre n\u00f3s &#8211; RAI"},"content":{"rendered":"\t\t<div data-elementor-type=\"wp-page\" data-elementor-id=\"7301\" class=\"elementor elementor-7301\" data-elementor-post-type=\"page\">\n\t\t\t\t<div class=\"elementor-element elementor-element-7d6f0652 e-flex e-con-boxed e-con e-parent\" data-id=\"7d6f0652\" data-element_type=\"container\" data-e-type=\"container\" data-settings=\"{&quot;background_background&quot;:&quot;classic&quot;}\">\n\t\t\t\t\t<div class=\"e-con-inner\">\n\t\t\t\t<div class=\"elementor-element elementor-element-459953f2 elementor-widget elementor-widget-image\" data-id=\"459953f2\" data-element_type=\"widget\" data-e-type=\"widget\" data-widget_type=\"image.default\">\n\t\t\t\t<div class=\"elementor-widget-container\">\n\t\t\t\t\t\t\t\t\t\t\t\t\t\t\t<img fetchpriority=\"high\" decoding=\"async\" width=\"1921\" height=\"387\" src=\"https:\/\/eqtprev.com.br\/wp-content\/uploads\/2025\/04\/sobre_nos_c.png\" class=\"attachment-full size-full wp-image-7309\" alt=\"\" srcset=\"https:\/\/eqtprev.com.br\/wp-content\/uploads\/2025\/04\/sobre_nos_c.png 1921w, https:\/\/eqtprev.com.br\/wp-content\/uploads\/2025\/04\/sobre_nos_c-300x60.png 300w, https:\/\/eqtprev.com.br\/wp-content\/uploads\/2025\/04\/sobre_nos_c-1024x206.png 1024w, https:\/\/eqtprev.com.br\/wp-content\/uploads\/2025\/04\/sobre_nos_c-768x155.png 768w, https:\/\/eqtprev.com.br\/wp-content\/uploads\/2025\/04\/sobre_nos_c-1536x309.png 1536w\" sizes=\"(max-width: 1921px) 100vw, 1921px\" \/>\t\t\t\t\t\t\t\t\t\t\t\t\t\t\t<\/div>\n\t\t\t\t<\/div>\n\t\t\t\t\t<\/div>\n\t\t\t\t<\/div>\n\t\t<div class=\"elementor-element elementor-element-38a386bd e-flex e-con-boxed e-con e-parent\" data-id=\"38a386bd\" data-element_type=\"container\" data-e-type=\"container\">\n\t\t\t\t\t<div class=\"e-con-inner\">\n\t\t\t\t<div class=\"elementor-element elementor-element-15a2107b titulos elementor-widget elementor-widget-heading\" data-id=\"15a2107b\" data-element_type=\"widget\" data-e-type=\"widget\" data-widget_type=\"heading.default\">\n\t\t\t\t<div class=\"elementor-widget-container\">\n\t\t\t\t\t<h2 class=\"elementor-heading-title elementor-size-default\">PERFIL<\/h2>\t\t\t\t<\/div>\n\t\t\t\t<\/div>\n\t\t\t\t<div class=\"elementor-element elementor-element-379463be elementor-widget elementor-widget-text-editor\" data-id=\"379463be\" data-element_type=\"widget\" data-e-type=\"widget\" data-widget_type=\"text-editor.default\">\n\t\t\t\t<div class=\"elementor-widget-container\">\n\t\t\t\t\t\t\t\t\t<p>A EQTPREV &#8211; Equatorial Energia Funda\u00e7\u00e3o de Previd\u00eancia faz parte do sistema de previd\u00eancia complementar desde fevereiro de 1986. \u00c9 uma entidade de natureza jur\u00eddica multipatrocinada, de direito privado, sem fins lucrativos e com autonomia administrativa e financeira.<\/p><p>A Funda\u00e7\u00e3o integra o Grupo Equatorial e tem como patrocinadoras a Equatorial Energia (MA\/PI\/AL\/GO\/PA), Equatorial Transmiss\u00e3o, Intesa, CEEE Distribui\u00e7\u00e3o, Echoenergia e subsidi\u00e1rias e a pr\u00f3pria EQTPREV.\u00a0Administra 11 planos de previd\u00eancia: Plano de Benef\u00edcio Definido, Plano Equatorial CD, Plano Equatorial BD, Celpa OP, Celpa R, Equatorial BD Alagoas, Equatorial CD Alagoas, Equatorial CV Piau\u00ed, Equatorial BD Piau\u00ed, Equatorial BD Goi\u00e1s e Equatorial CV Goi\u00e1s.<\/p><p>\u00c9 regulada e fiscalizada pela Superintend\u00eancia Nacional de Previd\u00eancia Complementar (Previc), do Minist\u00e9rio da Previd\u00eancia Social, e seus investimentos realizados de acordo com as diretrizes do Conselho Monet\u00e1rio Nacional.<\/p><p>Finalizou 2024 na 66\u00aa posi\u00e7\u00e3o no ranking de patrim\u00f4nio da Associa\u00e7\u00e3o Brasileira das Entidades Fechadas de Previd\u00eancia Complementar (Abrapp), entre 229 entidades, posi\u00e7\u00e3o setembro\/2024. Subiu 13 posi\u00e7\u00f5es em rela\u00e7\u00e3o a 2023, quando fechou o ano na 79\u00aa coloca\u00e7\u00e3o.<\/p><p>Os padr\u00f5es de \u00e9tica e conduta da EQTPREV est\u00e3o expressos no C\u00f3digo de \u00c9tica e Conduta do Grupo Equatorial, do qual faz parte.<\/p>\t\t\t\t\t\t\t\t<\/div>\n\t\t\t\t<\/div>\n\t\t\t\t\t<\/div>\n\t\t\t\t<\/div>\n\t\t<div class=\"elementor-element elementor-element-7f32c40c note e-flex e-con-boxed e-con e-parent\" data-id=\"7f32c40c\" data-element_type=\"container\" data-e-type=\"container\" data-settings=\"{&quot;background_background&quot;:&quot;classic&quot;}\">\n\t\t\t\t\t<div class=\"e-con-inner\">\n\t\t\t\t<div class=\"elementor-element elementor-element-6a16a931 note elementor-widget elementor-widget-image\" data-id=\"6a16a931\" data-element_type=\"widget\" data-e-type=\"widget\" data-widget_type=\"image.default\">\n\t\t\t\t<div class=\"elementor-widget-container\">\n\t\t\t\t\t\t\t\t\t\t\t\t\t\t\t<img decoding=\"async\" width=\"2177\" height=\"2252\" src=\"https:\/\/eqtprev.com.br\/wp-content\/uploads\/2025\/04\/IMAGEM_1_1.png\" class=\"attachment-full size-full wp-image-7314\" alt=\"\" srcset=\"https:\/\/eqtprev.com.br\/wp-content\/uploads\/2025\/04\/IMAGEM_1_1.png 2177w, https:\/\/eqtprev.com.br\/wp-content\/uploads\/2025\/04\/IMAGEM_1_1-290x300.png 290w, https:\/\/eqtprev.com.br\/wp-content\/uploads\/2025\/04\/IMAGEM_1_1-990x1024.png 990w, https:\/\/eqtprev.com.br\/wp-content\/uploads\/2025\/04\/IMAGEM_1_1-768x794.png 768w, https:\/\/eqtprev.com.br\/wp-content\/uploads\/2025\/04\/IMAGEM_1_1-1485x1536.png 1485w, https:\/\/eqtprev.com.br\/wp-content\/uploads\/2025\/04\/IMAGEM_1_1-1980x2048.png 1980w\" sizes=\"(max-width: 2177px) 100vw, 2177px\" \/>\t\t\t\t\t\t\t\t\t\t\t\t\t\t\t<\/div>\n\t\t\t\t<\/div>\n\t\t\t\t\t<\/div>\n\t\t\t\t<\/div>\n\t\t<div class=\"elementor-element elementor-element-42ffb873 note e-flex e-con-boxed e-con e-parent\" data-id=\"42ffb873\" data-element_type=\"container\" data-e-type=\"container\" data-settings=\"{&quot;background_background&quot;:&quot;classic&quot;}\">\n\t\t\t\t\t<div class=\"e-con-inner\">\n\t\t\t\t<div class=\"elementor-element elementor-element-75c931a9 titulos elementor-widget elementor-widget-heading\" data-id=\"75c931a9\" data-element_type=\"widget\" data-e-type=\"widget\" data-widget_type=\"heading.default\">\n\t\t\t\t<div class=\"elementor-widget-container\">\n\t\t\t\t\t<h2 class=\"elementor-heading-title elementor-size-default\">FATOS MARCANTES<\/h2>\t\t\t\t<\/div>\n\t\t\t\t<\/div>\n\t\t\t\t<div class=\"elementor-element elementor-element-62d38cf0 note elementor-widget elementor-widget-image\" data-id=\"62d38cf0\" data-element_type=\"widget\" data-e-type=\"widget\" data-widget_type=\"image.default\">\n\t\t\t\t<div class=\"elementor-widget-container\">\n\t\t\t\t\t\t\t\t\t\t\t\t\t\t\t<img decoding=\"async\" width=\"2560\" height=\"1707\" src=\"https:\/\/eqtprev.com.br\/wp-content\/uploads\/2025\/04\/IMAGEM_1_21-scaled-1.png\" class=\"attachment-full size-full wp-image-7316\" alt=\"\" srcset=\"https:\/\/eqtprev.com.br\/wp-content\/uploads\/2025\/04\/IMAGEM_1_21-scaled-1.png 2560w, https:\/\/eqtprev.com.br\/wp-content\/uploads\/2025\/04\/IMAGEM_1_21-scaled-1-300x200.png 300w, https:\/\/eqtprev.com.br\/wp-content\/uploads\/2025\/04\/IMAGEM_1_21-scaled-1-1024x683.png 1024w, https:\/\/eqtprev.com.br\/wp-content\/uploads\/2025\/04\/IMAGEM_1_21-scaled-1-768x512.png 768w, https:\/\/eqtprev.com.br\/wp-content\/uploads\/2025\/04\/IMAGEM_1_21-scaled-1-1536x1024.png 1536w, https:\/\/eqtprev.com.br\/wp-content\/uploads\/2025\/04\/IMAGEM_1_21-scaled-1-2048x1366.png 2048w\" sizes=\"(max-width: 2560px) 100vw, 2560px\" \/>\t\t\t\t\t\t\t\t\t\t\t\t\t\t\t<\/div>\n\t\t\t\t<\/div>\n\t\t\t\t\t<\/div>\n\t\t\t\t<\/div>\n\t\t<div class=\"elementor-element elementor-element-3422ccd e-flex e-con-boxed e-con e-parent\" data-id=\"3422ccd\" data-element_type=\"container\" data-e-type=\"container\">\n\t\t\t\t\t<div class=\"e-con-inner\">\n\t\t\t\t<div class=\"elementor-element elementor-element-18ef4df7 titulos elementor-widget elementor-widget-heading\" data-id=\"18ef4df7\" data-element_type=\"widget\" data-e-type=\"widget\" data-widget_type=\"heading.default\">\n\t\t\t\t<div class=\"elementor-widget-container\">\n\t\t\t\t\t<h2 class=\"elementor-heading-title elementor-size-default\">GOVERNAN\u00c7A CORPORATIVA<\/h2>\t\t\t\t<\/div>\n\t\t\t\t<\/div>\n\t\t\t\t<div class=\"elementor-element elementor-element-6ff83fe9 elementor-widget elementor-widget-text-editor\" data-id=\"6ff83fe9\" data-element_type=\"widget\" data-e-type=\"widget\" data-widget_type=\"text-editor.default\">\n\t\t\t\t<div class=\"elementor-widget-container\">\n\t\t\t\t\t\t\t\t\t<p>A EQTPREV trabalha em modelo de gest\u00e3o participativa, com o comprometimento dos Conselhos Deliberativo e Fiscal, da Diretoria Executiva e dos colaboradores, todos alinhados com os ideais dos participantes e assistidos, dos patrocinadores e da sociedade.\u00a0<\/p><p>Adota princ\u00edpios, regras e pr\u00e1ticas de governan\u00e7a, gest\u00e3o e controles internos, tendo como base as pr\u00e1ticas estabelecidas pelo Instituto Brasileiro de Governan\u00e7a Corporativa (IBGC). A Funda\u00e7\u00e3o conta, ainda, com um Comit\u00ea de Investimentos que auxilia a diretoria nas decis\u00f5es de investimentos.<\/p><p>A Funda\u00e7\u00e3o conta, ainda, com um Comit\u00ea de Investimentos que auxilia a diretoria nas decis\u00f5es de investimentos.<\/p><p>Para a busca pela excel\u00eancia, diretoria e conselhos se utilizam dos manuais e guias criados pela Superintend\u00eancia Nacional de Previd\u00eancia Complementar (Previc), com a finalidade de orientar dirigentes, participantes ativos e assistidos, patrocinadores e instituidores, quanto \u00e0 gest\u00e3o dos fundos de pens\u00e3o.<\/p><p><strong>Os guias e manuais est\u00e3o dispon\u00edveis no Portal EQTPREV para consulta<\/strong>: <a href=\"http:\/\/eqtprev.com.br\/wp-content\/uploads\/2024\/08\/2-Guia-para-Modelo-de-Avalicao-de-Desempenho.pdf\">Guia para Modelo de Avalia\u00e7\u00e3o de Desempenho<\/a>, <a href=\"http:\/\/eqtprev.com.br\/wp-content\/uploads\/2024\/08\/3-melhores-praticas-em-licenciamento-2021.pdf\">Guia de Pr\u00e1ticas em Licenciamento<\/a>, <a href=\"http:\/\/eqtprev.com.br\/wp-content\/uploads\/2024\/08\/4-Novo-Guia-Previc-Melhores-Praticas-de-Investimentos.pdf\">Guia de Melhores Pr\u00e1ticas em Investimento<\/a>, <a href=\"http:\/\/eqtprev.com.br\/wp-content\/uploads\/2024\/08\/5-Guia-de-Boas-Praticas-em-Treinamento-e-Desenvolvimento.pdf\">Guia de Boas Pr\u00e1ticas em Treinamento e Desenvolvimento<\/a>, <a href=\"http:\/\/eqtprev.com.br\/wp-content\/uploads\/2024\/08\/6-Guia-sobre-Previdencia-Social.pdf\">Guia sobre Previd\u00eancia Social<\/a>, <a href=\"http:\/\/eqtprev.com.br\/wp-content\/uploads\/2024\/08\/7-Guia-do-Participante-1.pdf\">Guia do Participante<\/a>, <a href=\"http:\/\/eqtprev.com.br\/wp-content\/uploads\/2024\/08\/8-Guia-de-Praticas-de-Governanca.pdf\">Guia de Pr\u00e1ticas de Governan\u00e7a<\/a> e <a href=\"http:\/\/eqtprev.com.br\/wp-content\/uploads\/2024\/08\/9-Guia-de-Melhores-Praticas-de-Fundos-de-Pensao.pdf\">Guia de Melhores Pr\u00e1ticas de Fundos de Pens\u00e3o<\/a>, como tamb\u00e9m o <a href=\"http:\/\/eqtprev.com.br\/wp-content\/uploads\/2024\/08\/1-Manual-Boas-Praticas-TI-Abrapp.pdf\">Manual de Boas Pr\u00e1ticas TI da Associa\u00e7\u00e3o Brasileira de Entidades Fechadas de Previd\u00eancia Complementar (Abrapp<\/a>).<\/p>\t\t\t\t\t\t\t\t<\/div>\n\t\t\t\t<\/div>\n\t\t\t\t<div class=\"elementor-element elementor-element-51eaf407 titulos elementor-widget elementor-widget-heading\" data-id=\"51eaf407\" data-element_type=\"widget\" data-e-type=\"widget\" data-widget_type=\"heading.default\">\n\t\t\t\t<div class=\"elementor-widget-container\">\n\t\t\t\t\t<h2 class=\"elementor-heading-title elementor-size-default\">CERTIFICA\u00c7\u00c3O DE DIRIGENTES<\/h2>\t\t\t\t<\/div>\n\t\t\t\t<\/div>\n\t\t<div class=\"elementor-element elementor-element-639db23c e-con-full e-flex e-con e-child\" data-id=\"639db23c\" data-element_type=\"container\" data-e-type=\"container\">\n\t\t<div class=\"elementor-element elementor-element-a9fc2ee e-con-full e-flex e-con e-child\" data-id=\"a9fc2ee\" data-element_type=\"container\" data-e-type=\"container\">\n\t\t\t\t<div class=\"elementor-element elementor-element-5f4e98eb elementor-widget elementor-widget-text-editor\" data-id=\"5f4e98eb\" data-element_type=\"widget\" data-e-type=\"widget\" data-widget_type=\"text-editor.default\">\n\t\t\t\t<div class=\"elementor-widget-container\">\n\t\t\t\t\t\t\t\t\t<p>A certifica\u00e7\u00e3o \u00e9 uma exig\u00eancia para dirigentes das Entidades Fechadas de Previd\u00eancia Complementar (EFPC). O documento comprova o conhecimento e a compet\u00eancia dos profissionais em rela\u00e7\u00e3o aos aspectos t\u00e9cnicos, legais e regulat\u00f3rios da gest\u00e3o da entidade. Valoriza a experi\u00eancia e a credibilidade dos profissionais. Contribui, ainda, para a efici\u00eancia e efic\u00e1cia das decis\u00f5es tomadas.\u00a0<\/p><p>A Certifica\u00e7\u00e3o por Experi\u00eancia do Instituto de Certifica\u00e7\u00e3o Institucional e dos Profissionais de Seguridade Social (ICSS) \u00e9 reconhecida pela Previc e atende \u00e0s exig\u00eancias regulat\u00f3rias para habilita\u00e7\u00e3o de dirigentes e conselheiros. \u00a0O certificado tem \u00eanfase em Administra\u00e7\u00e3o e Investimentos. Tamb\u00e9m s\u00e3o certifica\u00e7\u00f5es v\u00e1lidas para habilitar os profissionais que atuam em uma EFPC a CPA-20, CFA, CEA, CFG, CGA e CGE.<\/p>\t\t\t\t\t\t\t\t<\/div>\n\t\t\t\t<\/div>\n\t\t\t\t<\/div>\n\t\t<div class=\"elementor-element elementor-element-346ee772 e-con-full e-flex e-con e-child\" data-id=\"346ee772\" data-element_type=\"container\" data-e-type=\"container\">\n\t\t\t\t<div class=\"elementor-element elementor-element-b7a9ee4 elementor-widget elementor-widget-image\" data-id=\"b7a9ee4\" data-element_type=\"widget\" data-e-type=\"widget\" data-widget_type=\"image.default\">\n\t\t\t\t<div class=\"elementor-widget-container\">\n\t\t\t\t\t\t\t\t\t\t\t\t\t\t\t<img loading=\"lazy\" decoding=\"async\" width=\"1676\" height=\"1184\" src=\"https:\/\/eqtprev.com.br\/wp-content\/uploads\/2025\/04\/IMAGEM_1_-3.png\" class=\"attachment-full size-full wp-image-7317\" alt=\"\" srcset=\"https:\/\/eqtprev.com.br\/wp-content\/uploads\/2025\/04\/IMAGEM_1_-3.png 1676w, https:\/\/eqtprev.com.br\/wp-content\/uploads\/2025\/04\/IMAGEM_1_-3-300x212.png 300w, https:\/\/eqtprev.com.br\/wp-content\/uploads\/2025\/04\/IMAGEM_1_-3-1024x723.png 1024w, https:\/\/eqtprev.com.br\/wp-content\/uploads\/2025\/04\/IMAGEM_1_-3-768x543.png 768w, https:\/\/eqtprev.com.br\/wp-content\/uploads\/2025\/04\/IMAGEM_1_-3-1536x1085.png 1536w\" sizes=\"(max-width: 1676px) 100vw, 1676px\" \/>\t\t\t\t\t\t\t\t\t\t\t\t\t\t\t<\/div>\n\t\t\t\t<\/div>\n\t\t\t\t<\/div>\n\t\t\t\t<\/div>\n\t\t\t\t<div class=\"elementor-element elementor-element-5d2511c6 elementor-widget elementor-widget-image\" data-id=\"5d2511c6\" data-element_type=\"widget\" data-e-type=\"widget\" data-widget_type=\"image.default\">\n\t\t\t\t<div class=\"elementor-widget-container\">\n\t\t\t\t\t\t\t\t\t\t\t\t\t\t\t\t<a href=\"http:\/\/eqtprev.com.br\/wp-content\/uploads\/2025\/04\/RA-EQTPERV_2024_SOBRE-NOS.pdf\" target=\"_blank\">\n\t\t\t\t\t\t\t<img loading=\"lazy\" decoding=\"async\" width=\"800\" height=\"219\" src=\"https:\/\/eqtprev.com.br\/wp-content\/uploads\/2025\/04\/BOTAO-SAIBA-MAIS-1.png\" class=\"attachment-large size-large wp-image-7321\" alt=\"\" srcset=\"https:\/\/eqtprev.com.br\/wp-content\/uploads\/2025\/04\/BOTAO-SAIBA-MAIS-1.png 946w, https:\/\/eqtprev.com.br\/wp-content\/uploads\/2025\/04\/BOTAO-SAIBA-MAIS-1-300x82.png 300w, https:\/\/eqtprev.com.br\/wp-content\/uploads\/2025\/04\/BOTAO-SAIBA-MAIS-1-768x210.png 768w\" sizes=\"(max-width: 800px) 100vw, 800px\" \/>\t\t\t\t\t\t\t\t<\/a>\n\t\t\t\t\t\t\t\t\t\t\t\t\t\t\t<\/div>\n\t\t\t\t<\/div>\n\t\t\t\t\t<\/div>\n\t\t\t\t<\/div>\n\t\t\t\t<\/div>\n\t\t","protected":false},"excerpt":{"rendered":"<p>PERFIL A EQTPREV &#8211; Equatorial Energia Funda\u00e7\u00e3o de Previd\u00eancia faz parte do sistema de previd\u00eancia complementar desde fevereiro de 1986. \u00c9 uma entidade de natureza jur\u00eddica multipatrocinada, de direito privado, sem fins lucrativos e com autonomia administrativa e financeira. A Funda\u00e7\u00e3o integra o Grupo Equatorial e tem como patrocinadoras a Equatorial Energia (MA\/PI\/AL\/GO\/PA), Equatorial Transmiss\u00e3o, [&hellip;]<\/p>\n","protected":false},"author":3,"featured_media":0,"parent":0,"menu_order":0,"comment_status":"closed","ping_status":"closed","template":"elementor_header_footer","meta":{"inline_featured_image":false,"footnotes":""},"class_list":["post-7301","page","type-page","status-publish","hentry"],"_links":{"self":[{"href":"https:\/\/eqtprev.com.br\/index.php\/wp-json\/wp\/v2\/pages\/7301","targetHints":{"allow":["GET"]}}],"collection":[{"href":"https:\/\/eqtprev.com.br\/index.php\/wp-json\/wp\/v2\/pages"}],"about":[{"href":"https:\/\/eqtprev.com.br\/index.php\/wp-json\/wp\/v2\/types\/page"}],"author":[{"embeddable":true,"href":"https:\/\/eqtprev.com.br\/index.php\/wp-json\/wp\/v2\/users\/3"}],"replies":[{"embeddable":true,"href":"https:\/\/eqtprev.com.br\/index.php\/wp-json\/wp\/v2\/comments?post=7301"}],"version-history":[{"count":34,"href":"https:\/\/eqtprev.com.br\/index.php\/wp-json\/wp\/v2\/pages\/7301\/revisions"}],"predecessor-version":[{"id":7537,"href":"https:\/\/eqtprev.com.br\/index.php\/wp-json\/wp\/v2\/pages\/7301\/revisions\/7537"}],"wp:attachment":[{"href":"https:\/\/eqtprev.com.br\/index.php\/wp-json\/wp\/v2\/media?parent=7301"}],"curies":[{"name":"wp","href":"https:\/\/api.w.org\/{rel}","templated":true}]}}