{"id":7282,"date":"2025-04-29T16:20:20","date_gmt":"2025-04-29T19:20:20","guid":{"rendered":"http:\/\/eqtprev.com.br\/?page_id=7282"},"modified":"2025-04-29T20:25:33","modified_gmt":"2025-04-29T23:25:33","slug":"home-rai","status":"publish","type":"page","link":"https:\/\/eqtprev.com.br\/index.php\/home-rai\/","title":{"rendered":"Home &#8211; RAI"},"content":{"rendered":"\t\t<div data-elementor-type=\"wp-page\" data-elementor-id=\"7282\" class=\"elementor elementor-7282\" data-elementor-post-type=\"page\">\n\t\t\t\t<div class=\"elementor-element elementor-element-1f0f271e e-con-full e-flex e-con e-parent\" data-id=\"1f0f271e\" data-element_type=\"container\" data-e-type=\"container\">\n\t\t\t\t<div class=\"elementor-element elementor-element-40b6187d elementor-widget elementor-widget-video\" data-id=\"40b6187d\" data-element_type=\"widget\" data-e-type=\"widget\" data-settings=\"{&quot;video_type&quot;:&quot;hosted&quot;,&quot;autoplay&quot;:&quot;yes&quot;,&quot;loop&quot;:&quot;yes&quot;,&quot;play_on_mobile&quot;:&quot;yes&quot;,&quot;mute&quot;:&quot;yes&quot;}\" data-widget_type=\"video.default\">\n\t\t\t\t<div class=\"elementor-widget-container\">\n\t\t\t\t\t\t\t<div class=\"e-hosted-video elementor-wrapper elementor-open-inline\">\n\t\t\t\t\t<video class=\"elementor-video\" src=\"http:\/\/eqtprev.com.br\/wp-content\/uploads\/2025\/04\/Home_anim_EQTPREV.mp4\" autoplay=\"\" loop=\"\" muted=\"muted\" playsinline=\"\" controlsList=\"nodownload\"><\/video>\n\t\t\t\t<\/div>\n\t\t\t\t\t\t<\/div>\n\t\t\t\t<\/div>\n\t\t\t\t<\/div>\n\t\t<div class=\"elementor-element elementor-element-246c8ad3 e-flex e-con-boxed e-con e-parent\" data-id=\"246c8ad3\" data-element_type=\"container\" data-e-type=\"container\">\n\t\t\t\t\t<div class=\"e-con-inner\">\n\t\t<div class=\"elementor-element elementor-element-23dc4903 e-con-full e-flex e-con e-child\" data-id=\"23dc4903\" data-element_type=\"container\" data-e-type=\"container\">\n\t\t<div class=\"elementor-element elementor-element-67e29f44 e-con-full e-flex e-con e-child\" data-id=\"67e29f44\" data-element_type=\"container\" data-e-type=\"container\">\n\t\t\t\t<div class=\"elementor-element elementor-element-534310cb elementor-widget elementor-widget-text-editor\" data-id=\"534310cb\" data-element_type=\"widget\" data-e-type=\"widget\" data-widget_type=\"text-editor.default\">\n\t\t\t\t<div class=\"elementor-widget-container\">\n\t\t\t\t\t\t\t\t\t<p>O Relat\u00f3rio Anual de 2024 \u00e9 dedicado as pessoas que caminham de m\u00e3os dadas com a EQTPREV, que entregam seus recursos financeiros para serem administrados e transformados em benef\u00edcios previdenci\u00e1rios. Pois acreditam que a Funda\u00e7\u00e3o pode fazer a diferen\u00e7a na vida delas no futuro. O documento, elaborado por muitas m\u00e3os, apresenta os resultados e as boas pr\u00e1ticas de gest\u00e3o aplicadas e aprimoradas ao longo do ano.<\/p>\t\t\t\t\t\t\t\t<\/div>\n\t\t\t\t<\/div>\n\t\t\t\t<div class=\"elementor-element elementor-element-7a3d9d1d elementor-widget elementor-widget-image\" data-id=\"7a3d9d1d\" data-element_type=\"widget\" data-e-type=\"widget\" data-widget_type=\"image.default\">\n\t\t\t\t<div class=\"elementor-widget-container\">\n\t\t\t\t\t\t\t\t\t\t\t\t\t\t\t<img fetchpriority=\"high\" decoding=\"async\" width=\"1641\" height=\"101\" src=\"https:\/\/eqtprev.com.br\/wp-content\/uploads\/2025\/04\/infos.png\" class=\"attachment-full size-full wp-image-7291\" alt=\"\" srcset=\"https:\/\/eqtprev.com.br\/wp-content\/uploads\/2025\/04\/infos.png 1641w, https:\/\/eqtprev.com.br\/wp-content\/uploads\/2025\/04\/infos-300x18.png 300w, https:\/\/eqtprev.com.br\/wp-content\/uploads\/2025\/04\/infos-1024x63.png 1024w, https:\/\/eqtprev.com.br\/wp-content\/uploads\/2025\/04\/infos-768x47.png 768w, https:\/\/eqtprev.com.br\/wp-content\/uploads\/2025\/04\/infos-1536x95.png 1536w\" sizes=\"(max-width: 1641px) 100vw, 1641px\" \/>\t\t\t\t\t\t\t\t\t\t\t\t\t\t\t<\/div>\n\t\t\t\t<\/div>\n\t\t\t\t<div class=\"elementor-element elementor-element-3c65e810 elementor-widget elementor-widget-text-editor\" data-id=\"3c65e810\" data-element_type=\"widget\" data-e-type=\"widget\" data-widget_type=\"text-editor.default\">\n\t\t\t\t<div class=\"elementor-widget-container\">\n\t\t\t\t\t\t\t\t\t<p>CLIQUE AQUI PARA<br \/><a href=\"http:\/\/eqtprev.com.br\/wp-content\/uploads\/2025\/04\/1_Demonstracoes-Contabeis-e-Notas-Explicativas.pdf\" target=\"_blank\" rel=\"noopener\">Demonstra\u00e7\u00f5es Cont\u00e1beis<\/a>, <a href=\"https:\/\/eqtprev.com.br\/wp-content\/uploads\/2025\/04\/2_Relatorio-Auditor-Independente.pdf\" target=\"_blank\" rel=\"noopener\">Relat\u00f3rio do Auditor Independente<\/a>, <a href=\"http:\/\/eqtprev.com.br\/wp-content\/uploads\/2025\/04\/3_Pareceres-Atuariais.pdf\" target=\"_blank\" rel=\"noopener\">Pareceres Atuariais<\/a>, <a href=\"http:\/\/eqtprev.com.br\/wp-content\/uploads\/2025\/04\/4_Parecer-do-Conselho-Fiscal.pdf\" target=\"_blank\" rel=\"noopener\">Parecer do Conselho Fiscal<\/a> e <a href=\"http:\/\/eqtprev.com.br\/wp-content\/uploads\/2025\/04\/5_Parecer-do-Conselho-Deliberativo.pdf\" target=\"_blank\" rel=\"noopener\">Parecer do Conselho Deliberativo<\/a><\/p>\t\t\t\t\t\t\t\t<\/div>\n\t\t\t\t<\/div>\n\t\t\t\t<\/div>\n\t\t\t\t<\/div>\n\t\t\t\t\t<\/div>\n\t\t\t\t<\/div>\n\t\t<div class=\"elementor-element elementor-element-501f9134 e-con-full e-flex e-con e-parent\" data-id=\"501f9134\" data-element_type=\"container\" data-e-type=\"container\" data-settings=\"{&quot;background_background&quot;:&quot;classic&quot;}\">\n\t\t\t\t<div class=\"elementor-element elementor-element-375a50e5 elementor-widget elementor-widget-heading\" data-id=\"375a50e5\" data-element_type=\"widget\" data-e-type=\"widget\" data-widget_type=\"heading.default\">\n\t\t\t\t<div class=\"elementor-widget-container\">\n\t\t\t\t\t<h2 class=\"elementor-heading-title elementor-size-default\">MENSAGEM DA DIRETORIA EXECUTIVA<\/h2>\t\t\t\t<\/div>\n\t\t\t\t<\/div>\n\t\t\t\t<\/div>\n\t\t<div class=\"elementor-element elementor-element-2786ef5a e-flex e-con-boxed e-con e-parent\" data-id=\"2786ef5a\" data-element_type=\"container\" data-e-type=\"container\">\n\t\t\t\t\t<div class=\"e-con-inner\">\n\t\t\t\t<div class=\"elementor-element elementor-element-1ef6c9d8 elementor-widget elementor-widget-text-editor\" data-id=\"1ef6c9d8\" data-element_type=\"widget\" data-e-type=\"widget\" data-widget_type=\"text-editor.default\">\n\t\t\t\t<div class=\"elementor-widget-container\">\n\t\t\t\t\t\t\t\t\t<p>Um ano de mais desafios e de novas conquistas \u00e9 como podemos definir 2024. Trabalhamos todos (Diretoria Executiva, Conselho Deliberativo, Conselho Fiscal, Comit\u00ea de Investimentos e colaboradores da EQTPREV), para entregarmos o nosso melhor, uma vez que somos comprometidos com a satisfa\u00e7\u00e3o permanente de nossos participantes ativos, assistidos e patrocinadoras, raz\u00e3o da exist\u00eancia da EQTPREV.<\/p><p>Inegavelmente, um dos grandes avan\u00e7os foi o expressivo aumento do n\u00famero de participantes, ou seja, 78% dos colaboradores das empresas do Grupo Equatorial, patrocinadoras da EQTPREV, passaram a contar com a cobertura do importante benef\u00edcio da previd\u00eancia complementar. Registre-se que essa conquista somente foi poss\u00edvel a partir das a\u00e7\u00f5es conjuntas e integradas entre a Equatorial e a EQTPREV, que propiciaram a institui\u00e7\u00e3o da inscri\u00e7\u00e3o autom\u00e1tica (a EQTPREV foi a primeira funda\u00e7\u00e3o a adotar esse mecanismo e hoje \u00e9 uma refer\u00eancia no setor de previd\u00eancia complementar fechada) e a realiza\u00e7\u00e3o da \u201cSemana da Previd\u00eancia\u201d nas principais empresas do Grupo, quando<br \/>levamos informa\u00e7\u00f5es para o fortalecimento da educa\u00e7\u00e3o financeira dos nossos participantes.<\/p><p>Obtivemos, tamb\u00e9m, a aprova\u00e7\u00e3o da Superintend\u00eancia Nacional de Previd\u00eancia Complementar (Previc) no processo de distribui\u00e7\u00e3o de super\u00e1vit do plano Equatorial BD Alagoas, que se inicia em 2025.<\/p><p>Conseguimos, ainda, a autoriza\u00e7\u00e3o da Previc para a incorpora\u00e7\u00e3o do Plano Equatorial CD Alagoas pelo Plano Equatorial CD, opera\u00e7\u00e3o que ser\u00e1 efetivada at\u00e9 o final do primeiro semestre de 2025 e que representar\u00e1 uma redu\u00e7\u00e3o dos custos administrativos da EQTPREV, a ser revertida em prol dos participantes e assistidos.<\/p><p>Implementamos, sem percal\u00e7os, a incorpora\u00e7\u00e3o da Eletra (que administrava os planos de benef\u00edcios da Equatorial Goi\u00e1s) pela EQTPREV.<\/p><p>Nos investimentos, a rentabilidade dos planos Equatorial BD Goi\u00e1s, Cemar BDI e Equatorial CD (Perfil Conservador) superaram a meta. Os planos Celpa OP, Equatorial BD Alagoas, Equatorial CD Alagoas, Celpa R, Equatorial BD Piau\u00ed, Equatorial BD,<br \/>Equatorial CV Goi\u00e1s e Equatorial CD (Perfil Moderado) registraram rendimentos pr\u00f3ximos ao \u00edndice de refer\u00eancia. J\u00e1 os planos Equatorial CV Piau\u00ed e Equatorial CD (Perfil Arrojado) tiveram retorno abaixo do \u00edndice de refer\u00eancia.<\/p><p>O resultado reflete o cen\u00e1rio econ\u00f4mico inst\u00e1vel em 2024. Mas apesar das oscila\u00e7\u00f5es do mercado financeiro, o patrim\u00f4nio evoluiu, passou de R$ 2.146.190 em dezembro de 2023 para R$ 2.975.807 em dezembro de 2024.<\/p><p>As transforma\u00e7\u00f5es fundamentais para esta evolu\u00e7\u00e3o decorrem da maior capacita\u00e7\u00e3o t\u00e9cnica de nossos colaboradores, da cria\u00e7\u00e3o de uma cultura voltada para a excel\u00eancia na administra\u00e7\u00e3o dos recursos financeiros e previdenci\u00e1rios, da comunica\u00e7\u00e3o franca e transparente com nossos participantes e da inser\u00e7\u00e3o da tem\u00e1tica da sustentabilidade como elemento integrante dos valores corporativos da EQTPREV.<\/p><p>Contamos, ainda, com um planejamento estrat\u00e9gico bem estruturado, pol\u00edtica de investimentos com segrega\u00e7\u00e3o de planos e sistema de controle de risco.<\/p><p>Trabalhamos para cumprir os compromissos previdenci\u00e1rios atuais e futuros, ampliar o patrim\u00f4nio e atender com mais qualidade e agilidade os nossos participantes e assistidos.<\/p><p>Este relat\u00f3rio apresenta o desempenho da Funda\u00e7\u00e3o em 2024, nas gest\u00f5es de investimentos, previdenci\u00e1ria e administrativa.<\/p><p>Boa leitura<\/p>\t\t\t\t\t\t\t\t<\/div>\n\t\t\t\t<\/div>\n\t\t\t\t\t<\/div>\n\t\t\t\t<\/div>\n\t\t<div class=\"elementor-element elementor-element-5585eb71 e-flex e-con-boxed e-con e-parent\" data-id=\"5585eb71\" data-element_type=\"container\" data-e-type=\"container\">\n\t\t\t\t\t<div class=\"e-con-inner\">\n\t\t\t\t<div class=\"elementor-element elementor-element-30621c9b elementor-widget elementor-widget-image\" data-id=\"30621c9b\" data-element_type=\"widget\" data-e-type=\"widget\" data-widget_type=\"image.default\">\n\t\t\t\t<div class=\"elementor-widget-container\">\n\t\t\t\t\t\t\t\t\t\t\t\t\t\t\t<img decoding=\"async\" width=\"2560\" height=\"463\" src=\"https:\/\/eqtprev.com.br\/wp-content\/uploads\/2025\/04\/diretores_d-scaled-1.png\" class=\"attachment-full size-full wp-image-7292\" alt=\"\" srcset=\"https:\/\/eqtprev.com.br\/wp-content\/uploads\/2025\/04\/diretores_d-scaled-1.png 2560w, https:\/\/eqtprev.com.br\/wp-content\/uploads\/2025\/04\/diretores_d-scaled-1-300x54.png 300w, https:\/\/eqtprev.com.br\/wp-content\/uploads\/2025\/04\/diretores_d-scaled-1-1024x185.png 1024w, https:\/\/eqtprev.com.br\/wp-content\/uploads\/2025\/04\/diretores_d-scaled-1-768x139.png 768w, https:\/\/eqtprev.com.br\/wp-content\/uploads\/2025\/04\/diretores_d-scaled-1-1536x278.png 1536w, https:\/\/eqtprev.com.br\/wp-content\/uploads\/2025\/04\/diretores_d-scaled-1-2048x370.png 2048w\" sizes=\"(max-width: 2560px) 100vw, 2560px\" \/>\t\t\t\t\t\t\t\t\t\t\t\t\t\t\t<\/div>\n\t\t\t\t<\/div>\n\t\t\t\t\t<\/div>\n\t\t\t\t<\/div>\n\t\t<div class=\"elementor-element elementor-element-5a1c5bf1 e-flex e-con-boxed e-con e-parent\" data-id=\"5a1c5bf1\" data-element_type=\"container\" data-e-type=\"container\">\n\t\t\t\t\t<div class=\"e-con-inner\">\n\t\t\t\t<div class=\"elementor-element elementor-element-2a42fc63 elementor-widget elementor-widget-image\" data-id=\"2a42fc63\" data-element_type=\"widget\" data-e-type=\"widget\" data-widget_type=\"image.default\">\n\t\t\t\t<div class=\"elementor-widget-container\">\n\t\t\t\t\t\t\t\t\t\t\t\t\t\t\t\t<a href=\"http:\/\/eqtprev.com.br\/wp-content\/uploads\/2025\/04\/RA-EQTPERV_2024_INTERATIVO_capa-nova-1.pdf\" target=\"_blank\">\n\t\t\t\t\t\t\t<img decoding=\"async\" width=\"465\" height=\"82\" src=\"https:\/\/eqtprev.com.br\/wp-content\/uploads\/2025\/04\/brn_01.png\" class=\"attachment-full size-full wp-image-7293\" alt=\"\" srcset=\"https:\/\/eqtprev.com.br\/wp-content\/uploads\/2025\/04\/brn_01.png 465w, https:\/\/eqtprev.com.br\/wp-content\/uploads\/2025\/04\/brn_01-300x53.png 300w\" sizes=\"(max-width: 465px) 100vw, 465px\" \/>\t\t\t\t\t\t\t\t<\/a>\n\t\t\t\t\t\t\t\t\t\t\t\t\t\t\t<\/div>\n\t\t\t\t<\/div>\n\t\t\t\t\t<\/div>\n\t\t\t\t<\/div>\n\t\t\t\t<\/div>\n\t\t","protected":false},"excerpt":{"rendered":"<p>https:\/\/eqtprev.com.br\/wp-content\/uploads\/2025\/04\/Home_anim_EQTPREV.mp4 O Relat\u00f3rio Anual de 2024 \u00e9 dedicado as pessoas que caminham de m\u00e3os dadas com a EQTPREV, que entregam seus recursos financeiros para serem administrados e transformados em benef\u00edcios previdenci\u00e1rios. Pois acreditam que a Funda\u00e7\u00e3o pode fazer a diferen\u00e7a na vida delas no futuro. O documento, elaborado por muitas m\u00e3os, apresenta os resultados e [&hellip;]<\/p>\n","protected":false},"author":3,"featured_media":0,"parent":0,"menu_order":0,"comment_status":"closed","ping_status":"closed","template":"","meta":{"inline_featured_image":false,"footnotes":""},"class_list":["post-7282","page","type-page","status-publish","hentry"],"_links":{"self":[{"href":"https:\/\/eqtprev.com.br\/index.php\/wp-json\/wp\/v2\/pages\/7282","targetHints":{"allow":["GET"]}}],"collection":[{"href":"https:\/\/eqtprev.com.br\/index.php\/wp-json\/wp\/v2\/pages"}],"about":[{"href":"https:\/\/eqtprev.com.br\/index.php\/wp-json\/wp\/v2\/types\/page"}],"author":[{"embeddable":true,"href":"https:\/\/eqtprev.com.br\/index.php\/wp-json\/wp\/v2\/users\/3"}],"replies":[{"embeddable":true,"href":"https:\/\/eqtprev.com.br\/index.php\/wp-json\/wp\/v2\/comments?post=7282"}],"version-history":[{"count":33,"href":"https:\/\/eqtprev.com.br\/index.php\/wp-json\/wp\/v2\/pages\/7282\/revisions"}],"predecessor-version":[{"id":7534,"href":"https:\/\/eqtprev.com.br\/index.php\/wp-json\/wp\/v2\/pages\/7282\/revisions\/7534"}],"wp:attachment":[{"href":"https:\/\/eqtprev.com.br\/index.php\/wp-json\/wp\/v2\/media?parent=7282"}],"curies":[{"name":"wp","href":"https:\/\/api.w.org\/{rel}","templated":true}]}}