{"id":6962,"date":"2025-04-07T19:03:24","date_gmt":"2025-04-07T22:03:24","guid":{"rendered":"http:\/\/eqtprev.com.br\/?page_id=6962"},"modified":"2025-04-08T16:14:13","modified_gmt":"2025-04-08T19:14:13","slug":"informe-de-rendimento-disponivel","status":"publish","type":"page","link":"https:\/\/eqtprev.com.br\/index.php\/informe-de-rendimento-disponivel\/","title":{"rendered":"Informe de Rendimento Dispon\u00edvel"},"content":{"rendered":"\n<p class=\"has-medium-font-size\">Aten\u00e7\u00e3o, assistido(a): o seu <strong>Informe de Rendimentos para o Imposto de Renda<\/strong> j\u00e1 est\u00e1 dispon\u00edvel!<\/p>\n\n\n\n<p class=\"has-white-background-color has-background\"><\/p>\n\n\n\n<p>Voc\u00ea pode acess\u00e1-lo de forma r\u00e1pida e segura diretamente pelo nosso portal ou, se preferir, solicitar ao nosso time de atendimento.<\/p>\n\n\n\n<h4 class=\"wp-block-heading has-medium-font-size\">\ud83d\udd0e Como acessar pelo portal?<\/h4>\n\n\n\n<ol class=\"wp-block-list\">\n<li>Aqui no site, clique em <strong>&#8220;\u00c1rea do Participante&#8221;<\/strong> (no canto superior direito da p\u00e1gina)<\/li>\n\n\n\n<li>Digite seu <strong>CPF<\/strong> e fa\u00e7a o login<\/li>\n\n\n\n<li>No menu, clique em <strong>&#8220;Comprovante IRRF&#8221;<\/strong> ou &#8220;<strong>Informe de Rendimento<\/strong>&#8220;<\/li>\n\n\n\n<li>Pronto! O seu Informe estar\u00e1 dispon\u00edvel para download<\/li>\n<\/ol>\n\n\n\n<div class=\"wp-block-buttons is-layout-flex wp-block-buttons-is-layout-flex\">\n<div class=\"wp-block-button has-custom-width wp-block-button__width-25 is-style-outline is-style-outline--1\"><a class=\"wp-block-button__link has-white-color has-vivid-green-cyan-background-color has-text-color has-background has-link-color wp-element-button\" href=\"https:\/\/eqtprev.com.br\/index.php\/area-restrita-dos-participantes\/\"><strong>Acessar Portal<\/strong><\/a><\/div>\n<\/div>\n\n\n\n<p class=\"has-white-background-color has-background\"><\/p>\n\n\n\n<p class=\"has-medium-font-size\">\ud83d\udd0e <strong>Como solicitar ao nosso time de atendimento?<\/strong><\/p>\n\n\n\n<p>Entre em contato atrav\u00e9s do nosso e-mail &#8220;eqprev@eqtprev.com.br&#8221; ou atrav\u00e9s do nosso whatsapp (98) 3217-2318. <strong>Estamos prontos para te ajudar!<\/strong><\/p>\n\n\n\n<div class=\"wp-block-buttons is-layout-flex wp-block-buttons-is-layout-flex\">\n<div class=\"wp-block-button has-custom-width wp-block-button__width-50\"><a class=\"wp-block-button__link has-vivid-green-cyan-background-color has-background wp-element-button\" href=\"https:\/\/wa.me\/559832172318\"><strong>Whatsapp de Atendimento<\/strong><\/a><\/div>\n<\/div>\n\n\n\n<p class=\"has-white-background-color has-background\"><\/p>\n\n\n\n<p><strong>Participantes e Assistidos do Plano Equatorial CD, Cemar BD e Equatorial BD<\/strong>,<strong>  assista ao v\u00eddeo com o passo a passo de como acessar pelo seu portal: <\/strong><\/p>\n\n\n\n<div class=\"wp-block-media-text is-stacked-on-mobile has-small-font-size\" style=\"margin-top:0;margin-right:0;margin-bottom:0;margin-left:0;padding-top:0;padding-right:0;padding-bottom:0;padding-left:0;grid-template-columns:29% auto\"><figure class=\"wp-block-media-text__media\"><video controls src=\"https:\/\/eqtprev.com.br\/wp-content\/uploads\/2025\/04\/EQTPREV-ABRIL-REELS-02-Trim-Trim.mp4\"><\/video><\/figure><div class=\"wp-block-media-text__content\">\n<p><\/p>\n<\/div><\/div>\n\n\n\n<p class=\"has-white-background-color has-background\"><\/p>\n\n\n\n<p class=\"has-white-background-color has-background\"><\/p>\n","protected":false},"excerpt":{"rendered":"<p>Aten\u00e7\u00e3o, assistido(a): o seu Informe de Rendimentos para o Imposto de Renda j\u00e1 est\u00e1 dispon\u00edvel! Voc\u00ea pode acess\u00e1-lo de forma r\u00e1pida e segura diretamente pelo nosso portal ou, se preferir, solicitar ao nosso time de atendimento. \ud83d\udd0e Como acessar pelo portal? \ud83d\udd0e Como solicitar ao nosso time de atendimento? Entre em contato atrav\u00e9s do nosso [&hellip;]<\/p>\n","protected":false},"author":9,"featured_media":0,"parent":0,"menu_order":0,"comment_status":"closed","ping_status":"closed","template":"","meta":{"inline_featured_image":false,"footnotes":""},"class_list":["post-6962","page","type-page","status-publish","hentry"],"_links":{"self":[{"href":"https:\/\/eqtprev.com.br\/index.php\/wp-json\/wp\/v2\/pages\/6962","targetHints":{"allow":["GET"]}}],"collection":[{"href":"https:\/\/eqtprev.com.br\/index.php\/wp-json\/wp\/v2\/pages"}],"about":[{"href":"https:\/\/eqtprev.com.br\/index.php\/wp-json\/wp\/v2\/types\/page"}],"author":[{"embeddable":true,"href":"https:\/\/eqtprev.com.br\/index.php\/wp-json\/wp\/v2\/users\/9"}],"replies":[{"embeddable":true,"href":"https:\/\/eqtprev.com.br\/index.php\/wp-json\/wp\/v2\/comments?post=6962"}],"version-history":[{"count":9,"href":"https:\/\/eqtprev.com.br\/index.php\/wp-json\/wp\/v2\/pages\/6962\/revisions"}],"predecessor-version":[{"id":6976,"href":"https:\/\/eqtprev.com.br\/index.php\/wp-json\/wp\/v2\/pages\/6962\/revisions\/6976"}],"wp:attachment":[{"href":"https:\/\/eqtprev.com.br\/index.php\/wp-json\/wp\/v2\/media?parent=6962"}],"curies":[{"name":"wp","href":"https:\/\/api.w.org\/{rel}","templated":true}]}}