{"id":6706,"date":"2025-03-18T11:01:15","date_gmt":"2025-03-18T14:01:15","guid":{"rendered":"http:\/\/eqtprev.com.br\/?page_id=6706"},"modified":"2026-03-25T15:11:05","modified_gmt":"2026-03-25T18:11:05","slug":"aproveite-sua-plr-para-potencializar-seu-saldo","status":"publish","type":"page","link":"https:\/\/eqtprev.com.br\/index.php\/aproveite-sua-plr-para-potencializar-seu-saldo\/","title":{"rendered":"Aproveite sua PLR para Potencializar Seu Saldo!"},"content":{"rendered":"\t\t<div data-elementor-type=\"wp-page\" data-elementor-id=\"6706\" class=\"elementor elementor-6706\" data-elementor-post-type=\"page\">\n\t\t\t\t<div class=\"elementor-element elementor-element-16c3e201 e-flex e-con-boxed e-con e-parent\" data-id=\"16c3e201\" data-element_type=\"container\" data-e-type=\"container\">\n\t\t\t\t\t<div class=\"e-con-inner\">\n\t\t\t\t<div class=\"elementor-element elementor-element-9f3186 elementor-widget elementor-widget-text-editor\" data-id=\"9f3186\" data-element_type=\"widget\" data-e-type=\"widget\" data-widget_type=\"text-editor.default\">\n\t\t\t\t<div class=\"elementor-widget-container\">\n\t\t\t\t\t\t\t\t\t<h4 class=\"wp-block-image size-large\"><img fetchpriority=\"high\" decoding=\"async\" class=\"alignnone wp-image-8728 size-full\" src=\"https:\/\/eqtprev.com.br\/wp-content\/uploads\/2026\/03\/Case.png\" alt=\"\" width=\"1440\" height=\"400\" srcset=\"https:\/\/eqtprev.com.br\/wp-content\/uploads\/2026\/03\/Case.png 1440w, https:\/\/eqtprev.com.br\/wp-content\/uploads\/2026\/03\/Case-300x83.png 300w, https:\/\/eqtprev.com.br\/wp-content\/uploads\/2026\/03\/Case-1024x284.png 1024w, https:\/\/eqtprev.com.br\/wp-content\/uploads\/2026\/03\/Case-768x213.png 768w\" sizes=\"(max-width: 1440px) 100vw, 1440px\" \/><\/h4>\n<p><!-- \/wp:image --><!-- wp:paragraph {\"style\":{\"typography\":{\"fontSize\":\"23px\"}}} --><\/p>\n<p style=\"font-size: 23px;\">Quer reduzir seu Imposto de Renda e ainda fortalecer seu saldo na EQTPREV? Com o Aporte Extraordin\u00e1rio, voc\u00ea pode abater at\u00e9 12% da sua renda bruta, aproveitando o recebimento da sua PLR para maximizar esse benef\u00edcio fiscal em 2026!<\/p>\n<p style=\"font-size: 23px;\">\u00a0<\/p>\n<h4 style=\"font-size: 23px;\"><strong style=\"color: #0c6090; font-size: 25px; font-family: var( --e-global-typography-text-font-family ), Sans-serif; text-align: var(--text-align);\">Vantagens do Aporte Extraordin\u00e1rio <\/strong>(exclusivo para os participantes do Plano Equatorial CD)<\/h4>\n<p><!-- \/wp:paragraph --><!-- wp:list --><\/p>\n<ul class=\"wp-block-list\">\n<li style=\"list-style-type: none;\">\n<ul class=\"wp-block-list\"><!-- wp:list-item {\"fontSize\":\"medium\"} --><\/ul>\n<\/li>\n<\/ul>\n<ul class=\"wp-block-list\">\n<li style=\"list-style-type: none;\">\n<ul class=\"wp-block-list\">\n<li class=\"has-medium-font-size\"><strong>Redu\u00e7\u00e3o do Imposto de Renda:<\/strong><strong><br \/><\/strong> Ao direcionar parte da sua PLR para um aporte extraordin\u00e1rio, voc\u00ea pode deduzir at\u00e9 12% da sua renda bruta no Imposto de Renda. Isso significa menos impostos e mais economia para voc\u00ea. Imagine utilizar sua PLR para um investimento que gera retorno imediato no seu imposto!<\/li>\n<\/ul>\n<\/li>\n<\/ul>\n<p><!-- \/wp:list-item --><!-- wp:list-item {\"fontSize\":\"medium\"} --><\/p>\n<ul class=\"wp-block-list\">\n<li style=\"list-style-type: none;\">\n<ul class=\"wp-block-list\">\n<li class=\"has-medium-font-size\"><strong>Mais Saldo e Rentabilidade na Sua Conta:<\/strong><strong><br \/><\/strong> Al\u00e9m da economia fiscal, o valor aportado cresce com os rendimentos ao longo do tempo, aumentando o saldo dispon\u00edvel para benef\u00edcios como empr\u00e9stimos ou futuros objetivos financeiros. Cada aporte extra significa mais dinheiro em sua conta e melhores condi\u00e7\u00f5es financeiras para o futuro.<\/li>\n<\/ul>\n<\/li>\n<\/ul>\n<p><!-- \/wp:list-item --><!-- wp:list-item {\"fontSize\":\"medium\"} --><\/p>\n<ul class=\"wp-block-list\">\n<li style=\"list-style-type: none;\">\n<ul class=\"wp-block-list\">\n<li class=\"has-medium-font-size\"><strong>Potencialize Seus Ganhos ao Longo do Tempo:<\/strong><strong><br \/><\/strong> Com o tempo, o valor aportado rende, proporcionando um crescimento expressivo do saldo da sua reserva. Pequenos valores investidos hoje podem fazer uma diferen\u00e7a significativa na sua conta com o passar dos anos. Aproveite para plantar agora e colher no futuro!<\/li>\n<\/ul>\n<\/li>\n<\/ul>\n<p><!-- \/wp:list-item --><!-- wp:list-item {\"fontSize\":\"medium\"} --><\/p>\n<ul class=\"wp-block-list\">\n<li style=\"list-style-type: none;\">\n<ul class=\"wp-block-list\">\n<li class=\"has-medium-font-size\"><strong>Compense Contribui\u00e7\u00f5es Anteriores:<\/strong><strong><br \/><\/strong> Se voc\u00ea passou per\u00edodos sem contribuir, o aporte extraordin\u00e1rio \u00e9 uma excelente forma de compensar o tempo perdido e equilibrar seu saldo de forma r\u00e1pida e pr\u00e1tica.<\/li>\n<\/ul>\n<\/li>\n<\/ul>\n<p><!-- \/wp:list-item --><\/p>\n<p><!-- \/wp:list --><!-- wp:paragraph {\"backgroundColor\":\"white\"} --><\/p>\n<p><!-- \/wp:paragraph --><!-- wp:paragraph {\"style\":{\"color\":{\"text\":\"#0c6090\"},\"elements\":{\"link\":{\"color\":{\"text\":\"#0c6090\"}}},\"typography\":{\"fontSize\":\"25px\"}}} --><\/p>\n<h3 data-start=\"500\" data-end=\"531\"><span style=\"color: #0c6090;\"><strong data-start=\"503\" data-end=\"529\">Como fazer seu aporte?<\/strong><\/span><\/h3>\n<ul>\n<li data-start=\"533\" data-end=\"814\"><strong data-start=\"536\" data-end=\"565\">Aporte \u00danico (valor \u00fanico):<\/strong> Se deseja investir um valor de uma vez s\u00f3, basta preencher o <strong data-start=\"635\" data-end=\"663\">Formul\u00e1rio de Aporte \u00danico<\/strong> (abaixo).<br data-start=\"675\" data-end=\"678\" \/><em><span style=\"color: #003366;\">\u26a0\ufe0f Caso o valor do seu aporte seja superior a <strong data-start=\"724\" data-end=\"739\">R$10.000,00<\/strong>, ser\u00e1 necess\u00e1rio preencher tamb\u00e9m o <strong data-start=\"776\" data-end=\"811\">Formul\u00e1rio de Origem de Recurso<\/strong>.<\/span><\/em><\/li>\n<li data-start=\"533\" data-end=\"814\"><strong data-start=\"819\" data-end=\"850\">Aporte Mensal (valor fixo):<\/strong> Se prefere investir um valor fixo todos os meses direto da sua folha de pagamento, basta preencher o <strong data-start=\"952\" data-end=\"983\">Formul\u00e1rio de Aporte Mensal<\/strong>, informando o per\u00edodo desejado para o desconto.<\/li>\n<\/ul>\n<ul>\n<li data-start=\"816\" data-end=\"1033\"><strong>Envie para a EQTPREV:<\/strong> Ap\u00f3s preencher, entre em contato com a nossa equipe atrav\u00e9s dos canais de atendimento da EQTPREV para enviar o formul\u00e1rio e concluir o aporte: <span style=\"color: #333333;\"><strong>(98) 3217-2218 <\/strong><\/span><em>(Whatsapp)<\/em>\u00a0ou <strong>eqtprev@eqtprev.com.br<\/strong><\/li>\n<\/ul>\n<h4 data-start=\"1035\" data-end=\"1070\"><strong data-start=\"1038\" data-end=\"1068\">\u00a0<\/strong><span style=\"color: #0c6090;\"><strong data-start=\"1038\" data-end=\"1068\">Formul\u00e1rios para Download:<\/strong><\/span><\/h4>\n<p data-start=\"1072\" data-end=\"1207\"><span style=\"color: #333399;\">\ud83d\udcc4 <a style=\"color: #333399;\" href=\"http:\/\/eqtprev.com.br\/wp-content\/uploads\/2024\/11\/Formulario-de-Aporte-Extraordinario-PIX-BOLETO-TRANSFERENCIA.pdf\" target=\"_blank\" rel=\"noopener\" data-start=\"1075\" data-end=\"1111\">Baixar Formul\u00e1rio de Aporte \u00danico<\/a><\/span><br data-start=\"1111\" data-end=\"1114\" \/><span style=\"color: #333399;\">\ud83d\udcc4 <a style=\"color: #333399;\" href=\"http:\/\/eqtprev.com.br\/wp-content\/uploads\/2025\/03\/Termo-de-autorizacao-desconto-mensal-em-folha-Aporte-Extraordinario-EQTL.pdf\" target=\"_blank\" rel=\"noopener\" data-start=\"1117\" data-end=\"1156\">Baixar Formul\u00e1rio de Aporte Mensal<\/a><\/span><br data-start=\"1156\" data-end=\"1159\" \/><span style=\"color: #333399;\">\ud83d\udcc4 <a style=\"color: #333399;\" href=\"https:\/\/eqtprev.com.br\/wp-content\/uploads\/2025\/12\/Declaracao-de-Origem-de-Recursos-2025.pdf\" target=\"_blank\" rel=\"noopener\" data-start=\"1162\" data-end=\"1205\">Baixar Formul\u00e1rio de Origem de Recurso<\/a><\/span><\/p>\n<p><!-- \/wp:paragraph --><\/p>\t\t\t\t\t\t\t\t<\/div>\n\t\t\t\t<\/div>\n\t\t\t\t<div class=\"elementor-element elementor-element-a94b256 elementor-widget__width-initial elementor-widget elementor-widget-text-editor\" data-id=\"a94b256\" data-element_type=\"widget\" data-e-type=\"widget\" data-widget_type=\"text-editor.default\">\n\t\t\t\t<div class=\"elementor-widget-container\">\n\t\t\t\t\t\t\t\t\t<p class=\"has-medium-font-size\"><a class=\"wp-block-button__link has-vivid-green-cyan-background-color has-background wp-element-button\" href=\"https:\/\/wa.me\/559832172218\" target=\"_blank\" rel=\"noopener\"><strong>Whatsapp de Atendimento<\/strong><\/a><\/p>\t\t\t\t\t\t\t\t<\/div>\n\t\t\t\t<\/div>\n\t\t\t\t\t<\/div>\n\t\t\t\t<\/div>\n\t\t<div class=\"elementor-element elementor-element-4988665 e-flex e-con-boxed e-con e-parent\" data-id=\"4988665\" data-element_type=\"container\" data-e-type=\"container\">\n\t\t\t\t\t<div class=\"e-con-inner\">\n\t\t\t\t<div class=\"elementor-element elementor-element-82bb19d elementor-widget__width-initial elementor-widget elementor-widget-video\" data-id=\"82bb19d\" data-element_type=\"widget\" data-e-type=\"widget\" data-settings=\"{&quot;youtube_url&quot;:&quot;https:\\\/\\\/youtu.be\\\/yGr7yNKRKRw?si=r14EI4BVfOVhNsMP&quot;,&quot;video_type&quot;:&quot;youtube&quot;,&quot;controls&quot;:&quot;yes&quot;}\" data-widget_type=\"video.default\">\n\t\t\t\t<div class=\"elementor-widget-container\">\n\t\t\t\t\t\t\t<div class=\"elementor-wrapper elementor-open-inline\">\n\t\t\t<div class=\"elementor-video\"><\/div>\t\t<\/div>\n\t\t\t\t\t\t<\/div>\n\t\t\t\t<\/div>\n\t\t\t\t\t<\/div>\n\t\t\t\t<\/div>\n\t\t<div class=\"elementor-element elementor-element-0e8dc32 e-flex e-con-boxed e-con e-parent\" data-id=\"0e8dc32\" data-element_type=\"container\" data-e-type=\"container\">\n\t\t\t\t\t<div class=\"e-con-inner\">\n\t\t\t\t<div class=\"elementor-element elementor-element-f497d90 elementor-widget elementor-widget-text-editor\" data-id=\"f497d90\" data-element_type=\"widget\" data-e-type=\"widget\" data-widget_type=\"text-editor.default\">\n\t\t\t\t<div class=\"elementor-widget-container\">\n\t\t\t\t\t\t\t\t\t<p class=\"has-medium-font-size\">\u00a0<\/p>\n<p class=\"has-medium-font-size\">D\u00favidas? Fale conosco atrav\u00e9s do e-mail eqtprev@eqtprev.com.br ou atrav\u00e9s do nosso n\u00famero de whatsapp para atendimento:<\/p>\n<p><!-- \/wp:paragraph --><!-- wp:buttons --><\/p>\n<div class=\"wp-block-buttons\">\n<div class=\"wp-block-button has-custom-width wp-block-button__width-50 is-style-outline\"><a class=\"wp-block-button__link has-vivid-green-cyan-background-color has-background wp-element-button\" href=\"https:\/\/wa.me\/559832172218\"><strong>Whatsapp de Atendimento<\/strong><\/a><\/div>\n<\/div>\n<div>\u00a0<\/div>\n<div>\u00a0<\/div>\t\t\t\t\t\t\t\t<\/div>\n\t\t\t\t<\/div>\n\t\t\t\t\t<\/div>\n\t\t\t\t<\/div>\n\t\t\t\t<\/div>\n\t\t","protected":false},"excerpt":{"rendered":"<p>Quer reduzir seu Imposto de Renda e ainda fortalecer seu saldo na EQTPREV? Com o Aporte Extraordin\u00e1rio, voc\u00ea pode abater at\u00e9 12% da sua renda bruta, aproveitando o recebimento da sua PLR para maximizar esse benef\u00edcio fiscal em 2026! \u00a0 Vantagens do Aporte Extraordin\u00e1rio (exclusivo para os participantes do Plano Equatorial CD) Redu\u00e7\u00e3o do Imposto [&hellip;]<\/p>\n","protected":false},"author":9,"featured_media":0,"parent":0,"menu_order":0,"comment_status":"closed","ping_status":"closed","template":"","meta":{"inline_featured_image":false,"footnotes":""},"class_list":["post-6706","page","type-page","status-publish","hentry"],"_links":{"self":[{"href":"https:\/\/eqtprev.com.br\/index.php\/wp-json\/wp\/v2\/pages\/6706","targetHints":{"allow":["GET"]}}],"collection":[{"href":"https:\/\/eqtprev.com.br\/index.php\/wp-json\/wp\/v2\/pages"}],"about":[{"href":"https:\/\/eqtprev.com.br\/index.php\/wp-json\/wp\/v2\/types\/page"}],"author":[{"embeddable":true,"href":"https:\/\/eqtprev.com.br\/index.php\/wp-json\/wp\/v2\/users\/9"}],"replies":[{"embeddable":true,"href":"https:\/\/eqtprev.com.br\/index.php\/wp-json\/wp\/v2\/comments?post=6706"}],"version-history":[{"count":129,"href":"https:\/\/eqtprev.com.br\/index.php\/wp-json\/wp\/v2\/pages\/6706\/revisions"}],"predecessor-version":[{"id":8773,"href":"https:\/\/eqtprev.com.br\/index.php\/wp-json\/wp\/v2\/pages\/6706\/revisions\/8773"}],"wp:attachment":[{"href":"https:\/\/eqtprev.com.br\/index.php\/wp-json\/wp\/v2\/media?parent=6706"}],"curies":[{"name":"wp","href":"https:\/\/api.w.org\/{rel}","templated":true}]}}