{"id":6560,"date":"2025-02-21T19:07:48","date_gmt":"2025-02-21T22:07:48","guid":{"rendered":"http:\/\/eqtprev.com.br\/?page_id=6560"},"modified":"2025-07-03T17:19:23","modified_gmt":"2025-07-03T20:19:23","slug":"alteracao-do-estatuto-da-eqtprev","status":"publish","type":"page","link":"https:\/\/eqtprev.com.br\/index.php\/alteracao-do-estatuto-da-eqtprev\/","title":{"rendered":"Altera\u00e7\u00e3o do Estatuto da EQTPREV"},"content":{"rendered":"\t\t<div data-elementor-type=\"wp-page\" data-elementor-id=\"6560\" class=\"elementor elementor-6560\" data-elementor-post-type=\"page\">\n\t\t\t\t<div class=\"elementor-element elementor-element-78eb211 e-flex e-con-boxed e-con e-parent\" data-id=\"78eb211\" data-element_type=\"container\" data-e-type=\"container\">\n\t\t\t\t\t<div class=\"e-con-inner\">\n\t\t<div class=\"elementor-element elementor-element-0f1af70 e-con-full e-flex e-con e-child\" data-id=\"0f1af70\" data-element_type=\"container\" data-e-type=\"container\">\n\t\t\t\t<div class=\"elementor-element elementor-element-045b470 elementor-widget elementor-widget-heading\" data-id=\"045b470\" data-element_type=\"widget\" data-e-type=\"widget\" data-widget_type=\"heading.default\">\n\t\t\t\t<div class=\"elementor-widget-container\">\n\t\t\t\t\t<h2 class=\"elementor-heading-title elementor-size-default\">Altera\u00e7\u00e3o do Estatuto da EQTPREV<\/h2>\t\t\t\t<\/div>\n\t\t\t\t<\/div>\n\t\t\t\t<\/div>\n\t\t\t\t\t<\/div>\n\t\t\t\t<\/div>\n\t\t<div class=\"elementor-element elementor-element-6bcbb6d e-flex e-con-boxed e-con e-parent\" data-id=\"6bcbb6d\" data-element_type=\"container\" data-e-type=\"container\">\n\t\t\t\t\t<div class=\"e-con-inner\">\n\t\t\t\t<div class=\"elementor-element elementor-element-d0f700a elementor-widget elementor-widget-text-editor\" data-id=\"d0f700a\" data-element_type=\"widget\" data-e-type=\"widget\" data-widget_type=\"text-editor.default\">\n\t\t\t\t<div class=\"elementor-widget-container\">\n\t\t\t\t\t\t\t\t\t<h5><span style=\"color: #333333;\">A EQTPREV informa que a proposta de altera\u00e7\u00e3o do seu Estatuto foi aprovada pelo Conselho Deliberativo, na reuni\u00e3o realizada no dia 20 de fevereiro de 2025.<\/span><\/h5><h5><span style=\"color: #333333;\">A referida altera\u00e7\u00e3o, tem como objetivo principal estender a possibilidade de recondu\u00e7\u00f5es, atualmente prevista para os membros do Conselho Deliberativo e da Diretoria Executiva, tamb\u00e9m, para os conselheiros fiscais.<\/span><\/h5><h5>A altera\u00e7\u00e3o estatut\u00e1ria foi submetida e aprovada pela Previc.<\/h5><h5><span style=\"color: #333333;\">Em cumprimento ao disposto no artigo 152, I da Resolu\u00e7\u00e3o Previc n\u00ba 23, de 14 de agosto de 2023, a EQTPREV disponibiliza, no link abaixo, o <strong data-start=\"741\" data-end=\"764\">Estatuto atualizado<\/strong> aos seus participantes e assistidos:<\/span><\/h5><h5><span style=\"color: #333333;\">\ud83d\udcc4 <a href=\"http:\/\/eqtprev.com.br\/wp-content\/uploads\/2025\/07\/Estatuto-Social-EQTPREV.pdf\" target=\"_blank\" rel=\"noopener\"><span style=\"color: #3366ff;\"><strong data-start=\"1053\" data-end=\"1102\">Clique aqui para acessar o Estatuto aprovado.<\/strong><\/span><\/a><\/span><\/h5><h5 data-start=\"1134\" data-end=\"1218\"><span style=\"color: #333333;\">Caso tenha d\u00favidas, nossa equipe de atendimento est\u00e1 \u00e0 disposi\u00e7\u00e3o para auxili\u00e1-lo.<\/span><\/h5>\t\t\t\t\t\t\t\t<\/div>\n\t\t\t\t<\/div>\n\t\t\t\t\t<\/div>\n\t\t\t\t<\/div>\n\t\t<div class=\"elementor-element elementor-element-a4edae7 e-flex e-con-boxed e-con e-parent\" data-id=\"a4edae7\" data-element_type=\"container\" data-e-type=\"container\">\n\t\t\t\t\t<div class=\"e-con-inner\">\n\t\t<div class=\"elementor-element elementor-element-49c8521 e-con-full e-flex e-con e-child\" data-id=\"49c8521\" data-element_type=\"container\" data-e-type=\"container\">\n\t\t<div class=\"elementor-element elementor-element-b136f0d e-con-full e-flex e-con e-child\" data-id=\"b136f0d\" data-element_type=\"container\" data-e-type=\"container\">\n\t\t<div class=\"elementor-element elementor-element-c333587 e-con-full e-flex e-con e-child\" data-id=\"c333587\" data-element_type=\"container\" data-e-type=\"container\">\n\t\t<div class=\"elementor-element elementor-element-186238d e-flex e-con-boxed e-con e-child\" data-id=\"186238d\" data-element_type=\"container\" data-e-type=\"container\" data-settings=\"{&quot;background_background&quot;:&quot;classic&quot;}\">\n\t\t\t\t\t<div class=\"e-con-inner\">\n\t\t\t\t<div class=\"elementor-element elementor-element-ba8566c elementor-widget elementor-widget-heading\" data-id=\"ba8566c\" data-element_type=\"widget\" data-e-type=\"widget\" data-widget_type=\"heading.default\">\n\t\t\t\t<div class=\"elementor-widget-container\">\n\t\t\t\t\t<h2 class=\"elementor-heading-title elementor-size-default\"><a href=\"https:\/\/eqtprev.com.br\/index.php\/incorporacao-eletra\/\">Incorpora\u00e7\u00e3o ELETRA<\/a><\/h2>\t\t\t\t<\/div>\n\t\t\t\t<\/div>\n\t\t\t\t<div class=\"elementor-element elementor-element-6449738 elementor-view-default elementor-widget elementor-widget-icon\" data-id=\"6449738\" data-element_type=\"widget\" data-e-type=\"widget\" data-widget_type=\"icon.default\">\n\t\t\t\t<div class=\"elementor-widget-container\">\n\t\t\t\t\t\t\t<div class=\"elementor-icon-wrapper\">\n\t\t\t<a class=\"elementor-icon\" href=\"https:\/\/eqtprev.com.br\/index.php\/incorporacao-eletra\/\">\n\t\t\t<svg xmlns=\"http:\/\/www.w3.org\/2000\/svg\" width=\"24\" height=\"24\" viewBox=\"0 0 24 24\" fill=\"none\"><g id=\"call_made\"><mask id=\"mask0_1392_17308\" style=\"mask-type:alpha\" maskUnits=\"userSpaceOnUse\" x=\"0\" y=\"0\" width=\"24\" height=\"24\"><rect id=\"Bounding box\" width=\"24\" height=\"24\" fill=\"#D9D9D9\"><\/rect><\/mask><g mask=\"url(#mask0_1392_17308)\"><path id=\"call_made_2\" d=\"M5.55383 19.5L4.5 18.4461L15.9461 6.99998H8.99997V5.5H18.5V15H17V8.0538L5.55383 19.5Z\" fill=\"#47738F\"><\/path><\/g><\/g><\/svg>\t\t\t<\/a>\n\t\t<\/div>\n\t\t\t\t\t\t<\/div>\n\t\t\t\t<\/div>\n\t\t\t\t\t<\/div>\n\t\t\t\t<\/div>\n\t\t<div class=\"elementor-element elementor-element-4126cf3 e-flex e-con-boxed e-con e-child\" data-id=\"4126cf3\" data-element_type=\"container\" data-e-type=\"container\" data-settings=\"{&quot;background_background&quot;:&quot;classic&quot;}\">\n\t\t\t\t\t<div class=\"e-con-inner\">\n\t\t\t\t<div class=\"elementor-element elementor-element-9a75fb7 elementor-widget elementor-widget-heading\" data-id=\"9a75fb7\" data-element_type=\"widget\" data-e-type=\"widget\" data-widget_type=\"heading.default\">\n\t\t\t\t<div class=\"elementor-widget-container\">\n\t\t\t\t\t<h2 class=\"elementor-heading-title elementor-size-default\"><a href=\"https:\/\/eqtprev.com.br\/index.php\/atas\/\">Atas<\/a><\/h2>\t\t\t\t<\/div>\n\t\t\t\t<\/div>\n\t\t\t\t<div class=\"elementor-element elementor-element-6345f57 elementor-view-default elementor-widget elementor-widget-icon\" data-id=\"6345f57\" data-element_type=\"widget\" data-e-type=\"widget\" data-widget_type=\"icon.default\">\n\t\t\t\t<div class=\"elementor-widget-container\">\n\t\t\t\t\t\t\t<div class=\"elementor-icon-wrapper\">\n\t\t\t<a class=\"elementor-icon\" href=\"https:\/\/eqtprev.com.br\/index.php\/atas\/\">\n\t\t\t<svg xmlns=\"http:\/\/www.w3.org\/2000\/svg\" width=\"24\" height=\"24\" viewBox=\"0 0 24 24\" fill=\"none\"><g id=\"call_made\"><mask id=\"mask0_1392_17308\" style=\"mask-type:alpha\" maskUnits=\"userSpaceOnUse\" x=\"0\" y=\"0\" width=\"24\" height=\"24\"><rect id=\"Bounding box\" width=\"24\" height=\"24\" fill=\"#D9D9D9\"><\/rect><\/mask><g mask=\"url(#mask0_1392_17308)\"><path id=\"call_made_2\" d=\"M5.55383 19.5L4.5 18.4461L15.9461 6.99998H8.99997V5.5H18.5V15H17V8.0538L5.55383 19.5Z\" fill=\"#47738F\"><\/path><\/g><\/g><\/svg>\t\t\t<\/a>\n\t\t<\/div>\n\t\t\t\t\t\t<\/div>\n\t\t\t\t<\/div>\n\t\t\t\t\t<\/div>\n\t\t\t\t<\/div>\n\t\t<div class=\"elementor-element elementor-element-dd9c164 e-flex e-con-boxed e-con e-child\" data-id=\"dd9c164\" data-element_type=\"container\" data-e-type=\"container\" data-settings=\"{&quot;background_background&quot;:&quot;classic&quot;}\">\n\t\t\t\t\t<div class=\"e-con-inner\">\n\t\t\t\t<div class=\"elementor-element elementor-element-8e14ee6 elementor-widget elementor-widget-heading\" data-id=\"8e14ee6\" data-element_type=\"widget\" data-e-type=\"widget\" data-widget_type=\"heading.default\">\n\t\t\t\t<div class=\"elementor-widget-container\">\n\t\t\t\t\t<h2 class=\"elementor-heading-title elementor-size-default\"><a href=\"https:\/\/eqtprev.com.br\/index.php\/boletim-economico\/\">Boletim Econ\u00f4mico<\/a><\/h2>\t\t\t\t<\/div>\n\t\t\t\t<\/div>\n\t\t\t\t<div class=\"elementor-element elementor-element-d58f090 elementor-view-default elementor-widget elementor-widget-icon\" data-id=\"d58f090\" data-element_type=\"widget\" data-e-type=\"widget\" data-widget_type=\"icon.default\">\n\t\t\t\t<div class=\"elementor-widget-container\">\n\t\t\t\t\t\t\t<div class=\"elementor-icon-wrapper\">\n\t\t\t<a class=\"elementor-icon\" href=\"https:\/\/eqtprev.com.br\/index.php\/boletim-economico\/\">\n\t\t\t<svg xmlns=\"http:\/\/www.w3.org\/2000\/svg\" width=\"24\" height=\"24\" viewBox=\"0 0 24 24\" fill=\"none\"><g id=\"call_made\"><mask id=\"mask0_1392_17308\" style=\"mask-type:alpha\" maskUnits=\"userSpaceOnUse\" x=\"0\" y=\"0\" width=\"24\" height=\"24\"><rect id=\"Bounding box\" width=\"24\" height=\"24\" fill=\"#D9D9D9\"><\/rect><\/mask><g mask=\"url(#mask0_1392_17308)\"><path id=\"call_made_2\" d=\"M5.55383 19.5L4.5 18.4461L15.9461 6.99998H8.99997V5.5H18.5V15H17V8.0538L5.55383 19.5Z\" fill=\"#47738F\"><\/path><\/g><\/g><\/svg>\t\t\t<\/a>\n\t\t<\/div>\n\t\t\t\t\t\t<\/div>\n\t\t\t\t<\/div>\n\t\t\t\t\t<\/div>\n\t\t\t\t<\/div>\n\t\t\t\t<\/div>\n\t\t<div class=\"elementor-element elementor-element-439a443 e-con-full e-flex e-con e-child\" data-id=\"439a443\" data-element_type=\"container\" data-e-type=\"container\">\n\t\t<div class=\"elementor-element elementor-element-381c115 e-flex e-con-boxed e-con e-child\" data-id=\"381c115\" data-element_type=\"container\" data-e-type=\"container\" data-settings=\"{&quot;background_background&quot;:&quot;classic&quot;}\">\n\t\t\t\t\t<div class=\"e-con-inner\">\n\t\t\t\t<div class=\"elementor-element elementor-element-f52f5b1 elementor-widget elementor-widget-heading\" data-id=\"f52f5b1\" data-element_type=\"widget\" data-e-type=\"widget\" data-widget_type=\"heading.default\">\n\t\t\t\t<div class=\"elementor-widget-container\">\n\t\t\t\t\t<h2 class=\"elementor-heading-title elementor-size-default\"><a href=\"https:\/\/eqtprev.com.br\/index.php\/demonstracoes-atuarias\/\">Demonstra\u00e7\u00f5es Atuariais<\/a><\/h2>\t\t\t\t<\/div>\n\t\t\t\t<\/div>\n\t\t\t\t<div class=\"elementor-element elementor-element-de90da2 elementor-view-default elementor-widget elementor-widget-icon\" data-id=\"de90da2\" data-element_type=\"widget\" data-e-type=\"widget\" data-widget_type=\"icon.default\">\n\t\t\t\t<div class=\"elementor-widget-container\">\n\t\t\t\t\t\t\t<div class=\"elementor-icon-wrapper\">\n\t\t\t<a class=\"elementor-icon\" href=\"https:\/\/eqtprev.com.br\/index.php\/demonstracoes-atuarias\/\">\n\t\t\t<svg xmlns=\"http:\/\/www.w3.org\/2000\/svg\" width=\"24\" height=\"24\" viewBox=\"0 0 24 24\" fill=\"none\"><g id=\"call_made\"><mask id=\"mask0_1392_17308\" style=\"mask-type:alpha\" maskUnits=\"userSpaceOnUse\" x=\"0\" y=\"0\" width=\"24\" height=\"24\"><rect id=\"Bounding box\" width=\"24\" height=\"24\" fill=\"#D9D9D9\"><\/rect><\/mask><g mask=\"url(#mask0_1392_17308)\"><path id=\"call_made_2\" d=\"M5.55383 19.5L4.5 18.4461L15.9461 6.99998H8.99997V5.5H18.5V15H17V8.0538L5.55383 19.5Z\" fill=\"#47738F\"><\/path><\/g><\/g><\/svg>\t\t\t<\/a>\n\t\t<\/div>\n\t\t\t\t\t\t<\/div>\n\t\t\t\t<\/div>\n\t\t\t\t\t<\/div>\n\t\t\t\t<\/div>\n\t\t<div class=\"elementor-element elementor-element-10d9be7 e-flex e-con-boxed e-con e-child\" data-id=\"10d9be7\" data-element_type=\"container\" data-e-type=\"container\" data-settings=\"{&quot;background_background&quot;:&quot;classic&quot;}\">\n\t\t\t\t\t<div class=\"e-con-inner\">\n\t\t\t\t<div class=\"elementor-element elementor-element-0a61342 elementor-widget elementor-widget-heading\" data-id=\"0a61342\" data-element_type=\"widget\" data-e-type=\"widget\" data-widget_type=\"heading.default\">\n\t\t\t\t<div class=\"elementor-widget-container\">\n\t\t\t\t\t<h2 class=\"elementor-heading-title elementor-size-default\"><a href=\"https:\/\/eqtprev.com.br\/index.php\/parceiros\/\">Parceiros<\/a><\/h2>\t\t\t\t<\/div>\n\t\t\t\t<\/div>\n\t\t\t\t<div class=\"elementor-element elementor-element-005f9c8 elementor-view-default elementor-widget elementor-widget-icon\" data-id=\"005f9c8\" data-element_type=\"widget\" data-e-type=\"widget\" data-widget_type=\"icon.default\">\n\t\t\t\t<div class=\"elementor-widget-container\">\n\t\t\t\t\t\t\t<div class=\"elementor-icon-wrapper\">\n\t\t\t<a class=\"elementor-icon\" href=\"https:\/\/eqtprev.com.br\/index.php\/parceiros\/\">\n\t\t\t<svg xmlns=\"http:\/\/www.w3.org\/2000\/svg\" width=\"24\" height=\"24\" viewBox=\"0 0 24 24\" fill=\"none\"><g id=\"call_made\"><mask id=\"mask0_1392_17308\" style=\"mask-type:alpha\" maskUnits=\"userSpaceOnUse\" x=\"0\" y=\"0\" width=\"24\" height=\"24\"><rect id=\"Bounding box\" width=\"24\" height=\"24\" fill=\"#D9D9D9\"><\/rect><\/mask><g mask=\"url(#mask0_1392_17308)\"><path id=\"call_made_2\" d=\"M5.55383 19.5L4.5 18.4461L15.9461 6.99998H8.99997V5.5H18.5V15H17V8.0538L5.55383 19.5Z\" fill=\"#47738F\"><\/path><\/g><\/g><\/svg>\t\t\t<\/a>\n\t\t<\/div>\n\t\t\t\t\t\t<\/div>\n\t\t\t\t<\/div>\n\t\t\t\t\t<\/div>\n\t\t\t\t<\/div>\n\t\t<div class=\"elementor-element elementor-element-f9f4f5e e-flex e-con-boxed e-con e-child\" data-id=\"f9f4f5e\" data-element_type=\"container\" data-e-type=\"container\" data-settings=\"{&quot;background_background&quot;:&quot;classic&quot;}\">\n\t\t\t\t\t<div class=\"e-con-inner\">\n\t\t\t\t<div class=\"elementor-element elementor-element-9ca040c elementor-widget elementor-widget-heading\" data-id=\"9ca040c\" data-element_type=\"widget\" data-e-type=\"widget\" data-widget_type=\"heading.default\">\n\t\t\t\t<div class=\"elementor-widget-container\">\n\t\t\t\t\t<h2 class=\"elementor-heading-title elementor-size-default\"><a href=\"https:\/\/eqtprev.com.br\/index.php\/incorporacao-plano-equatorial\/\">Incorpora\u00e7\u00e3o Plano Equatorial<\/a><\/h2>\t\t\t\t<\/div>\n\t\t\t\t<\/div>\n\t\t\t\t<div class=\"elementor-element elementor-element-2964aa9 elementor-view-default elementor-widget elementor-widget-icon\" data-id=\"2964aa9\" data-element_type=\"widget\" data-e-type=\"widget\" data-widget_type=\"icon.default\">\n\t\t\t\t<div class=\"elementor-widget-container\">\n\t\t\t\t\t\t\t<div class=\"elementor-icon-wrapper\">\n\t\t\t<a class=\"elementor-icon\" href=\"https:\/\/eqtprev.com.br\/index.php\/incorporacao-plano-equatorial\/\">\n\t\t\t<svg xmlns=\"http:\/\/www.w3.org\/2000\/svg\" width=\"24\" height=\"24\" viewBox=\"0 0 24 24\" fill=\"none\"><g id=\"call_made\"><mask id=\"mask0_1392_17308\" style=\"mask-type:alpha\" maskUnits=\"userSpaceOnUse\" x=\"0\" y=\"0\" width=\"24\" height=\"24\"><rect id=\"Bounding box\" width=\"24\" height=\"24\" fill=\"#D9D9D9\"><\/rect><\/mask><g mask=\"url(#mask0_1392_17308)\"><path id=\"call_made_2\" d=\"M5.55383 19.5L4.5 18.4461L15.9461 6.99998H8.99997V5.5H18.5V15H17V8.0538L5.55383 19.5Z\" fill=\"#47738F\"><\/path><\/g><\/g><\/svg>\t\t\t<\/a>\n\t\t<\/div>\n\t\t\t\t\t\t<\/div>\n\t\t\t\t<\/div>\n\t\t\t\t\t<\/div>\n\t\t\t\t<\/div>\n\t\t\t\t<\/div>\n\t\t<div class=\"elementor-element elementor-element-3166f30 e-con-full e-flex e-con e-child\" data-id=\"3166f30\" data-element_type=\"container\" data-e-type=\"container\">\n\t\t<div class=\"elementor-element elementor-element-2995426 e-con-full e-flex e-con e-child\" data-id=\"2995426\" data-element_type=\"container\" data-e-type=\"container\" data-settings=\"{&quot;background_background&quot;:&quot;classic&quot;}\">\n\t\t\t\t<div class=\"elementor-element elementor-element-ae22076 elementor-widget elementor-widget-heading\" data-id=\"ae22076\" data-element_type=\"widget\" data-e-type=\"widget\" data-widget_type=\"heading.default\">\n\t\t\t\t<div class=\"elementor-widget-container\">\n\t\t\t\t\t<h2 class=\"elementor-heading-title elementor-size-default\"><a href=\"https:\/\/eqtprev.com.br\/index.php\/incorporacao-facepi-e-faceal\/\">Incorpora\u00e7\u00e3o FACEPI e FACEAL<\/a><\/h2>\t\t\t\t<\/div>\n\t\t\t\t<\/div>\n\t\t\t\t<div class=\"elementor-element elementor-element-9b7f143 elementor-view-default elementor-widget elementor-widget-icon\" data-id=\"9b7f143\" data-element_type=\"widget\" data-e-type=\"widget\" data-widget_type=\"icon.default\">\n\t\t\t\t<div class=\"elementor-widget-container\">\n\t\t\t\t\t\t\t<div class=\"elementor-icon-wrapper\">\n\t\t\t<a class=\"elementor-icon\" href=\"https:\/\/eqtprev.com.br\/index.php\/incorporacao-facepi-e-faceal\/\">\n\t\t\t<svg xmlns=\"http:\/\/www.w3.org\/2000\/svg\" width=\"24\" height=\"24\" viewBox=\"0 0 24 24\" fill=\"none\"><g id=\"call_made\"><mask id=\"mask0_1051_11865\" style=\"mask-type:alpha\" maskUnits=\"userSpaceOnUse\" x=\"0\" y=\"0\" width=\"24\" height=\"24\"><rect id=\"Bounding box\" width=\"24\" height=\"24\" fill=\"#D9D9D9\"><\/rect><\/mask><g mask=\"url(#mask0_1051_11865)\"><path id=\"call_made_2\" d=\"M5.55383 19.5L4.5 18.4461L15.9461 6.99998H8.99997V5.5H18.5V15H17V8.0538L5.55383 19.5Z\" fill=\"#043D5D\"><\/path><\/g><\/g><\/svg>\t\t\t<\/a>\n\t\t<\/div>\n\t\t\t\t\t\t<\/div>\n\t\t\t\t<\/div>\n\t\t\t\t<\/div>\n\t\t<div class=\"elementor-element elementor-element-4c4d34f e-con-full e-flex e-con e-child\" data-id=\"4c4d34f\" data-element_type=\"container\" data-e-type=\"container\" data-settings=\"{&quot;background_background&quot;:&quot;classic&quot;}\">\n\t\t\t\t<div class=\"elementor-element elementor-element-fcaa125 elementor-widget elementor-widget-heading\" data-id=\"fcaa125\" data-element_type=\"widget\" data-e-type=\"widget\" data-widget_type=\"heading.default\">\n\t\t\t\t<div class=\"elementor-widget-container\">\n\t\t\t\t\t<h2 class=\"elementor-heading-title elementor-size-default\"><a href=\"https:\/\/eqtprev.com.br\/index.php\/relatorios-anuais\/\">Relat\u00f3rios Anuais<\/a><\/h2>\t\t\t\t<\/div>\n\t\t\t\t<\/div>\n\t\t\t\t<div class=\"elementor-element elementor-element-cd8ee2f elementor-view-default elementor-widget elementor-widget-icon\" data-id=\"cd8ee2f\" data-element_type=\"widget\" data-e-type=\"widget\" data-widget_type=\"icon.default\">\n\t\t\t\t<div class=\"elementor-widget-container\">\n\t\t\t\t\t\t\t<div class=\"elementor-icon-wrapper\">\n\t\t\t<a class=\"elementor-icon\" href=\"https:\/\/eqtprev.com.br\/index.php\/relatorios-anuais\/\">\n\t\t\t<svg xmlns=\"http:\/\/www.w3.org\/2000\/svg\" width=\"24\" height=\"24\" viewBox=\"0 0 24 24\" fill=\"none\"><g id=\"call_made\"><mask id=\"mask0_1051_11865\" style=\"mask-type:alpha\" maskUnits=\"userSpaceOnUse\" x=\"0\" y=\"0\" width=\"24\" height=\"24\"><rect id=\"Bounding box\" width=\"24\" height=\"24\" fill=\"#D9D9D9\"><\/rect><\/mask><g mask=\"url(#mask0_1051_11865)\"><path id=\"call_made_2\" d=\"M5.55383 19.5L4.5 18.4461L15.9461 6.99998H8.99997V5.5H18.5V15H17V8.0538L5.55383 19.5Z\" fill=\"#043D5D\"><\/path><\/g><\/g><\/svg>\t\t\t<\/a>\n\t\t<\/div>\n\t\t\t\t\t\t<\/div>\n\t\t\t\t<\/div>\n\t\t\t\t<\/div>\n\t\t<div class=\"elementor-element elementor-element-0485726 e-con-full e-flex e-con e-child\" data-id=\"0485726\" data-element_type=\"container\" data-e-type=\"container\" data-settings=\"{&quot;background_background&quot;:&quot;classic&quot;}\">\n\t\t\t\t<div class=\"elementor-element elementor-element-7601997 elementor-widget elementor-widget-heading\" data-id=\"7601997\" data-element_type=\"widget\" data-e-type=\"widget\" data-widget_type=\"heading.default\">\n\t\t\t\t<div class=\"elementor-widget-container\">\n\t\t\t\t\t<h2 class=\"elementor-heading-title elementor-size-default\"><a href=\"https:\/\/eqtprev.com.br\/index.php\/painel-da-transparencia\/\">Painel da Transpar\u00eancia<\/a><\/h2>\t\t\t\t<\/div>\n\t\t\t\t<\/div>\n\t\t\t\t<div class=\"elementor-element elementor-element-119b04c elementor-view-default elementor-widget elementor-widget-icon\" data-id=\"119b04c\" data-element_type=\"widget\" data-e-type=\"widget\" data-widget_type=\"icon.default\">\n\t\t\t\t<div class=\"elementor-widget-container\">\n\t\t\t\t\t\t\t<div class=\"elementor-icon-wrapper\">\n\t\t\t<a class=\"elementor-icon\" href=\"https:\/\/eqtprev.com.br\/index.php\/painel-da-transparencia\/\">\n\t\t\t<svg xmlns=\"http:\/\/www.w3.org\/2000\/svg\" width=\"24\" height=\"24\" viewBox=\"0 0 24 24\" fill=\"none\"><g id=\"call_made\"><mask id=\"mask0_1051_11865\" style=\"mask-type:alpha\" maskUnits=\"userSpaceOnUse\" x=\"0\" y=\"0\" width=\"24\" height=\"24\"><rect id=\"Bounding box\" width=\"24\" height=\"24\" fill=\"#D9D9D9\"><\/rect><\/mask><g mask=\"url(#mask0_1051_11865)\"><path id=\"call_made_2\" d=\"M5.55383 19.5L4.5 18.4461L15.9461 6.99998H8.99997V5.5H18.5V15H17V8.0538L5.55383 19.5Z\" fill=\"#043D5D\"><\/path><\/g><\/g><\/svg>\t\t\t<\/a>\n\t\t<\/div>\n\t\t\t\t\t\t<\/div>\n\t\t\t\t<\/div>\n\t\t\t\t<\/div>\n\t\t\t\t<\/div>\n\t\t<div class=\"elementor-element elementor-element-c3caa94 e-con-full e-flex e-con e-child\" data-id=\"c3caa94\" data-element_type=\"container\" data-e-type=\"container\">\n\t\t<div class=\"elementor-element elementor-element-06e9e5a e-flex e-con-boxed e-con e-child\" data-id=\"06e9e5a\" data-element_type=\"container\" data-e-type=\"container\">\n\t\t\t\t\t<div class=\"e-con-inner\">\n\t\t\t\t\t<\/div>\n\t\t\t\t<\/div>\n\t\t<div class=\"elementor-element elementor-element-9bc9e8b e-con-full e-flex e-con e-child\" data-id=\"9bc9e8b\" data-element_type=\"container\" data-e-type=\"container\">\n\t\t\t\t<\/div>\n\t\t<div class=\"elementor-element elementor-element-70e171d e-flex e-con-boxed e-con e-child\" data-id=\"70e171d\" data-element_type=\"container\" data-e-type=\"container\">\n\t\t\t\t\t<div class=\"e-con-inner\">\n\t\t\t\t\t<\/div>\n\t\t\t\t<\/div>\n\t\t\t\t<\/div>\n\t\t\t\t<\/div>\n\t\t\t\t<\/div>\n\t\t\t\t\t<\/div>\n\t\t\t\t<\/div>\n\t\t\t\t<\/div>\n\t\t","protected":false},"excerpt":{"rendered":"<p>Altera\u00e7\u00e3o do Estatuto da EQTPREV A EQTPREV informa que a proposta de altera\u00e7\u00e3o do seu Estatuto foi aprovada pelo Conselho Deliberativo, na reuni\u00e3o realizada no dia 20 de fevereiro de 2025. A referida altera\u00e7\u00e3o, tem como objetivo principal estender a possibilidade de recondu\u00e7\u00f5es, atualmente prevista para os membros do Conselho Deliberativo e da Diretoria Executiva, [&hellip;]<\/p>\n","protected":false},"author":9,"featured_media":0,"parent":0,"menu_order":0,"comment_status":"closed","ping_status":"closed","template":"","meta":{"inline_featured_image":false,"footnotes":""},"class_list":["post-6560","page","type-page","status-publish","hentry"],"_links":{"self":[{"href":"https:\/\/eqtprev.com.br\/index.php\/wp-json\/wp\/v2\/pages\/6560","targetHints":{"allow":["GET"]}}],"collection":[{"href":"https:\/\/eqtprev.com.br\/index.php\/wp-json\/wp\/v2\/pages"}],"about":[{"href":"https:\/\/eqtprev.com.br\/index.php\/wp-json\/wp\/v2\/types\/page"}],"author":[{"embeddable":true,"href":"https:\/\/eqtprev.com.br\/index.php\/wp-json\/wp\/v2\/users\/9"}],"replies":[{"embeddable":true,"href":"https:\/\/eqtprev.com.br\/index.php\/wp-json\/wp\/v2\/comments?post=6560"}],"version-history":[{"count":10,"href":"https:\/\/eqtprev.com.br\/index.php\/wp-json\/wp\/v2\/pages\/6560\/revisions"}],"predecessor-version":[{"id":7763,"href":"https:\/\/eqtprev.com.br\/index.php\/wp-json\/wp\/v2\/pages\/6560\/revisions\/7763"}],"wp:attachment":[{"href":"https:\/\/eqtprev.com.br\/index.php\/wp-json\/wp\/v2\/media?parent=6560"}],"curies":[{"name":"wp","href":"https:\/\/api.w.org\/{rel}","templated":true}]}}