{"id":6401,"date":"2025-02-04T15:03:42","date_gmt":"2025-02-04T18:03:42","guid":{"rendered":"http:\/\/eqtprev.com.br\/?page_id=6401"},"modified":"2026-03-31T15:53:50","modified_gmt":"2026-03-31T18:53:50","slug":"perfil-de-investimento-2-0","status":"publish","type":"page","link":"https:\/\/eqtprev.com.br\/index.php\/eqtprev\/perfil-de-investimento-2-0\/","title":{"rendered":"Perfis de Investimento"},"content":{"rendered":"\t\t<div data-elementor-type=\"wp-page\" data-elementor-id=\"6401\" class=\"elementor elementor-6401\" data-elementor-post-type=\"page\">\n\t\t\t\t<div class=\"elementor-element elementor-element-8c6d382 e-flex e-con-boxed e-con e-parent\" data-id=\"8c6d382\" data-element_type=\"container\" data-e-type=\"container\">\n\t\t\t\t\t<div class=\"e-con-inner\">\n\t\t\t\t<div class=\"elementor-element elementor-element-c62b1e3 elementor-widget elementor-widget-text-editor\" data-id=\"c62b1e3\" data-element_type=\"widget\" data-e-type=\"widget\" data-widget_type=\"text-editor.default\">\n\t\t\t\t<div class=\"elementor-widget-container\">\n\t\t\t\t\t\t\t\t\t<p><span style=\"color: #003366;\">Na EQTPREV, voc\u00ea pode escolher o <strong>Perfil de Investimento<\/strong> que melhor se adapta aos seus objetivos financeiros e \u00e0 sua toler\u00e2ncia ao risco. Essa flexibilidade permite que voc\u00ea tenha mais controle sobre a forma como seus recursos s\u00e3o aplicados.<\/span><\/p>\t\t\t\t\t\t\t\t<\/div>\n\t\t\t\t<\/div>\n\t\t\t\t\t<\/div>\n\t\t\t\t<\/div>\n\t\t<div class=\"elementor-element elementor-element-21a306d e-flex e-con-boxed e-con e-parent\" data-id=\"21a306d\" data-element_type=\"container\" data-e-type=\"container\">\n\t\t\t\t\t<div class=\"e-con-inner\">\n\t\t\t\t<div class=\"elementor-element elementor-element-c6442db elementor-widget elementor-widget-text-editor\" data-id=\"c6442db\" data-element_type=\"widget\" data-e-type=\"widget\" data-widget_type=\"text-editor.default\">\n\t\t\t\t<div class=\"elementor-widget-container\">\n\t\t\t\t\t\t\t\t\t<h4 class=\"wp-block-heading\"><span style=\"color: #003366;\"><strong>Janelas de oportunidades<\/strong>:<\/span><\/h4><p class=\"has-medium-font-size\"><span style=\"color: #003366;\">O per\u00edodo para altera\u00e7\u00e3o de perfil de investimento, conforme determinado na <a style=\"color: #003366;\" href=\"http:\/\/eqtprev.com.br\/wp-content\/uploads\/2025\/02\/Manual-Perfis-de-Investimento_MN.003.EQTPREV.GINV_.pdf\" target=\"_blank\" rel=\"noopener\">Manual de Perfis de Investimento<\/a>, <strong>ocorre duas vezes ao ano<\/strong>, em abril e outubro. Qualquer altera\u00e7\u00e3o fora desses per\u00edodos n\u00e3o ser\u00e1 considerada. Essa op\u00e7\u00e3o est\u00e1 <strong>dispon\u00edvel<\/strong> exclusivamente para os <strong>Participantes<\/strong> e <strong>Assistidos<\/strong> do <strong>Plano<\/strong> <strong>Equatorial CD<\/strong>.<\/span><\/p><p>\u00a0<\/p><h4><span style=\"color: #003366;\">Clique abaixo para avaliar seu Perfil de Investimento:<\/span><\/h4>\t\t\t\t\t\t\t\t<\/div>\n\t\t\t\t<\/div>\n\t\t\t\t\t<\/div>\n\t\t\t\t<\/div>\n\t\t<div class=\"elementor-element elementor-element-8e72005 e-flex e-con-boxed e-con e-parent\" data-id=\"8e72005\" data-element_type=\"container\" data-e-type=\"container\">\n\t\t\t\t\t<div class=\"e-con-inner\">\n\t\t\t\t<div class=\"elementor-element elementor-element-3ce6b37 elementor-align-left elementor-mobile-align-center elementor-widget elementor-widget-button\" data-id=\"3ce6b37\" data-element_type=\"widget\" data-e-type=\"widget\" data-widget_type=\"button.default\">\n\t\t\t\t<div class=\"elementor-widget-container\">\n\t\t\t\t\t\t\t\t\t<div class=\"elementor-button-wrapper\">\n\t\t\t\t\t<a class=\"elementor-button elementor-button-link elementor-size-sm elementor-animation-shrink\" href=\"https:\/\/api-mobile.eqtprev.com.br\/perfil-de-investimento\" target=\"_blank\">\n\t\t\t\t\t\t<span class=\"elementor-button-content-wrapper\">\n\t\t\t\t\t\t<span class=\"elementor-button-icon\">\n\t\t\t\t<svg xmlns=\"http:\/\/www.w3.org\/2000\/svg\" width=\"24\" height=\"24\" viewBox=\"0 0 24 24\" fill=\"none\"><g id=\"call_made\"><mask id=\"mask0_1301_11647\" style=\"mask-type:alpha\" maskUnits=\"userSpaceOnUse\" x=\"0\" y=\"0\" width=\"24\" height=\"24\"><rect id=\"Bounding box\" width=\"24\" height=\"24\" fill=\"#D9D9D9\"><\/rect><\/mask><g mask=\"url(#mask0_1301_11647)\"><path id=\"call_made_2\" d=\"M5.55383 19.5L4.5 18.4461L15.9461 6.99998H8.99997V5.5H18.5V15H17V8.0538L5.55383 19.5Z\" fill=\"white\"><\/path><\/g><\/g><\/svg>\t\t\t<\/span>\n\t\t\t\t\t\t\t\t\t<span class=\"elementor-button-text\">Avaliar Perfil de Investimento<\/span>\n\t\t\t\t\t<\/span>\n\t\t\t\t\t<\/a>\n\t\t\t\t<\/div>\n\t\t\t\t\t\t\t\t<\/div>\n\t\t\t\t<\/div>\n\t\t\t\t\t<\/div>\n\t\t\t\t<\/div>\n\t\t<div class=\"elementor-element elementor-element-986b135 e-flex e-con-boxed e-con e-parent\" data-id=\"986b135\" data-element_type=\"container\" data-e-type=\"container\">\n\t\t\t\t\t<div class=\"e-con-inner\">\n\t\t\t\t<div class=\"elementor-element elementor-element-64d5419 elementor-widget elementor-widget-text-editor\" data-id=\"64d5419\" data-element_type=\"widget\" data-e-type=\"widget\" data-widget_type=\"text-editor.default\">\n\t\t\t\t<div class=\"elementor-widget-container\">\n\t\t\t\t\t\t\t\t\t<h4 class=\"wp-block-heading\"><span style=\"color: #003366;\"><strong>Afinal, o que s\u00e3o os Perfis de Investimento?<\/strong><\/span><\/h4><p><span style=\"color: #003366;\">Os perfis de investimento s\u00e3o estrat\u00e9gias diversificadas que buscam equilibrar\u00a0rentabilidade\u00a0e\u00a0risco, de acordo com diferentes perfis de investidores. Cada perfil tem caracter\u00edsticas espec\u00edficas que podem atender melhor suas expectativas e objetivos para o futuro.<\/span><\/p><p><span style=\"color: #003366;\">\u2705<strong><span style=\"text-decoration: underline;\"> Conservador:<\/span><\/strong> Indicado para quem busca menor volatilidade e mais seguran\u00e7a. Os investimentos s\u00e3o concentrados em renda fixa, protegendo o patrim\u00f4nio contra grandes oscila\u00e7\u00f5es.<\/span><\/p><p><span style=\"color: #003366;\">\u2705<strong> <span style=\"text-decoration: underline;\">Moderado:<\/span><\/strong> Para quem busca um equil\u00edbrio entre seguran\u00e7a e potencial de rentabilidade. A carteira combina renda fixa e uma parcela de renda vari\u00e1vel.<\/span><\/p><p><span style=\"color: #003366;\">\u2705 <strong><span style=\"text-decoration: underline;\">Arrojado:<\/span> <\/strong>Indicado para quem tem maior toler\u00e2ncia ao risco e busca retornos mais elevados no longo prazo. A aloca\u00e7\u00e3o em renda vari\u00e1vel \u00e9 maior, acompanhada de ativos diversificados.<\/span><\/p><h5><span style=\"color: #003366;\"><strong>Lembre-se:<\/strong> a escolha do perfil \u00e9 individual e de sua responsabilidade. Analisar o portf\u00f3lio e os riscos de cada perfil \u00e9 fundamental para tomar a melhor decis\u00e3o.<\/span><\/h5>\t\t\t\t\t\t\t\t<\/div>\n\t\t\t\t<\/div>\n\t\t\t\t\t<\/div>\n\t\t\t\t<\/div>\n\t\t<div class=\"elementor-element elementor-element-6d8f80f e-flex e-con-boxed e-con e-parent\" data-id=\"6d8f80f\" data-element_type=\"container\" data-e-type=\"container\">\n\t\t\t\t\t<div class=\"e-con-inner\">\n\t\t\t\t<div class=\"elementor-element elementor-element-c3b54a7 elementor-widget elementor-widget-text-editor\" data-id=\"c3b54a7\" data-element_type=\"widget\" data-e-type=\"widget\" data-widget_type=\"text-editor.default\">\n\t\t\t\t<div class=\"elementor-widget-container\">\n\t\t\t\t\t\t\t\t\t<h4 class=\"wp-block-heading\"><span style=\"color: #003366;\"><strong>Importante Saber:<\/strong><\/span><\/h4><ul class=\"wp-block-list\"><li class=\"has-medium-font-size\"><p><span style=\"color: #003366;\"><strong>A altera\u00e7\u00e3o de perfil \u00e9 opcional.<\/strong>\u00a0Se voc\u00ea est\u00e1 satisfeito com o seu perfil atual, n\u00e3o \u00e9 necess\u00e1rio fazer nenhuma mudan\u00e7a.<\/span><\/p><\/li><li class=\"has-medium-font-size\"><p><span style=\"color: #003366;\"><strong>Avalie com cuidado:<\/strong> Conhe\u00e7a os riscos, portf\u00f3lios e as refer\u00eancias de rentabilidade de cada perfil antes de decidir. Consulte o Painel da Transpar\u00eancia para ver os resultados da rentabilidade dos perfis:\u00a0<a style=\"color: #003366;\" href=\"https:\/\/eqtprev.com.br\/index.php\/painel-da-transparencia\/\" target=\"_blank\" rel=\"noreferrer noopener\">Painel da Transpar\u00eancia<\/a>.<\/span><\/p><\/li><li class=\"has-medium-font-size\"><p><span style=\"color: #003366;\"><strong>Rentabilidade passada n\u00e3o garante resultados futuros: <\/strong>Este \u00e9 um princ\u00edpio essencial dos investimentos. Fique atento e busque uma estrat\u00e9gia que fa\u00e7a sentido para o seu futuro.<\/span><\/p><\/li><\/ul><h5>\u00a0<\/h5><h4><span style=\"color: #003366;\">Saiba mais sobre os perfis:<\/span><\/h4>\t\t\t\t\t\t\t\t<\/div>\n\t\t\t\t<\/div>\n\t\t\t\t\t<\/div>\n\t\t\t\t<\/div>\n\t\t<div class=\"elementor-element elementor-element-383cd22 e-grid e-con-boxed e-con e-parent\" data-id=\"383cd22\" data-element_type=\"container\" data-e-type=\"container\">\n\t\t\t\t\t<div class=\"e-con-inner\">\n\t\t\t\t<div class=\"elementor-element elementor-element-98852a7 elementor-widget elementor-widget-video\" data-id=\"98852a7\" data-element_type=\"widget\" data-e-type=\"widget\" data-settings=\"{&quot;youtube_url&quot;:&quot;https:\\\/\\\/youtu.be\\\/LFwboA0Fikw?si=54sIhB95RFiap2kW&quot;,&quot;video_type&quot;:&quot;youtube&quot;,&quot;controls&quot;:&quot;yes&quot;}\" data-widget_type=\"video.default\">\n\t\t\t\t<div class=\"elementor-widget-container\">\n\t\t\t\t\t\t\t<div class=\"elementor-wrapper elementor-open-inline\">\n\t\t\t<div class=\"elementor-video\"><\/div>\t\t<\/div>\n\t\t\t\t\t\t<\/div>\n\t\t\t\t<\/div>\n\t\t\t\t<div class=\"elementor-element elementor-element-dec7faf elementor-widget elementor-widget-video\" data-id=\"dec7faf\" data-element_type=\"widget\" data-e-type=\"widget\" data-settings=\"{&quot;youtube_url&quot;:&quot;https:\\\/\\\/youtu.be\\\/-WFqFvh8V8g?si=jCGEWpgDrxL2qalV&quot;,&quot;video_type&quot;:&quot;youtube&quot;,&quot;controls&quot;:&quot;yes&quot;}\" data-widget_type=\"video.default\">\n\t\t\t\t<div class=\"elementor-widget-container\">\n\t\t\t\t\t\t\t<div class=\"elementor-wrapper elementor-open-inline\">\n\t\t\t<div class=\"elementor-video\"><\/div>\t\t<\/div>\n\t\t\t\t\t\t<\/div>\n\t\t\t\t<\/div>\n\t\t<div class=\"elementor-element elementor-element-326ec54 e-con-full e-flex e-con e-child\" data-id=\"326ec54\" data-element_type=\"container\" data-e-type=\"container\">\n\t\t\t\t<div class=\"elementor-element elementor-element-a0442d3 elementor-widget elementor-widget-video\" data-id=\"a0442d3\" data-element_type=\"widget\" data-e-type=\"widget\" data-settings=\"{&quot;youtube_url&quot;:&quot;https:\\\/\\\/youtu.be\\\/eDrJ8-BmLVg?si=YXqjbE_I3LWQaUSS&quot;,&quot;video_type&quot;:&quot;youtube&quot;,&quot;controls&quot;:&quot;yes&quot;}\" data-widget_type=\"video.default\">\n\t\t\t\t<div class=\"elementor-widget-container\">\n\t\t\t\t\t\t\t<div class=\"elementor-wrapper elementor-open-inline\">\n\t\t\t<div class=\"elementor-video\"><\/div>\t\t<\/div>\n\t\t\t\t\t\t<\/div>\n\t\t\t\t<\/div>\n\t\t\t\t<\/div>\n\t\t\t\t\t<\/div>\n\t\t\t\t<\/div>\n\t\t<div class=\"elementor-element elementor-element-c952c3b e-flex e-con-boxed e-con e-parent\" data-id=\"c952c3b\" data-element_type=\"container\" data-e-type=\"container\">\n\t\t\t\t\t<div class=\"e-con-inner\">\n\t\t\t\t<div class=\"elementor-element elementor-element-33b34ea elementor-widget elementor-widget-text-editor\" data-id=\"33b34ea\" data-element_type=\"widget\" data-e-type=\"widget\" data-widget_type=\"text-editor.default\">\n\t\t\t\t<div class=\"elementor-widget-container\">\n\t\t\t\t\t\t\t\t\t<h4><span style=\"color: #003366;\"><strong>Como Alterar seu Perfil de Investimento?<\/strong><\/span><\/h4><p><span style=\"color: #003366;\">O processo \u00e9 simples e r\u00e1pido! Durante o per\u00edodo de altera\u00e7\u00e3o, siga estes passos:<\/span><\/p><ul><li><span style=\"color: #003366;\"><strong>Acesse<\/strong> a p\u00e1gina de <a style=\"color: #003366;\" href=\"https:\/\/api-mobile.eqtprev.com.br\/perfil-de-investimento\">Perfil de Investimento<\/a>.<\/span><\/li><li><span style=\"color: #003366;\"><strong>Realize o teste de perfil<\/strong> para identificar a melhor op\u00e7\u00e3o para voc\u00ea.<\/span><\/li><li><span style=\"color: #003366;\"><strong>Selecione a op\u00e7\u00e3o<\/strong> de altera\u00e7\u00e3o de perfil conforme sua escolha.<\/span><\/li><li><span style=\"color: #003366;\"><strong>Confirme<\/strong> a solicita\u00e7\u00e3o e pronto! A mudan\u00e7a ser\u00e1 processada e v\u00e1lida a partir do m\u00eas seguinte.<\/span><\/li><\/ul><p><span style=\"color: #003366;\"><strong>Voc\u00ea pode fazer isso pelo celular ou computador, de forma pr\u00e1tica e segura!<\/strong><\/span><\/p><h5>\u00a0<\/h5><h4 class=\"wp-block-heading\"><span style=\"color: #003366;\"><strong>Ficou com D\u00favidas?<\/strong><\/span><\/h4><p class=\"has-medium-font-size\"><span style=\"color: #003366;\">Nosso time est\u00e1 \u00e0 disposi\u00e7\u00e3o para te ajudar! Entre em contato atrav\u00e9s do eqtprev@eqtprev.com.br ou atrav\u00e9s do nosso Whatsapp (98) 3217-2218.<\/span><\/p>\t\t\t\t\t\t\t\t<\/div>\n\t\t\t\t<\/div>\n\t\t\t\t<div class=\"elementor-element elementor-element-3df5fc8 elementor-widget elementor-widget-text-editor\" data-id=\"3df5fc8\" data-element_type=\"widget\" data-e-type=\"widget\" data-widget_type=\"text-editor.default\">\n\t\t\t\t<div class=\"elementor-widget-container\">\n\t\t\t\t\t\t\t\t\t<p class=\"has-medium-font-size\"><a class=\"wp-block-button__link has-vivid-green-cyan-background-color has-background wp-element-button\" href=\"https:\/\/wa.me\/559832172218\"><strong>Whatsapp de Atendimento<\/strong><\/a><\/p><div>\u00a0<\/div><div>\u00a0<\/div>\t\t\t\t\t\t\t\t<\/div>\n\t\t\t\t<\/div>\n\t\t\t\t\t<\/div>\n\t\t\t\t<\/div>\n\t\t\t\t<\/div>\n\t\t","protected":false},"excerpt":{"rendered":"<p>Na EQTPREV, voc\u00ea pode escolher o Perfil de Investimento que melhor se adapta aos seus objetivos financeiros e \u00e0 sua toler\u00e2ncia ao risco. Essa flexibilidade permite que voc\u00ea tenha mais controle sobre a forma como seus recursos s\u00e3o aplicados. Janelas de oportunidades: O per\u00edodo para altera\u00e7\u00e3o de perfil de investimento, conforme determinado na Manual de [&hellip;]<\/p>\n","protected":false},"author":9,"featured_media":0,"parent":33,"menu_order":0,"comment_status":"closed","ping_status":"closed","template":"","meta":{"inline_featured_image":false,"footnotes":""},"class_list":["post-6401","page","type-page","status-publish","hentry"],"_links":{"self":[{"href":"https:\/\/eqtprev.com.br\/index.php\/wp-json\/wp\/v2\/pages\/6401","targetHints":{"allow":["GET"]}}],"collection":[{"href":"https:\/\/eqtprev.com.br\/index.php\/wp-json\/wp\/v2\/pages"}],"about":[{"href":"https:\/\/eqtprev.com.br\/index.php\/wp-json\/wp\/v2\/types\/page"}],"author":[{"embeddable":true,"href":"https:\/\/eqtprev.com.br\/index.php\/wp-json\/wp\/v2\/users\/9"}],"replies":[{"embeddable":true,"href":"https:\/\/eqtprev.com.br\/index.php\/wp-json\/wp\/v2\/comments?post=6401"}],"version-history":[{"count":145,"href":"https:\/\/eqtprev.com.br\/index.php\/wp-json\/wp\/v2\/pages\/6401\/revisions"}],"predecessor-version":[{"id":8786,"href":"https:\/\/eqtprev.com.br\/index.php\/wp-json\/wp\/v2\/pages\/6401\/revisions\/8786"}],"up":[{"embeddable":true,"href":"https:\/\/eqtprev.com.br\/index.php\/wp-json\/wp\/v2\/pages\/33"}],"wp:attachment":[{"href":"https:\/\/eqtprev.com.br\/index.php\/wp-json\/wp\/v2\/media?parent=6401"}],"curies":[{"name":"wp","href":"https:\/\/api.w.org\/{rel}","templated":true}]}}