{"id":6065,"date":"2024-12-04T15:54:59","date_gmt":"2024-12-04T18:54:59","guid":{"rendered":"http:\/\/eqtprev.com.br\/?page_id=6065"},"modified":"2025-07-14T11:04:50","modified_gmt":"2025-07-14T14:04:50","slug":"elementor-6065","status":"publish","type":"page","link":"https:\/\/eqtprev.com.br\/index.php\/elementor-6065\/","title":{"rendered":"Altera\u00e7\u00e3o do Regulamento do Plano BD Alagoas\u200b"},"content":{"rendered":"<p>TRANSPAR\u00caNCIA\u00a0<\/p>\n<style>\/*! elementor - v3.23.0 - 25-07-2024 *\/\n.elementor-heading-title{padding:0;margin:0;line-height:1}.elementor-widget-heading .elementor-heading-title[class*=elementor-size-]>a{color:inherit;font-size:inherit;line-height:inherit}.elementor-widget-heading .elementor-heading-title.elementor-size-small{font-size:15px}.elementor-widget-heading .elementor-heading-title.elementor-size-medium{font-size:19px}.elementor-widget-heading .elementor-heading-title.elementor-size-large{font-size:29px}.elementor-widget-heading .elementor-heading-title.elementor-size-xl{font-size:39px}.elementor-widget-heading .elementor-heading-title.elementor-size-xxl{font-size:59px}<\/style>\n<h2>Altera\u00e7\u00e3o do Regulamento do Plano BD Alagoas<\/h2>\n<p>A EQTPREV \u2013 Equatorial Energia Funda\u00e7\u00e3o de Previd\u00eancia reafirma seu compromisso com a transpar\u00eancia e a comunica\u00e7\u00e3o aberta com os participantes. Por isso, disponibilizamos nesta p\u00e1gina os documentos referentes \u00e0 <strong>proposta de altera\u00e7\u00e3o do Regulamento do Plano de Benef\u00edcio Definido EQUATORIAL Alagoas (Plano BD Alagoas)<\/strong>.<\/p>\n<p>Entre os documentos dispon\u00edveis, destacam-se:<\/p>\n<ul>\n<li><strong>Parecer Atuarial:<\/strong> an\u00e1lise t\u00e9cnica e fundamenta\u00e7\u00e3o para a altera\u00e7\u00e3o do crit\u00e9rio de reajuste dos benef\u00edcios, em conformidade com a Resolu\u00e7\u00e3o CNPC n\u00ba 40\/2021.<\/li>\n<li><strong>Quadro Comparativo:<\/strong> apresenta\u00e7\u00e3o detalhada das mudan\u00e7as propostas no regulamento do plano.<\/li>\n<\/ul>\n<p>Convidamos voc\u00ea, participante, a acessar e conhecer esses documentos. Sua compreens\u00e3o e engajamento s\u00e3o fundamentais para mantermos uma gest\u00e3o s\u00f3lida e alinhada \u00e0s necessidades de todos.<\/p>\n<link rel=\"stylesheet\" href=\"https:\/\/eqtprev.com.br\/wp-content\/uploads\/elementor\/css\/custom-widget-icon-box.min.css?ver=1723575024\">\n\t\t\t\t<a href=\"https:\/\/eqtprev.com.br\/wp-content\/uploads\/2024\/12\/MIRADOR-1548-2024-BD-AL-Parecer-Alteracao-Indice.pdf\" target=\"_blank\" tabindex=\"-1\" rel=\"noopener\"><br \/>\n\t\t\t\t<svg xmlns=\"http:\/\/www.w3.org\/2000\/svg\" width=\"24\" height=\"24\" viewBox=\"0 0 24 24\" fill=\"none\"><g id=\"call_made\"><mask id=\"mask0_1392_17308\" style=\"mask-type:alpha\" maskUnits=\"userSpaceOnUse\" x=\"0\" y=\"0\" width=\"24\" height=\"24\"><rect id=\"Bounding box\" width=\"24\" height=\"24\" fill=\"#D9D9D9\"><\/rect><\/mask><g mask=\"url(#mask0_1392_17308)\"><path id=\"call_made_2\" d=\"M5.55383 19.5L4.5 18.4461L15.9461 6.99998H8.99997V5.5H18.5V15H17V8.0538L5.55383 19.5Z\" fill=\"#47738F\"><\/path><\/g><\/g><\/svg>\t\t\t\t<\/a><\/p>\n<h3>\n\t\t\t\t\t\t<a href=\"https:\/\/eqtprev.com.br\/wp-content\/uploads\/2024\/12\/MIRADOR-1548-2024-BD-AL-Parecer-Alteracao-Indice.pdf\" target=\"_blank\" rel=\"noopener\"><br \/>\n\t\t\t\t\t\t\tParecer Atuarial\t\t\t\t\t\t<\/a><br \/>\n\t\t\t\t\t<\/h3>\n<p>\t\t\t\t<a href=\"https:\/\/eqtprev.com.br\/wp-content\/uploads\/2024\/12\/Quadro-Comparativo-BD-AL-Criterio-Reajuste.ok_.pdf\" target=\"_blank\" tabindex=\"-1\" rel=\"noopener\"><br \/>\n\t\t\t\t<svg xmlns=\"http:\/\/www.w3.org\/2000\/svg\" width=\"24\" height=\"24\" viewBox=\"0 0 24 24\" fill=\"none\"><g id=\"call_made\"><mask id=\"mask0_1392_17308\" style=\"mask-type:alpha\" maskUnits=\"userSpaceOnUse\" x=\"0\" y=\"0\" width=\"24\" height=\"24\"><rect id=\"Bounding box\" width=\"24\" height=\"24\" fill=\"#D9D9D9\"><\/rect><\/mask><g mask=\"url(#mask0_1392_17308)\"><path id=\"call_made_2\" d=\"M5.55383 19.5L4.5 18.4461L15.9461 6.99998H8.99997V5.5H18.5V15H17V8.0538L5.55383 19.5Z\" fill=\"#47738F\"><\/path><\/g><\/g><\/svg>\t\t\t\t<\/a><\/p>\n<h3>\n\t\t\t\t\t\t<a href=\"https:\/\/eqtprev.com.br\/wp-content\/uploads\/2024\/12\/Quadro-Comparativo-BD-AL-Criterio-Reajuste.ok_.pdf\" target=\"_blank\" rel=\"noopener\"><br \/>\n\t\t\t\t\t\t\tQuadro Comparativo\t\t\t\t\t\t<\/a><br \/>\n\t\t\t\t\t<\/h3>\n<h2><a href=\"https:\/\/eqtprev.com.br\/index.php\/incorporacao-eletra\/\">Incorpora\u00e7\u00e3o ELETRA<\/a><\/h2>\n<p>\t\t\t<a href=\"https:\/\/eqtprev.com.br\/index.php\/incorporacao-eletra\/\"><br \/>\n\t\t\t<svg xmlns=\"http:\/\/www.w3.org\/2000\/svg\" width=\"24\" height=\"24\" viewBox=\"0 0 24 24\" fill=\"none\"><g id=\"call_made\"><mask id=\"mask0_1392_17308\" style=\"mask-type:alpha\" maskUnits=\"userSpaceOnUse\" x=\"0\" y=\"0\" width=\"24\" height=\"24\"><rect id=\"Bounding box\" width=\"24\" height=\"24\" fill=\"#D9D9D9\"><\/rect><\/mask><g mask=\"url(#mask0_1392_17308)\"><path id=\"call_made_2\" d=\"M5.55383 19.5L4.5 18.4461L15.9461 6.99998H8.99997V5.5H18.5V15H17V8.0538L5.55383 19.5Z\" fill=\"#47738F\"><\/path><\/g><\/g><\/svg>\t\t\t<\/a><\/p>\n<h2><a href=\"https:\/\/eqtprev.com.br\/index.php\/atas\/\">Atas<\/a><\/h2>\n<p>\t\t\t<a href=\"https:\/\/eqtprev.com.br\/index.php\/atas\/\"><br \/>\n\t\t\t<svg xmlns=\"http:\/\/www.w3.org\/2000\/svg\" width=\"24\" height=\"24\" viewBox=\"0 0 24 24\" fill=\"none\"><g id=\"call_made\"><mask id=\"mask0_1392_17308\" style=\"mask-type:alpha\" maskUnits=\"userSpaceOnUse\" x=\"0\" y=\"0\" width=\"24\" height=\"24\"><rect id=\"Bounding box\" width=\"24\" height=\"24\" fill=\"#D9D9D9\"><\/rect><\/mask><g mask=\"url(#mask0_1392_17308)\"><path id=\"call_made_2\" d=\"M5.55383 19.5L4.5 18.4461L15.9461 6.99998H8.99997V5.5H18.5V15H17V8.0538L5.55383 19.5Z\" fill=\"#47738F\"><\/path><\/g><\/g><\/svg>\t\t\t<\/a><\/p>\n<h2><a href=\"https:\/\/eqtprev.com.br\/index.php\/boletim-economico\/\">Boletim Econ\u00f4mico<\/a><\/h2>\n<p>\t\t\t<a href=\"https:\/\/eqtprev.com.br\/index.php\/boletim-economico\/\"><br \/>\n\t\t\t<svg xmlns=\"http:\/\/www.w3.org\/2000\/svg\" width=\"24\" height=\"24\" viewBox=\"0 0 24 24\" fill=\"none\"><g id=\"call_made\"><mask id=\"mask0_1392_17308\" style=\"mask-type:alpha\" maskUnits=\"userSpaceOnUse\" x=\"0\" y=\"0\" width=\"24\" height=\"24\"><rect id=\"Bounding box\" width=\"24\" height=\"24\" fill=\"#D9D9D9\"><\/rect><\/mask><g mask=\"url(#mask0_1392_17308)\"><path id=\"call_made_2\" d=\"M5.55383 19.5L4.5 18.4461L15.9461 6.99998H8.99997V5.5H18.5V15H17V8.0538L5.55383 19.5Z\" fill=\"#47738F\"><\/path><\/g><\/g><\/svg>\t\t\t<\/a><\/p>\n<h2><a href=\"https:\/\/eqtprev.com.br\/index.php\/demonstracoes-atuarias\/\">Demonstra\u00e7\u00f5es Atuariais<\/a><\/h2>\n<p>\t\t\t<a href=\"https:\/\/eqtprev.com.br\/index.php\/demonstracoes-atuarias\/\"><br \/>\n\t\t\t<svg xmlns=\"http:\/\/www.w3.org\/2000\/svg\" width=\"24\" height=\"24\" viewBox=\"0 0 24 24\" fill=\"none\"><g id=\"call_made\"><mask id=\"mask0_1392_17308\" style=\"mask-type:alpha\" maskUnits=\"userSpaceOnUse\" x=\"0\" y=\"0\" width=\"24\" height=\"24\"><rect id=\"Bounding box\" width=\"24\" height=\"24\" fill=\"#D9D9D9\"><\/rect><\/mask><g mask=\"url(#mask0_1392_17308)\"><path id=\"call_made_2\" d=\"M5.55383 19.5L4.5 18.4461L15.9461 6.99998H8.99997V5.5H18.5V15H17V8.0538L5.55383 19.5Z\" fill=\"#47738F\"><\/path><\/g><\/g><\/svg>\t\t\t<\/a><\/p>\n<h2><a href=\"https:\/\/eqtprev.com.br\/index.php\/parceiros\/\">Parceiros<\/a><\/h2>\n<p>\t\t\t<a href=\"https:\/\/eqtprev.com.br\/index.php\/parceiros\/\"><br \/>\n\t\t\t<svg xmlns=\"http:\/\/www.w3.org\/2000\/svg\" width=\"24\" height=\"24\" viewBox=\"0 0 24 24\" fill=\"none\"><g id=\"call_made\"><mask id=\"mask0_1392_17308\" style=\"mask-type:alpha\" maskUnits=\"userSpaceOnUse\" x=\"0\" y=\"0\" width=\"24\" height=\"24\"><rect id=\"Bounding box\" width=\"24\" height=\"24\" fill=\"#D9D9D9\"><\/rect><\/mask><g mask=\"url(#mask0_1392_17308)\"><path id=\"call_made_2\" d=\"M5.55383 19.5L4.5 18.4461L15.9461 6.99998H8.99997V5.5H18.5V15H17V8.0538L5.55383 19.5Z\" fill=\"#47738F\"><\/path><\/g><\/g><\/svg>\t\t\t<\/a><\/p>\n<h2><a href=\"https:\/\/eqtprev.com.br\/index.php\/incorporacao-plano-equatorial\/\">Incorpora\u00e7\u00e3o Plano Equatorial<\/a><\/h2>\n<p>\t\t\t<a href=\"https:\/\/eqtprev.com.br\/index.php\/incorporacao-plano-equatorial\/\"><br \/>\n\t\t\t<svg xmlns=\"http:\/\/www.w3.org\/2000\/svg\" width=\"24\" height=\"24\" viewBox=\"0 0 24 24\" fill=\"none\"><g id=\"call_made\"><mask id=\"mask0_1392_17308\" style=\"mask-type:alpha\" maskUnits=\"userSpaceOnUse\" x=\"0\" y=\"0\" width=\"24\" height=\"24\"><rect id=\"Bounding box\" width=\"24\" height=\"24\" fill=\"#D9D9D9\"><\/rect><\/mask><g mask=\"url(#mask0_1392_17308)\"><path id=\"call_made_2\" d=\"M5.55383 19.5L4.5 18.4461L15.9461 6.99998H8.99997V5.5H18.5V15H17V8.0538L5.55383 19.5Z\" fill=\"#47738F\"><\/path><\/g><\/g><\/svg>\t\t\t<\/a><\/p>\n<h2><a href=\"https:\/\/eqtprev.com.br\/index.php\/incorporacao-facepi-e-faceal\/\">Incorpora\u00e7\u00e3o FACEPI e FACEAL<\/a><\/h2>\n<p>\t\t\t<a href=\"https:\/\/eqtprev.com.br\/index.php\/incorporacao-facepi-e-faceal\/\"><br \/>\n\t\t\t<svg xmlns=\"http:\/\/www.w3.org\/2000\/svg\" width=\"24\" height=\"24\" viewBox=\"0 0 24 24\" fill=\"none\"><g id=\"call_made\"><mask id=\"mask0_1051_11865\" style=\"mask-type:alpha\" maskUnits=\"userSpaceOnUse\" x=\"0\" y=\"0\" width=\"24\" height=\"24\"><rect id=\"Bounding box\" width=\"24\" height=\"24\" fill=\"#D9D9D9\"><\/rect><\/mask><g mask=\"url(#mask0_1051_11865)\"><path id=\"call_made_2\" d=\"M5.55383 19.5L4.5 18.4461L15.9461 6.99998H8.99997V5.5H18.5V15H17V8.0538L5.55383 19.5Z\" fill=\"#043D5D\"><\/path><\/g><\/g><\/svg>\t\t\t<\/a><\/p>\n<h2><a href=\"https:\/\/eqtprev.com.br\/index.php\/relatorios-anuais\/\">Relat\u00f3rios Anuais<\/a><\/h2>\n<p>\t\t\t<a href=\"https:\/\/eqtprev.com.br\/index.php\/relatorios-anuais\/\"><br \/>\n\t\t\t<svg xmlns=\"http:\/\/www.w3.org\/2000\/svg\" width=\"24\" height=\"24\" viewBox=\"0 0 24 24\" fill=\"none\"><g id=\"call_made\"><mask id=\"mask0_1051_11865\" style=\"mask-type:alpha\" maskUnits=\"userSpaceOnUse\" x=\"0\" y=\"0\" width=\"24\" height=\"24\"><rect id=\"Bounding box\" width=\"24\" height=\"24\" fill=\"#D9D9D9\"><\/rect><\/mask><g mask=\"url(#mask0_1051_11865)\"><path id=\"call_made_2\" d=\"M5.55383 19.5L4.5 18.4461L15.9461 6.99998H8.99997V5.5H18.5V15H17V8.0538L5.55383 19.5Z\" fill=\"#043D5D\"><\/path><\/g><\/g><\/svg>\t\t\t<\/a><\/p>\n<h2>Painel da Transpar\u00eancia<\/h2>\n<p>\t\t\t<svg xmlns=\"http:\/\/www.w3.org\/2000\/svg\" width=\"24\" height=\"24\" viewBox=\"0 0 24 24\" fill=\"none\"><g id=\"call_made\"><mask id=\"mask0_1051_11865\" style=\"mask-type:alpha\" maskUnits=\"userSpaceOnUse\" x=\"0\" y=\"0\" width=\"24\" height=\"24\"><rect id=\"Bounding box\" width=\"24\" height=\"24\" fill=\"#D9D9D9\"><\/rect><\/mask><g mask=\"url(#mask0_1051_11865)\"><path id=\"call_made_2\" d=\"M5.55383 19.5L4.5 18.4461L15.9461 6.99998H8.99997V5.5H18.5V15H17V8.0538L5.55383 19.5Z\" fill=\"#043D5D\"><\/path><\/g><\/g><\/svg>\t\t\t<\/p>\n<h2>Adicione o texto do seu t\u00edtulo aqui<\/h2>\n","protected":false},"excerpt":{"rendered":"<p>TRANSPAR\u00caNCIA\u00a0 Altera\u00e7\u00e3o do Regulamento do Plano BD Alagoas A EQTPREV \u2013 Equatorial Energia Funda\u00e7\u00e3o de Previd\u00eancia reafirma seu compromisso com a transpar\u00eancia e a comunica\u00e7\u00e3o aberta com os participantes. Por isso, disponibilizamos nesta p\u00e1gina os documentos referentes \u00e0 proposta de altera\u00e7\u00e3o do Regulamento do Plano de Benef\u00edcio Definido EQUATORIAL Alagoas (Plano BD Alagoas). Entre os [&hellip;]<\/p>\n","protected":false},"author":9,"featured_media":0,"parent":0,"menu_order":0,"comment_status":"closed","ping_status":"closed","template":"","meta":{"inline_featured_image":false,"footnotes":""},"class_list":["post-6065","page","type-page","status-publish","hentry"],"_links":{"self":[{"href":"https:\/\/eqtprev.com.br\/index.php\/wp-json\/wp\/v2\/pages\/6065","targetHints":{"allow":["GET"]}}],"collection":[{"href":"https:\/\/eqtprev.com.br\/index.php\/wp-json\/wp\/v2\/pages"}],"about":[{"href":"https:\/\/eqtprev.com.br\/index.php\/wp-json\/wp\/v2\/types\/page"}],"author":[{"embeddable":true,"href":"https:\/\/eqtprev.com.br\/index.php\/wp-json\/wp\/v2\/users\/9"}],"replies":[{"embeddable":true,"href":"https:\/\/eqtprev.com.br\/index.php\/wp-json\/wp\/v2\/comments?post=6065"}],"version-history":[{"count":10,"href":"https:\/\/eqtprev.com.br\/index.php\/wp-json\/wp\/v2\/pages\/6065\/revisions"}],"predecessor-version":[{"id":6078,"href":"https:\/\/eqtprev.com.br\/index.php\/wp-json\/wp\/v2\/pages\/6065\/revisions\/6078"}],"wp:attachment":[{"href":"https:\/\/eqtprev.com.br\/index.php\/wp-json\/wp\/v2\/media?parent=6065"}],"curies":[{"name":"wp","href":"https:\/\/api.w.org\/{rel}","templated":true}]}}