{"id":5244,"date":"2024-08-20T14:15:11","date_gmt":"2024-08-20T17:15:11","guid":{"rendered":"http:\/\/eqtprev.com.br\/?page_id=5244"},"modified":"2026-01-22T10:34:38","modified_gmt":"2026-01-22T13:34:38","slug":"politica-de-investimentos","status":"publish","type":"page","link":"https:\/\/eqtprev.com.br\/index.php\/governanca\/politica-de-investimentos\/","title":{"rendered":"Pol\u00edtica de Investimentos"},"content":{"rendered":"\t\t<div data-elementor-type=\"wp-page\" data-elementor-id=\"5244\" class=\"elementor elementor-5244\" data-elementor-post-type=\"page\">\n\t\t\t\t<div class=\"elementor-element elementor-element-520e18d e-flex e-con-boxed e-con e-parent\" data-id=\"520e18d\" data-element_type=\"container\" data-e-type=\"container\">\n\t\t\t\t\t<div class=\"e-con-inner\">\n\t\t\t\t<div class=\"elementor-element elementor-element-a8a7d17 elementor-widget elementor-widget-heading\" data-id=\"a8a7d17\" data-element_type=\"widget\" data-e-type=\"widget\" data-widget_type=\"heading.default\">\n\t\t\t\t<div class=\"elementor-widget-container\">\n\t\t\t\t\t<h2 class=\"elementor-heading-title elementor-size-default\">Pol\u00edtica de Investimentos<\/h2>\t\t\t\t<\/div>\n\t\t\t\t<\/div>\n\t\t\t\t<div class=\"elementor-element elementor-element-ca3cb46 elementor-widget elementor-widget-text-editor\" data-id=\"ca3cb46\" data-element_type=\"widget\" data-e-type=\"widget\" data-widget_type=\"text-editor.default\">\n\t\t\t\t<div class=\"elementor-widget-container\">\n\t\t\t\t\t\t\t\t\t<p>A Pol\u00edtica de Investimentos \u00e9 o documento que define a estrat\u00e9gia de aloca\u00e7\u00e3o\u00a0dos Recursos Garantidores\u00a0dos Planos de Benef\u00edcios de um fundo de pens\u00e3o no horizonte de no m\u00ednimo cinco\u00a0anos, com revis\u00f5es anuais.<\/p><p>Embora tenham horizonte de longo prazo, esses documentos s\u00e3o revisados anualmente, permitindo ajustes e aprimoramentos cont\u00ednuos alinhados ao cen\u00e1rio econ\u00f4mico e ao perfil dos participantes.<\/p><p><strong>Confira abaixo a Pol\u00edtica de Investimentos dos Planos administrados pela Funda\u00e7\u00e3o.<\/strong><\/p>\t\t\t\t\t\t\t\t<\/div>\n\t\t\t\t<\/div>\n\t\t\t\t<div class=\"elementor-element elementor-element-bbb40b4 elementor-widget elementor-widget-heading\" data-id=\"bbb40b4\" data-element_type=\"widget\" data-e-type=\"widget\" data-widget_type=\"heading.default\">\n\t\t\t\t<div class=\"elementor-widget-container\">\n\t\t\t\t\t<h2 class=\"elementor-heading-title elementor-size-default\">2026 \u2013 2030<\/h2>\t\t\t\t<\/div>\n\t\t\t\t<\/div>\n\t\t\t\t<div class=\"elementor-element elementor-element-6753731 elementor-widget elementor-widget-text-editor\" data-id=\"6753731\" data-element_type=\"widget\" data-e-type=\"widget\" data-widget_type=\"text-editor.default\">\n\t\t\t\t<div class=\"elementor-widget-container\">\n\t\t\t\t\t\t\t\t\t<p><span style=\"text-decoration: underline;\"><span style=\"color: #64798f; text-decoration: underline;\"><a style=\"color: #64798f; text-decoration: underline;\" href=\"https:\/\/eqtprev.com.br\/wp-content\/uploads\/2026\/01\/01-_Politica_de_Investimentos_2026-2030_EQUATORIAL_CELPA_OP_vf.pdf\" target=\"_blank\" rel=\"noreferrer noopener\" aria-label=\" (abre numa nova aba)\">Pol\u00edtica de Investimentos Plano Celpa OP<\/a><\/span><\/span><\/p><p><span style=\"text-decoration: underline;\"><span style=\"color: #64798f; text-decoration: underline;\"><a style=\"color: #64798f; text-decoration: underline;\" href=\"https:\/\/eqtprev.com.br\/wp-content\/uploads\/2026\/01\/02-_Politica_de_Investimentos_2026-2030_EQUATORIAL_CELPA_R_vf.pdf\" target=\"_blank\" rel=\"noreferrer noopener\" aria-label=\" (abre numa nova aba)\">Pol\u00edtica de Investimentos Plano Celpa R<\/a><\/span><\/span><\/p><p><span style=\"text-decoration: underline;\"><span style=\"color: #64798f; text-decoration: underline;\"><a style=\"color: #64798f; text-decoration: underline;\" href=\"https:\/\/eqtprev.com.br\/wp-content\/uploads\/2026\/01\/03-_Politica_de_Investimentos_2026-2030_EQUATORIAL_CEMAR_BD_vf.pdf\" target=\"_blank\" rel=\"noreferrer noopener\" aria-label=\" (abre numa nova aba)\">Pol\u00edtica de Investimentos Plano Cemar BD I<\/a><\/span><\/span><\/p><p><span style=\"text-decoration: underline;\"><span style=\"color: #64798f; text-decoration: underline;\"><a style=\"color: #64798f; text-decoration: underline;\" href=\"https:\/\/eqtprev.com.br\/wp-content\/uploads\/2026\/01\/05-_Politica_de_Investimentos_2026-2030_EQUATORIAL_BD_ALAGOAS_vf.pdf\" target=\"_blank\" rel=\"noreferrer noopener\" aria-label=\" (abre numa nova aba)\">Pol\u00edtica de Investimentos Plano Equatorial BD Alagoas<\/a><\/span><\/span><\/p><p><span style=\"text-decoration: underline;\"><span style=\"color: #64798f; text-decoration: underline;\"><a style=\"color: #64798f; text-decoration: underline;\" href=\"https:\/\/eqtprev.com.br\/wp-content\/uploads\/2026\/01\/06-_Politica_de_Investimentos_2026-2030_EQUATORIAL_BD_PIAUI_vf.pdf\" target=\"_blank\" rel=\"noreferrer noopener\" aria-label=\" (abre numa nova aba)\">Pol\u00edtica de Investimentos Plano Equatorial BD Piau\u00ed<\/a><\/span><\/span><\/p><p><span style=\"text-decoration: underline;\"><span style=\"color: #64798f; text-decoration: underline;\"><a style=\"color: #64798f; text-decoration: underline;\" href=\"https:\/\/eqtprev.com.br\/wp-content\/uploads\/2026\/01\/06.1-_Politica_de_Investimentos_2026-2030_EQUATORIAL_CV_PIAUI_vf.pdf\" target=\"_blank\" rel=\"noreferrer noopener\" aria-label=\" (abre numa nova aba)\">Pol\u00edtica de Investimentos Plano Equatorial CV Piau\u00ed<\/a><\/span><\/span><\/p><p><span style=\"text-decoration: underline;\"><span style=\"color: #64798f; text-decoration: underline;\"><a style=\"color: #64798f; text-decoration: underline;\" href=\"https:\/\/eqtprev.com.br\/wp-content\/uploads\/2026\/01\/07-_Politica_de_Investimentos_2026-2030_EQUATORIAL_CD_vf.pdf\" target=\"_blank\" rel=\"noreferrer noopener\" aria-label=\" (abre numa nova aba)\">Pol\u00edtica de Investimentos Plano Equatorial CD<\/a><\/span><\/span><\/p><p><span style=\"text-decoration: underline;\"><span style=\"color: #64798f; text-decoration: underline;\"><a style=\"color: #64798f; text-decoration: underline;\" href=\"https:\/\/eqtprev.com.br\/wp-content\/uploads\/2026\/01\/01_-_Politica_de_Investimentos_2026-2030_EQUATORIAL_BD_.pdf\" target=\"_blank\" rel=\"noreferrer noopener\" aria-label=\" (abre numa nova aba)\">Pol\u00edtica de Investimentos Plano Equatorial BD<\/a><\/span><\/span><\/p><p><span style=\"text-decoration: underline;\"><span style=\"color: #64798f; text-decoration: underline;\"><a style=\"color: #64798f; text-decoration: underline;\" href=\"https:\/\/eqtprev.com.br\/wp-content\/uploads\/2026\/01\/09_-_Politica_de_Investimentos_2026-2030_EQUATORIAL_BD_GO_vf.pdf\" target=\"_blank\" rel=\"noopener\">Pol\u00edtica de Investimentos Plano Equatorial\u00a0<span style=\"text-align: var(--text-align);\">BD Goi\u00e1s<\/span><\/a><\/span><\/span><\/p><p><span style=\"text-decoration: underline;\"><span style=\"color: #64798f; text-decoration: underline;\"><a style=\"color: #64798f; text-decoration: underline;\" href=\"https:\/\/eqtprev.com.br\/wp-content\/uploads\/2026\/01\/10-_Politica_de_Investimentos_2026-2030_EQUATORIAL_CV_GO_vf-1.pdf\" target=\"_blank\" rel=\"noopener\">Pol\u00edtica de Investimentos Plano Equatorial\u00a0<span style=\"text-align: var(--text-align);\">CV Goi\u00e1s<\/span><\/a><\/span><\/span><\/p><p><span style=\"text-decoration: underline;\"><span style=\"color: #64798f; text-decoration: underline;\"><a style=\"color: #64798f; text-decoration: underline;\" href=\"https:\/\/eqtprev.com.br\/wp-content\/uploads\/2026\/01\/11-_Politica_de_Investimentos_2026-2030_PGA_vf.pdf\" target=\"_blank\" rel=\"noreferrer noopener\" aria-label=\" (abre numa nova aba)\">PGA<\/a><\/span><\/span><\/p>\t\t\t\t\t\t\t\t<\/div>\n\t\t\t\t<\/div>\n\t\t\t\t<div class=\"elementor-element elementor-element-29c9856 elementor-widget elementor-widget-heading\" data-id=\"29c9856\" data-element_type=\"widget\" data-e-type=\"widget\" data-widget_type=\"heading.default\">\n\t\t\t\t<div class=\"elementor-widget-container\">\n\t\t\t\t\t<h2 class=\"elementor-heading-title elementor-size-default\">2025 \u2013 2029<\/h2>\t\t\t\t<\/div>\n\t\t\t\t<\/div>\n\t\t\t\t<div class=\"elementor-element elementor-element-fb7281e elementor-widget elementor-widget-text-editor\" data-id=\"fb7281e\" data-element_type=\"widget\" data-e-type=\"widget\" data-widget_type=\"text-editor.default\">\n\t\t\t\t<div class=\"elementor-widget-container\">\n\t\t\t\t\t\t\t\t\t<p><span style=\"text-decoration: underline;\"><span style=\"color: #64798f; text-decoration: underline;\"><a style=\"color: #64798f; text-decoration: underline;\" href=\"http:\/\/eqtprev.com.br\/wp-content\/uploads\/2025\/01\/04_-_Politica_de_Investimentos_2025-2029_EQUATORIAL_CELPA_OP.pdf\" target=\"_blank\" rel=\"noreferrer noopener\" aria-label=\" (abre numa nova aba)\">Pol\u00edtica de Investimentos Plano Celpa OP<\/a><\/span><\/span><\/p><p><span style=\"text-decoration: underline;\"><span style=\"color: #64798f; text-decoration: underline;\"><a style=\"color: #64798f; text-decoration: underline;\" href=\"http:\/\/eqtprev.com.br\/wp-content\/uploads\/2025\/01\/05_-_Politica_de_Investimentos_2025-2029_EQUATORIAL_CELPA_R.pdf\" target=\"_blank\" rel=\"noreferrer noopener\" aria-label=\" (abre numa nova aba)\">Pol\u00edtica de Investimentos Plano Celpa R<\/a><\/span><\/span><\/p><p><span style=\"text-decoration: underline;\"><span style=\"color: #64798f; text-decoration: underline;\"><a style=\"color: #64798f; text-decoration: underline;\" href=\"http:\/\/eqtprev.com.br\/wp-content\/uploads\/2025\/01\/03_-_Politica_de_Investimentos_2025-2029_EQUATORIAL_CEMAR_BD.pdf\" target=\"_blank\" rel=\"noreferrer noopener\" aria-label=\" (abre numa nova aba)\">Pol\u00edtica de Investimentos Plano Cemar BD I<\/a><\/span><\/span><\/p><p><span style=\"text-decoration: underline;\"><span style=\"color: #64798f; text-decoration: underline;\"><a style=\"color: #64798f; text-decoration: underline;\" href=\"http:\/\/eqtprev.com.br\/wp-content\/uploads\/2025\/01\/01_-_Politica_de_Investimentos_2025-2029_EQUATORIAL_BD.pdf\" target=\"_blank\" rel=\"noreferrer noopener\" aria-label=\" (abre numa nova aba)\">Pol\u00edtica de Investimentos Plano Equatorial BD<\/a><\/span><\/span><\/p><p><span style=\"text-decoration: underline;\"><span style=\"color: #64798f; text-decoration: underline;\"><a style=\"color: #64798f; text-decoration: underline;\" href=\"http:\/\/eqtprev.com.br\/wp-content\/uploads\/2025\/01\/08_-_Politica_de_Investimentos_2025-2029_EQUATORIAL_BD_ALAGOAS.pdf\" target=\"_blank\" rel=\"noreferrer noopener\" aria-label=\" (abre numa nova aba)\">Pol\u00edtica de Investimentos Plano Equatorial BD Alagoas<\/a><\/span><\/span><\/p><p><span style=\"text-decoration: underline;\"><span style=\"color: #64798f; text-decoration: underline;\"><a style=\"color: #64798f; text-decoration: underline;\" href=\"http:\/\/eqtprev.com.br\/wp-content\/uploads\/2025\/01\/06_-_Politica_de_Investimentos_2025-2029_EQUATORIAL_BD_PIAUI.pdf\" target=\"_blank\" rel=\"noreferrer noopener\" aria-label=\" (abre numa nova aba)\">Pol\u00edtica de Investimentos Plano Equatorial BD Piau\u00ed<\/a><\/span><\/span><\/p><p><span style=\"text-decoration: underline;\"><span style=\"color: #64798f; text-decoration: underline;\"><a style=\"color: #64798f; text-decoration: underline;\" href=\"http:\/\/eqtprev.com.br\/wp-content\/uploads\/2025\/01\/02_-_Politica_de_Investimentos_2025-2029_EQUATORIAL_CD.pdf\" target=\"_blank\" rel=\"noreferrer noopener\" aria-label=\" (abre numa nova aba)\">Pol\u00edtica de Investimentos Plano Equatorial CD<\/a><\/span><\/span><\/p><p><span style=\"text-decoration: underline;\"><span style=\"color: #64798f; text-decoration: underline;\"><a style=\"color: #64798f; text-decoration: underline;\" href=\"http:\/\/eqtprev.com.br\/wp-content\/uploads\/2025\/01\/09_-_Politica_de_Investimentos_2025-2029_EQUATORIAL_CD_ALAGOAS.pdf\" target=\"_blank\" rel=\"noreferrer noopener\" aria-label=\" (abre numa nova aba)\">Pol\u00edtica de Investimentos Plano Equatorial CD Alagoas<\/a><\/span><\/span><\/p><p><span style=\"text-decoration: underline;\"><span style=\"color: #64798f; text-decoration: underline;\"><a style=\"color: #64798f; text-decoration: underline;\" href=\"http:\/\/eqtprev.com.br\/wp-content\/uploads\/2025\/01\/07_-_Politica_de_Investimentos_2025-2029_EQUATORIAL_CV_PIAUI.pdf\" target=\"_blank\" rel=\"noreferrer noopener\" aria-label=\" (abre numa nova aba)\">Pol\u00edtica de Investimentos Plano Equatorial CV Piau\u00ed<\/a><\/span><\/span><\/p><p><span style=\"text-decoration: underline;\"><span style=\"color: #64798f; text-decoration: underline;\"><a style=\"color: #64798f; text-decoration: underline;\" href=\"http:\/\/eqtprev.com.br\/wp-content\/uploads\/2025\/01\/11_-_Politica_de_Investimentos_2025-2029_EQUATORIAL_BD_GO.pdf\" target=\"_blank\" rel=\"noopener\">Pol\u00edtica de Investimentos Plano Equatorial\u00a0<span style=\"text-align: var(--text-align);\">BD Goi\u00e1s<\/span><\/a><\/span><\/span><\/p><p><span style=\"text-decoration: underline;\"><span style=\"color: #64798f; text-decoration: underline;\"><a style=\"color: #64798f; text-decoration: underline;\" href=\"http:\/\/eqtprev.com.br\/wp-content\/uploads\/2025\/01\/12_-_Politica_de_Investimentos_2025-2029_EQUATORIAL_CV_GO.pdf\" target=\"_blank\" rel=\"noopener\">Pol\u00edtica de Investimentos Plano Equatorial\u00a0<span style=\"text-align: var(--text-align);\">CV Goi\u00e1s<\/span><\/a><\/span><\/span><\/p><p><span style=\"text-decoration: underline;\"><span style=\"color: #64798f; text-decoration: underline;\"><a style=\"color: #64798f; text-decoration: underline;\" href=\"http:\/\/eqtprev.com.br\/wp-content\/uploads\/2025\/01\/10_-_Politica_de_Investimentos_2025-2029_PGA.pdf\" target=\"_blank\" rel=\"noreferrer noopener\" aria-label=\" (abre numa nova aba)\">PGA<\/a><\/span><\/span><\/p>\t\t\t\t\t\t\t\t<\/div>\n\t\t\t\t<\/div>\n\t\t\t\t\t<\/div>\n\t\t\t\t<\/div>\n\t\t<div class=\"elementor-element elementor-element-5cb14c9 e-flex e-con-boxed e-con e-parent\" data-id=\"5cb14c9\" data-element_type=\"container\" data-e-type=\"container\">\n\t\t\t\t\t<div class=\"e-con-inner\">\n\t\t\t\t\t<\/div>\n\t\t\t\t<\/div>\n\t\t\t\t<\/div>\n\t\t","protected":false},"excerpt":{"rendered":"<p>Pol\u00edtica de Investimentos A Pol\u00edtica de Investimentos \u00e9 o documento que define a estrat\u00e9gia de aloca\u00e7\u00e3o\u00a0dos Recursos Garantidores\u00a0dos Planos de Benef\u00edcios de um fundo de pens\u00e3o no horizonte de no m\u00ednimo cinco\u00a0anos, com revis\u00f5es anuais. Embora tenham horizonte de longo prazo, esses documentos s\u00e3o revisados anualmente, permitindo ajustes e aprimoramentos cont\u00ednuos alinhados ao cen\u00e1rio econ\u00f4mico [&hellip;]<\/p>\n","protected":false},"author":3,"featured_media":0,"parent":1301,"menu_order":0,"comment_status":"closed","ping_status":"closed","template":"elementor_header_footer","meta":{"inline_featured_image":false,"footnotes":""},"class_list":["post-5244","page","type-page","status-publish","hentry"],"_links":{"self":[{"href":"https:\/\/eqtprev.com.br\/index.php\/wp-json\/wp\/v2\/pages\/5244","targetHints":{"allow":["GET"]}}],"collection":[{"href":"https:\/\/eqtprev.com.br\/index.php\/wp-json\/wp\/v2\/pages"}],"about":[{"href":"https:\/\/eqtprev.com.br\/index.php\/wp-json\/wp\/v2\/types\/page"}],"author":[{"embeddable":true,"href":"https:\/\/eqtprev.com.br\/index.php\/wp-json\/wp\/v2\/users\/3"}],"replies":[{"embeddable":true,"href":"https:\/\/eqtprev.com.br\/index.php\/wp-json\/wp\/v2\/comments?post=5244"}],"version-history":[{"count":61,"href":"https:\/\/eqtprev.com.br\/index.php\/wp-json\/wp\/v2\/pages\/5244\/revisions"}],"predecessor-version":[{"id":8550,"href":"https:\/\/eqtprev.com.br\/index.php\/wp-json\/wp\/v2\/pages\/5244\/revisions\/8550"}],"up":[{"embeddable":true,"href":"https:\/\/eqtprev.com.br\/index.php\/wp-json\/wp\/v2\/pages\/1301"}],"wp:attachment":[{"href":"https:\/\/eqtprev.com.br\/index.php\/wp-json\/wp\/v2\/media?parent=5244"}],"curies":[{"name":"wp","href":"https:\/\/api.w.org\/{rel}","templated":true}]}}