{"id":5234,"date":"2024-08-20T12:20:51","date_gmt":"2024-08-20T15:20:51","guid":{"rendered":"http:\/\/eqtprev.com.br\/?page_id=5234"},"modified":"2025-08-08T10:46:32","modified_gmt":"2025-08-08T13:46:32","slug":"regimento-interno","status":"publish","type":"page","link":"https:\/\/eqtprev.com.br\/index.php\/governanca\/regimento-interno\/","title":{"rendered":"Regimento Interno"},"content":{"rendered":"\t\t<div data-elementor-type=\"wp-page\" data-elementor-id=\"5234\" class=\"elementor elementor-5234\" data-elementor-post-type=\"page\">\n\t\t\t\t<div class=\"elementor-element elementor-element-0be5ec8 e-flex e-con-boxed e-con e-parent\" data-id=\"0be5ec8\" data-element_type=\"container\" data-e-type=\"container\">\n\t\t\t\t\t<div class=\"e-con-inner\">\n\t\t\t\t<div class=\"elementor-element elementor-element-ed3978a elementor-widget elementor-widget-heading\" data-id=\"ed3978a\" data-element_type=\"widget\" data-e-type=\"widget\" data-widget_type=\"heading.default\">\n\t\t\t\t<div class=\"elementor-widget-container\">\n\t\t\t\t\t<h2 class=\"elementor-heading-title elementor-size-default\">Regimento Interno<\/h2>\t\t\t\t<\/div>\n\t\t\t\t<\/div>\n\t\t\t\t<div class=\"elementor-element elementor-element-f6f9ac2 elementor-widget elementor-widget-text-editor\" data-id=\"f6f9ac2\" data-element_type=\"widget\" data-e-type=\"widget\" data-widget_type=\"text-editor.default\">\n\t\t\t\t<div class=\"elementor-widget-container\">\n\t\t\t\t\t\t\t\t\t<p>A EQTPREV possui Regimentos Internos, documento que estabelece um conjunto de regras para regulamentar o seu funcionamento.<\/p><p>Nos referidos documentos, est\u00e1 definido como devem atuar o Conselho Deliberativo, o Conselho Fiscal, Comit\u00ea de Investimentos e a Diretoria Executiva, bem como a din\u00e2mica das reuni\u00f5es e os registros dos atos gerados pelos colegiados.<\/p><p>Os Regimentos Internos abaixo foram aprovados na reuni\u00e3o do dia 20 de fevereiro de 2025, conforme a ATA N\u00ba 03.<\/p>\t\t\t\t\t\t\t\t<\/div>\n\t\t\t\t<\/div>\n\t\t\t\t<div class=\"elementor-element elementor-element-90ea44d elementor-widget elementor-widget-text-editor\" data-id=\"90ea44d\" data-element_type=\"widget\" data-e-type=\"widget\" id=\"link-a\" data-widget_type=\"text-editor.default\">\n\t\t\t\t<div class=\"elementor-widget-container\">\n\t\t\t\t\t\t\t\t\t<p class=\"has-normal-font-size\"><a href=\"http:\/\/eqtprev.com.br\/wp-content\/uploads\/2025\/03\/REGIMENTO-INTERNO-DO-CONSELHO-DELIBERATIVO_EQTPREV.pdf\">Regimento Interno &#8211; <strong>Conselho Deliberativo<\/strong><\/a><\/p><p class=\"has-normal-font-size\"><a href=\"http:\/\/eqtprev.com.br\/wp-content\/uploads\/2025\/03\/REGIMENTO-INTERNO-DO-CONSELHO-FISCAL_EQTPREV.pdf\">Regimento Interno &#8211; <strong>Conselho Fiscal<\/strong><\/a><\/p><p><a href=\"http:\/\/eqtprev.com.br\/wp-content\/uploads\/2025\/03\/REGIMENTO-INTERNO-DO-COMITE-DE-INVESTIMENTOS_EQTPREV.pdf\">Regimento Interno &#8211; <strong>Comit\u00ea de Investimentos<\/strong><\/a><\/p><p><a href=\"http:\/\/eqtprev.com.br\/wp-content\/uploads\/2025\/03\/REGIMENTO-INTERNO-DA-DIRETORIA-EXECUTIVA_EQTPREV.pdf\">Regimento Interno &#8211; <strong>Diretoria Executiva<\/strong><\/a><\/p><p><a href=\"http:\/\/eqtprev.com.br\/wp-content\/uploads\/2025\/08\/2-regimento-EQTPREV-2024.pdf\">Regimento Interno &#8211; <strong>Processo Eleitoral<\/strong><\/a><\/p><p class=\"has-normal-font-size\">\u00a0<\/p>\t\t\t\t\t\t\t\t<\/div>\n\t\t\t\t<\/div>\n\t\t\t\t\t<\/div>\n\t\t\t\t<\/div>\n\t\t\t\t<\/div>\n\t\t","protected":false},"excerpt":{"rendered":"<p>Regimento Interno A EQTPREV possui Regimentos Internos, documento que estabelece um conjunto de regras para regulamentar o seu funcionamento. Nos referidos documentos, est\u00e1 definido como devem atuar o Conselho Deliberativo, o Conselho Fiscal, Comit\u00ea de Investimentos e a Diretoria Executiva, bem como a din\u00e2mica das reuni\u00f5es e os registros dos atos gerados pelos colegiados. Os [&hellip;]<\/p>\n","protected":false},"author":3,"featured_media":0,"parent":1301,"menu_order":0,"comment_status":"closed","ping_status":"closed","template":"elementor_header_footer","meta":{"inline_featured_image":false,"footnotes":""},"class_list":["post-5234","page","type-page","status-publish","hentry"],"_links":{"self":[{"href":"https:\/\/eqtprev.com.br\/index.php\/wp-json\/wp\/v2\/pages\/5234","targetHints":{"allow":["GET"]}}],"collection":[{"href":"https:\/\/eqtprev.com.br\/index.php\/wp-json\/wp\/v2\/pages"}],"about":[{"href":"https:\/\/eqtprev.com.br\/index.php\/wp-json\/wp\/v2\/types\/page"}],"author":[{"embeddable":true,"href":"https:\/\/eqtprev.com.br\/index.php\/wp-json\/wp\/v2\/users\/3"}],"replies":[{"embeddable":true,"href":"https:\/\/eqtprev.com.br\/index.php\/wp-json\/wp\/v2\/comments?post=5234"}],"version-history":[{"count":19,"href":"https:\/\/eqtprev.com.br\/index.php\/wp-json\/wp\/v2\/pages\/5234\/revisions"}],"predecessor-version":[{"id":7935,"href":"https:\/\/eqtprev.com.br\/index.php\/wp-json\/wp\/v2\/pages\/5234\/revisions\/7935"}],"up":[{"embeddable":true,"href":"https:\/\/eqtprev.com.br\/index.php\/wp-json\/wp\/v2\/pages\/1301"}],"wp:attachment":[{"href":"https:\/\/eqtprev.com.br\/index.php\/wp-json\/wp\/v2\/media?parent=5234"}],"curies":[{"name":"wp","href":"https:\/\/api.w.org\/{rel}","templated":true}]}}