{"id":5203,"date":"2024-08-19T16:48:25","date_gmt":"2024-08-19T19:48:25","guid":{"rendered":"http:\/\/eqtprev.com.br\/?page_id=5203"},"modified":"2024-08-20T14:53:58","modified_gmt":"2024-08-20T17:53:58","slug":"guias-de-governanca","status":"publish","type":"page","link":"https:\/\/eqtprev.com.br\/index.php\/governanca\/guias-de-governanca\/","title":{"rendered":"Guias de Governan\u00e7a"},"content":{"rendered":"\t\t<div data-elementor-type=\"wp-page\" data-elementor-id=\"5203\" class=\"elementor elementor-5203\" data-elementor-post-type=\"page\">\n\t\t\t\t<div class=\"elementor-element elementor-element-8823a4c e-flex e-con-boxed e-con e-parent\" data-id=\"8823a4c\" data-element_type=\"container\" data-e-type=\"container\">\n\t\t\t\t\t<div class=\"e-con-inner\">\n\t\t\t\t<div class=\"elementor-element elementor-element-80cbe67 elementor-widget elementor-widget-heading\" data-id=\"80cbe67\" data-element_type=\"widget\" data-e-type=\"widget\" data-widget_type=\"heading.default\">\n\t\t\t\t<div class=\"elementor-widget-container\">\n\t\t\t\t\t<h2 class=\"elementor-heading-title elementor-size-default\">Guias de Governan\u00e7a<\/h2>\t\t\t\t<\/div>\n\t\t\t\t<\/div>\n\t\t\t\t<div class=\"elementor-element elementor-element-820c8c5 elementor-widget elementor-widget-text-editor\" data-id=\"820c8c5\" data-element_type=\"widget\" data-e-type=\"widget\" data-widget_type=\"text-editor.default\">\n\t\t\t\t<div class=\"elementor-widget-container\">\n\t\t\t\t\t\t\t\t\t<h3><strong>Leitura indispens\u00e1vel para voc\u00ea, participante de um fundo de pens\u00e3o<\/strong><\/h3><p>A PREVIC em busca pela excel\u00eancia na previd\u00eancia brasileira, criou manuais e guias que tem finalidade de orientar dirigentes, participantes, assistidos, patrocinadores, instituidores e os pr\u00f3prios servidores da Previc quanto \u00e0 gest\u00e3o dos fundos de pens\u00e3o.<\/p><p>Os guias est\u00e3o divididos em t\u00f3picos essenciais: estrutura de governan\u00e7a, investimentos, passivo previdenci\u00e1rio e gest\u00e3o de riscos, com mat\u00e9rias aprofundadas sobre as boas pr\u00e1ticas de gest\u00e3o pelos fundos de pens\u00e3o, al\u00e9m de recomenda\u00e7\u00f5es e determina\u00e7\u00f5es da PREVIC para o sistema.<\/p>\t\t\t\t\t\t\t\t<\/div>\n\t\t\t\t<\/div>\n\t\t\t\t<div class=\"elementor-element elementor-element-6506ecd elementor-widget elementor-widget-text-editor\" data-id=\"6506ecd\" data-element_type=\"widget\" data-e-type=\"widget\" id=\"link-a\" data-widget_type=\"text-editor.default\">\n\t\t\t\t<div class=\"elementor-widget-container\">\n\t\t\t\t\t\t\t\t\t<p>Conhe\u00e7a os Guias e Manuais:<\/p><ul><li><a href=\"http:\/\/eqtprev.com.br\/wp-content\/uploads\/2024\/08\/1-Manual-Boas-Praticas-TI-Abrapp.pdf\" target=\"_blank\" rel=\"noreferrer noopener\" aria-label=\"Manual de Boas Pr\u00e1ticas TI \u2013 Abrapp (abre numa nova aba)\">Manual de Boas Pr\u00e1ticas TI \u2013 Abrapp<\/a><\/li><li><a href=\"http:\/\/eqtprev.com.br\/wp-content\/uploads\/2024\/08\/2-Guia-para-Modelo-de-Avalicao-de-Desempenho.pdf\" target=\"_blank\" rel=\"noreferrer noopener\" aria-label=\"Guia para Modelo de Avalia\u00e7\u00e3o de Desempenho (abre numa nova aba)\">Guia para Modelo de Avalia\u00e7\u00e3o de Desempenho<\/a><\/li><li><a href=\"http:\/\/eqtprev.com.br\/wp-content\/uploads\/2024\/08\/3-melhores-praticas-em-licenciamento-2021.pdf\">Guia de Pr\u00e1ticas em Licenciamento<\/a><\/li><li><a href=\"http:\/\/eqtprev.com.br\/wp-content\/uploads\/2024\/08\/4-Novo-Guia-Previc-Melhores-Praticas-de-Investimentos.pdf\">Guia de Melhores Pr\u00e1ticas em Investimento<\/a><\/li><li><a href=\"http:\/\/eqtprev.com.br\/wp-content\/uploads\/2024\/08\/5-Guia-de-Boas-Praticas-em-Treinamento-e-Desenvolvimento.pdf\" target=\"_blank\" rel=\"noreferrer noopener\" aria-label=\"Guia de Boas Pr\u00e1ticas em Treinamento e Desenvolvimento (abre numa nova aba)\">Guia de Boas Pr\u00e1ticas em Treinamento e Desenvolvimento<\/a><\/li><li><a href=\"http:\/\/eqtprev.com.br\/wp-content\/uploads\/2024\/08\/6-Guia-sobre-Previdencia-Social.pdf\" target=\"_blank\" rel=\"noreferrer noopener\" aria-label=\"Guia sobre Previd\u00eancia Social (abre numa nova aba)\">Guia sobre Previd\u00eancia Social<\/a><\/li><li><a href=\"http:\/\/eqtprev.com.br\/wp-content\/uploads\/2024\/08\/7-Guia-do-Participante-1.pdf\" target=\"_blank\" rel=\"noreferrer noopener\" aria-label=\"Guia do Participante (abre numa nova aba)\">Guia do Participante<\/a><\/li><li><a href=\"http:\/\/eqtprev.com.br\/wp-content\/uploads\/2024\/08\/8-Guia-de-Praticas-de-Governanca.pdf\" target=\"_blank\" rel=\"noreferrer noopener\" aria-label=\"Guia de Pr\u00e1ticas de Governan\u00e7a (abre numa nova aba)\">Guia de Pr\u00e1ticas de Governan\u00e7a<\/a><\/li><li><a href=\"http:\/\/eqtprev.com.br\/wp-content\/uploads\/2024\/08\/9-Guia-de-Melhores-Praticas-de-Fundos-de-Pensao.pdf\" target=\"_blank\" rel=\"noreferrer noopener\" aria-label=\"Guia de Melhores Pr\u00e1ticas de Fundos de Pens\u00e3o (abre numa nova aba)\">Guia de Melhores Pr\u00e1ticas de Fundos de Pens\u00e3o<\/a><\/li><\/ul>\t\t\t\t\t\t\t\t<\/div>\n\t\t\t\t<\/div>\n\t\t\t\t\t<\/div>\n\t\t\t\t<\/div>\n\t\t\t\t<\/div>\n\t\t","protected":false},"excerpt":{"rendered":"<p>Guias de Governan\u00e7a Leitura indispens\u00e1vel para voc\u00ea, participante de um fundo de pens\u00e3o A PREVIC em busca pela excel\u00eancia na previd\u00eancia brasileira, criou manuais e guias que tem finalidade de orientar dirigentes, participantes, assistidos, patrocinadores, instituidores e os pr\u00f3prios servidores da Previc quanto \u00e0 gest\u00e3o dos fundos de pens\u00e3o. Os guias est\u00e3o divididos em t\u00f3picos [&hellip;]<\/p>\n","protected":false},"author":3,"featured_media":0,"parent":1301,"menu_order":0,"comment_status":"closed","ping_status":"closed","template":"elementor_header_footer","meta":{"inline_featured_image":false,"footnotes":""},"class_list":["post-5203","page","type-page","status-publish","hentry"],"_links":{"self":[{"href":"https:\/\/eqtprev.com.br\/index.php\/wp-json\/wp\/v2\/pages\/5203","targetHints":{"allow":["GET"]}}],"collection":[{"href":"https:\/\/eqtprev.com.br\/index.php\/wp-json\/wp\/v2\/pages"}],"about":[{"href":"https:\/\/eqtprev.com.br\/index.php\/wp-json\/wp\/v2\/types\/page"}],"author":[{"embeddable":true,"href":"https:\/\/eqtprev.com.br\/index.php\/wp-json\/wp\/v2\/users\/3"}],"replies":[{"embeddable":true,"href":"https:\/\/eqtprev.com.br\/index.php\/wp-json\/wp\/v2\/comments?post=5203"}],"version-history":[{"count":22,"href":"https:\/\/eqtprev.com.br\/index.php\/wp-json\/wp\/v2\/pages\/5203\/revisions"}],"predecessor-version":[{"id":5315,"href":"https:\/\/eqtprev.com.br\/index.php\/wp-json\/wp\/v2\/pages\/5203\/revisions\/5315"}],"up":[{"embeddable":true,"href":"https:\/\/eqtprev.com.br\/index.php\/wp-json\/wp\/v2\/pages\/1301"}],"wp:attachment":[{"href":"https:\/\/eqtprev.com.br\/index.php\/wp-json\/wp\/v2\/media?parent=5203"}],"curies":[{"name":"wp","href":"https:\/\/api.w.org\/{rel}","templated":true}]}}