{"id":5174,"date":"2024-08-19T12:48:49","date_gmt":"2024-08-19T15:48:49","guid":{"rendered":"http:\/\/eqtprev.com.br\/?page_id=5174"},"modified":"2025-07-04T15:25:04","modified_gmt":"2025-07-04T18:25:04","slug":"estatuto","status":"publish","type":"page","link":"https:\/\/eqtprev.com.br\/index.php\/governanca\/estatuto\/","title":{"rendered":"Estatuto"},"content":{"rendered":"\t\t<div data-elementor-type=\"wp-page\" data-elementor-id=\"5174\" class=\"elementor elementor-5174\" data-elementor-post-type=\"page\">\n\t\t\t\t<div class=\"elementor-element elementor-element-79ce7ea e-flex e-con-boxed e-con e-parent\" data-id=\"79ce7ea\" data-element_type=\"container\" data-e-type=\"container\">\n\t\t\t\t\t<div class=\"e-con-inner\">\n\t\t\t\t<div class=\"elementor-element elementor-element-4cd095e elementor-widget elementor-widget-heading\" data-id=\"4cd095e\" data-element_type=\"widget\" data-e-type=\"widget\" data-widget_type=\"heading.default\">\n\t\t\t\t<div class=\"elementor-widget-container\">\n\t\t\t\t\t<h2 class=\"elementor-heading-title elementor-size-default\">Estatuto<\/h2>\t\t\t\t<\/div>\n\t\t\t\t<\/div>\n\t\t\t\t<div class=\"elementor-element elementor-element-930cb94 elementor-widget elementor-widget-text-editor\" data-id=\"930cb94\" data-element_type=\"widget\" data-e-type=\"widget\" id=\"link-a\" data-widget_type=\"text-editor.default\">\n\t\t\t\t<div class=\"elementor-widget-container\">\n\t\t\t\t\t\t\t\t\t<p class=\"has-normal-font-size\">Aprovado pela Portaria n\u00ba 3.671, de 07 de fevereiro de 1986, publicada no Di\u00e1rio Oficial da Uni\u00e3o n\u00ba 2.432, de 13 de fevereiro de 1986, o Estatuto Social \u00e9 o documento legal que regulamenta o funcionamento da EQTPREV \u2013 Equatorial Energia Funda\u00e7\u00e3o de Previd\u00eancia.\u00a0<\/p><p class=\"has-normal-font-size\">O documento\u00a0estabelece as regras b\u00e1sicas que regem a EQTPREV, tais como: a forma de organiza\u00e7\u00e3o, a rela\u00e7\u00e3o com patrocinadores, participantes e assistidos, bem como a organiza\u00e7\u00e3o de seus \u00f3rg\u00e3os deliberativos, executivos e de fiscaliza\u00e7\u00e3o.\u00a0<\/p><p class=\"has-normal-font-size\">A \u00faltima altera\u00e7\u00e3o do Estatuto foi aprovada atrav\u00e9s da <strong><a href=\"http:\/\/eqtprev.com.br\/wp-content\/uploads\/2025\/07\/PORTARIA-PREVIC-N.542_2025.pdf\">Portaria n\u00ba 542, de 18 de junho de 2025<\/a><\/strong>, publicada no <strong><a href=\"http:\/\/eqtprev.com.br\/wp-content\/uploads\/2025\/07\/Diario-Oficial-PORTARIA-542.pdf\">Di\u00e1rio Oficial da Uni\u00e3o em 04 de julho de 2025<\/a><\/strong>. As mudan\u00e7as visavam adequ\u00e1-lo \u00e0 nova estrutura decorrente da mudan\u00e7a na composi\u00e7\u00e3o da Diretoria e outros ajustes textuais. Veja o <a href=\"http:\/\/eqtprev.com.br\/wp-content\/uploads\/2025\/07\/QUADRO-COMPARATIVO-ESTATUTO-ASSINADO.pdf\" target=\"_blank\" rel=\"noopener\"><strong>Quadro Comparativo<\/strong><\/a>.<\/p>\t\t\t\t\t\t\t\t<\/div>\n\t\t\t\t<\/div>\n\t\t\t\t<div class=\"elementor-element elementor-element-632d061 elementor-widget elementor-widget-text-editor\" data-id=\"632d061\" data-element_type=\"widget\" data-e-type=\"widget\" id=\"link-a\" data-widget_type=\"text-editor.default\">\n\t\t\t\t<div class=\"elementor-widget-container\">\n\t\t\t\t\t\t\t\t\t<p class=\"has-normal-font-size\"><a href=\"http:\/\/eqtprev.com.br\/wp-content\/uploads\/2025\/07\/Estatuto-Social-EQTPREV.pdf\" target=\"_blank\" rel=\"noopener\"><strong>Clique aqui<\/strong>\u00a0<\/a>para acessar a vers\u00e3o atualmente vigente do Estatuto.\u00a0<\/p>\t\t\t\t\t\t\t\t<\/div>\n\t\t\t\t<\/div>\n\t\t\t\t\t<\/div>\n\t\t\t\t<\/div>\n\t\t\t\t<\/div>\n\t\t","protected":false},"excerpt":{"rendered":"<p>Estatuto Aprovado pela Portaria n\u00ba 3.671, de 07 de fevereiro de 1986, publicada no Di\u00e1rio Oficial da Uni\u00e3o n\u00ba 2.432, de 13 de fevereiro de 1986, o Estatuto Social \u00e9 o documento legal que regulamenta o funcionamento da EQTPREV \u2013 Equatorial Energia Funda\u00e7\u00e3o de Previd\u00eancia.\u00a0 O documento\u00a0estabelece as regras b\u00e1sicas que regem a EQTPREV, tais [&hellip;]<\/p>\n","protected":false},"author":3,"featured_media":0,"parent":1301,"menu_order":0,"comment_status":"closed","ping_status":"closed","template":"elementor_header_footer","meta":{"inline_featured_image":false,"footnotes":""},"class_list":["post-5174","page","type-page","status-publish","hentry"],"_links":{"self":[{"href":"https:\/\/eqtprev.com.br\/index.php\/wp-json\/wp\/v2\/pages\/5174","targetHints":{"allow":["GET"]}}],"collection":[{"href":"https:\/\/eqtprev.com.br\/index.php\/wp-json\/wp\/v2\/pages"}],"about":[{"href":"https:\/\/eqtprev.com.br\/index.php\/wp-json\/wp\/v2\/types\/page"}],"author":[{"embeddable":true,"href":"https:\/\/eqtprev.com.br\/index.php\/wp-json\/wp\/v2\/users\/3"}],"replies":[{"embeddable":true,"href":"https:\/\/eqtprev.com.br\/index.php\/wp-json\/wp\/v2\/comments?post=5174"}],"version-history":[{"count":22,"href":"https:\/\/eqtprev.com.br\/index.php\/wp-json\/wp\/v2\/pages\/5174\/revisions"}],"predecessor-version":[{"id":7774,"href":"https:\/\/eqtprev.com.br\/index.php\/wp-json\/wp\/v2\/pages\/5174\/revisions\/7774"}],"up":[{"embeddable":true,"href":"https:\/\/eqtprev.com.br\/index.php\/wp-json\/wp\/v2\/pages\/1301"}],"wp:attachment":[{"href":"https:\/\/eqtprev.com.br\/index.php\/wp-json\/wp\/v2\/media?parent=5174"}],"curies":[{"name":"wp","href":"https:\/\/api.w.org\/{rel}","templated":true}]}}