{"id":5166,"date":"2024-08-19T12:19:03","date_gmt":"2024-08-19T15:19:03","guid":{"rendered":"http:\/\/eqtprev.com.br\/?page_id=5166"},"modified":"2026-02-25T11:21:22","modified_gmt":"2026-02-25T14:21:22","slug":"codigo-de-etica","status":"publish","type":"page","link":"https:\/\/eqtprev.com.br\/index.php\/governanca\/codigo-de-etica\/","title":{"rendered":"C\u00f3digo de \u00c9tica"},"content":{"rendered":"\t\t<div data-elementor-type=\"wp-page\" data-elementor-id=\"5166\" class=\"elementor elementor-5166\" data-elementor-post-type=\"page\">\n\t\t\t\t<div class=\"elementor-element elementor-element-85ab57d e-flex e-con-boxed e-con e-parent\" data-id=\"85ab57d\" data-element_type=\"container\" data-e-type=\"container\">\n\t\t\t\t\t<div class=\"e-con-inner\">\n\t\t\t\t<div class=\"elementor-element elementor-element-6ed92ea elementor-widget elementor-widget-heading\" data-id=\"6ed92ea\" data-element_type=\"widget\" data-e-type=\"widget\" data-widget_type=\"heading.default\">\n\t\t\t\t<div class=\"elementor-widget-container\">\n\t\t\t\t\t<h2 class=\"elementor-heading-title elementor-size-default\">C\u00f3digo de \u00c9tica e Conduta<\/h2>\t\t\t\t<\/div>\n\t\t\t\t<\/div>\n\t\t\t\t<div class=\"elementor-element elementor-element-136e042 elementor-widget elementor-widget-text-editor\" data-id=\"136e042\" data-element_type=\"widget\" data-e-type=\"widget\" data-widget_type=\"text-editor.default\">\n\t\t\t\t<div class=\"elementor-widget-container\">\n\t\t\t\t\t\t\t\t\t<p>A Equatorial Energia Funda\u00e7\u00e3o de Previd\u00eancia reconhece a import\u00e2ncia de manter os mais altos padr\u00f5es em sua conduta, para<br \/>tanto o seu C\u00f3digo de \u00c9tica e Conduta apresenta uma s\u00e9rie de direcionamentos sobre direitos e deveres dos seus colaboradores<br \/>e norteia as rela\u00e7\u00f5es da empresa, construindo em processo amplamente representativo e participativo.<\/p><p>Entendemos que uma governan\u00e7a s\u00f3lida e um sistema de Compliance estruturado s\u00e3o fundamentais para viabilizar uma rela\u00e7\u00e3o<br \/>saud\u00e1vel entre empresa e sociedade, e garantir transpar\u00eancia, atua\u00e7\u00e3o \u00e9tica e integridade. O C\u00f3digo rege a nossa Ideologia<br \/>Corporativa e compromissos \u00e9ticos. Clique abaixo e acesse o documento:<\/p>\t\t\t\t\t\t\t\t<\/div>\n\t\t\t\t<\/div>\n\t\t\t\t<div class=\"elementor-element elementor-element-2617f69 elementor-align-left elementor-mobile-align-justify elementor-widget elementor-widget-button\" data-id=\"2617f69\" data-element_type=\"widget\" data-e-type=\"widget\" data-widget_type=\"button.default\">\n\t\t\t\t<div class=\"elementor-widget-container\">\n\t\t\t\t\t\t\t\t\t<div class=\"elementor-button-wrapper\">\n\t\t\t\t\t<a class=\"elementor-button elementor-button-link elementor-size-sm\" href=\"https:\/\/eqtprev.com.br\/wp-content\/uploads\/2026\/02\/CODIGO-DE-ETICA-FINAL_23.02.2026.pdf\" target=\"_blank\">\n\t\t\t\t\t\t<span class=\"elementor-button-content-wrapper\">\n\t\t\t\t\t\t\t\t\t<span class=\"elementor-button-text\">C\u00f3digo de \u00c9tica e Conduta\u200b<\/span>\n\t\t\t\t\t<\/span>\n\t\t\t\t\t<\/a>\n\t\t\t\t<\/div>\n\t\t\t\t\t\t\t\t<\/div>\n\t\t\t\t<\/div>\n\t\t\t\t\t<\/div>\n\t\t\t\t<\/div>\n\t\t\t\t<\/div>\n\t\t","protected":false},"excerpt":{"rendered":"<p>C\u00f3digo de \u00c9tica e Conduta A Equatorial Energia Funda\u00e7\u00e3o de Previd\u00eancia reconhece a import\u00e2ncia de manter os mais altos padr\u00f5es em sua conduta, paratanto o seu C\u00f3digo de \u00c9tica e Conduta apresenta uma s\u00e9rie de direcionamentos sobre direitos e deveres dos seus colaboradorese norteia as rela\u00e7\u00f5es da empresa, construindo em processo amplamente representativo e participativo. [&hellip;]<\/p>\n","protected":false},"author":3,"featured_media":0,"parent":1301,"menu_order":0,"comment_status":"closed","ping_status":"closed","template":"elementor_header_footer","meta":{"inline_featured_image":false,"footnotes":""},"class_list":["post-5166","page","type-page","status-publish","hentry"],"_links":{"self":[{"href":"https:\/\/eqtprev.com.br\/index.php\/wp-json\/wp\/v2\/pages\/5166","targetHints":{"allow":["GET"]}}],"collection":[{"href":"https:\/\/eqtprev.com.br\/index.php\/wp-json\/wp\/v2\/pages"}],"about":[{"href":"https:\/\/eqtprev.com.br\/index.php\/wp-json\/wp\/v2\/types\/page"}],"author":[{"embeddable":true,"href":"https:\/\/eqtprev.com.br\/index.php\/wp-json\/wp\/v2\/users\/3"}],"replies":[{"embeddable":true,"href":"https:\/\/eqtprev.com.br\/index.php\/wp-json\/wp\/v2\/comments?post=5166"}],"version-history":[{"count":18,"href":"https:\/\/eqtprev.com.br\/index.php\/wp-json\/wp\/v2\/pages\/5166\/revisions"}],"predecessor-version":[{"id":8644,"href":"https:\/\/eqtprev.com.br\/index.php\/wp-json\/wp\/v2\/pages\/5166\/revisions\/8644"}],"up":[{"embeddable":true,"href":"https:\/\/eqtprev.com.br\/index.php\/wp-json\/wp\/v2\/pages\/1301"}],"wp:attachment":[{"href":"https:\/\/eqtprev.com.br\/index.php\/wp-json\/wp\/v2\/media?parent=5166"}],"curies":[{"name":"wp","href":"https:\/\/api.w.org\/{rel}","templated":true}]}}