{"id":4098,"date":"2024-08-14T17:25:29","date_gmt":"2024-08-14T20:25:29","guid":{"rendered":"http:\/\/eqtprev.com.br\/?page_id=4098"},"modified":"2025-07-01T16:16:11","modified_gmt":"2025-07-01T19:16:11","slug":"painel-da-transparencia","status":"publish","type":"page","link":"https:\/\/eqtprev.com.br\/index.php\/painel-da-transparencia\/","title":{"rendered":"Painel da Transpar\u00eancia"},"content":{"rendered":"\t\t<div data-elementor-type=\"wp-page\" data-elementor-id=\"4098\" class=\"elementor elementor-4098\" data-elementor-post-type=\"page\">\n\t\t\t\t<div class=\"elementor-element elementor-element-4b0adad e-flex e-con-boxed e-con e-parent\" data-id=\"4b0adad\" data-element_type=\"container\" data-e-type=\"container\">\n\t\t\t\t\t<div class=\"e-con-inner\">\n\t\t\t\t<div class=\"elementor-element elementor-element-051ba77 elementor-widget elementor-widget-heading\" data-id=\"051ba77\" data-element_type=\"widget\" data-e-type=\"widget\" data-widget_type=\"heading.default\">\n\t\t\t\t<div class=\"elementor-widget-container\">\n\t\t\t\t\t<h2 class=\"elementor-heading-title elementor-size-default\">Painel da Transpar\u00eancia<\/h2>\t\t\t\t<\/div>\n\t\t\t\t<\/div>\n\t\t\t\t<div class=\"elementor-element elementor-element-f6ba96e elementor-widget elementor-widget-text-editor\" data-id=\"f6ba96e\" data-element_type=\"widget\" data-e-type=\"widget\" data-widget_type=\"text-editor.default\">\n\t\t\t\t<div class=\"elementor-widget-container\">\n\t\t\t\t\t\t\t\t\t<p>Prezado Participante, estamos disponibilizando o nosso\u00a0<span style=\"color: #003366;\"><a style=\"color: #003366;\" href=\"https:\/\/app.powerbi.com\/view?r=eyJrIjoiY2M5ODI0YjQtMjIxYi00OGRkLTg3NGQtMjBiODNjNzE0YWEyIiwidCI6IjY2YmMwNmJmLTEyOGYtNGMxZi1iNjM2LTE5ZWE3YWI4NjNhMyJ9\" target=\"_blank\" rel=\"noreferrer noopener\" aria-label=\" (abre numa nova aba)\"><strong>Painel da Transpar\u00eancia<\/strong><\/a>.<\/span> Com ele voc\u00ea ter\u00e1 acesso a evolu\u00e7\u00e3o hist\u00f3rica da Rentabilidade e Patrimonial do seu Plano de Benef\u00edcios, a quantidade de Participantes, bem como acompanhamento de nossa Gest\u00e3o Administrativa.<\/p><p>Com a ferramenta disponibilizada em nosso site, a EQTPREV d\u00e1 um importante salto na moderniza\u00e7\u00e3o de nossa comunica\u00e7\u00e3o, dando ao Participante a op\u00e7\u00e3o de escolher a informa\u00e7\u00e3o que desejar.<\/p><p>Ressaltamos ainda, que o\u00a0<span style=\"color: #003366;\"><a style=\"color: #003366;\" href=\"https:\/\/app.powerbi.com\/view?r=eyJrIjoiY2M5ODI0YjQtMjIxYi00OGRkLTg3NGQtMjBiODNjNzE0YWEyIiwidCI6IjY2YmMwNmJmLTEyOGYtNGMxZi1iNjM2LTE5ZWE3YWI4NjNhMyJ9\" target=\"_blank\" rel=\"noreferrer noopener\" aria-label=\" (abre numa nova aba)\"><strong>Painel da Transpar\u00eancia<\/strong><\/a>\u00a0<\/span>disponibiliza dados hist\u00f3ricos que se iniciam em Janeiro\/2019, e ser\u00e1 atualizado mensalmente pelas Ger\u00eancias da Funda\u00e7\u00e3o.<\/p>\t\t\t\t\t\t\t\t<\/div>\n\t\t\t\t<\/div>\n\t\t\t\t<div class=\"elementor-element elementor-element-f4b0c06 elementor-button-info elementor-align-left elementor-mobile-align-justify elementor-widget elementor-widget-button\" data-id=\"f4b0c06\" data-element_type=\"widget\" data-e-type=\"widget\" data-widget_type=\"button.default\">\n\t\t\t\t<div class=\"elementor-widget-container\">\n\t\t\t\t\t\t\t\t\t<div class=\"elementor-button-wrapper\">\n\t\t\t\t\t<a class=\"elementor-button elementor-button-link elementor-size-sm\" href=\"https:\/\/app.powerbi.com\/view?r=eyJrIjoiY2M5ODI0YjQtMjIxYi00OGRkLTg3NGQtMjBiODNjNzE0YWEyIiwidCI6IjY2YmMwNmJmLTEyOGYtNGMxZi1iNjM2LTE5ZWE3YWI4NjNhMyJ9\">\n\t\t\t\t\t\t<span class=\"elementor-button-content-wrapper\">\n\t\t\t\t\t\t\t\t\t<span class=\"elementor-button-text\">Painel da Transpar\u00eancia - Desktop (para computadores)<\/span>\n\t\t\t\t\t<\/span>\n\t\t\t\t\t<\/a>\n\t\t\t\t<\/div>\n\t\t\t\t\t\t\t\t<\/div>\n\t\t\t\t<\/div>\n\t\t\t\t<div class=\"elementor-element elementor-element-d7c759f elementor-button-info elementor-align-left elementor-mobile-align-justify elementor-widget elementor-widget-button\" data-id=\"d7c759f\" data-element_type=\"widget\" data-e-type=\"widget\" data-widget_type=\"button.default\">\n\t\t\t\t<div class=\"elementor-widget-container\">\n\t\t\t\t\t\t\t\t\t<div class=\"elementor-button-wrapper\">\n\t\t\t\t\t<a class=\"elementor-button elementor-button-link elementor-size-sm\" href=\"https:\/\/app.powerbi.com\/view?r=eyJrIjoiN2M3NjczMDktNGM2OC00YmJlLThlZGEtY2JmODkxZTcyMzIwIiwidCI6IjY2YmMwNmJmLTEyOGYtNGMxZi1iNjM2LTE5ZWE3YWI4NjNhMyJ9&#038;pageName=ReportSection89f7cbff0aeb4130cb4a\">\n\t\t\t\t\t\t<span class=\"elementor-button-content-wrapper\">\n\t\t\t\t\t\t\t\t\t<span class=\"elementor-button-text\">Painel da Transpar\u00eancia - Mobile (para celulares)<\/span>\n\t\t\t\t\t<\/span>\n\t\t\t\t\t<\/a>\n\t\t\t\t<\/div>\n\t\t\t\t\t\t\t\t<\/div>\n\t\t\t\t<\/div>\n\t\t<div class=\"elementor-element elementor-element-56ef17c e-con-full e-flex e-con e-child\" data-id=\"56ef17c\" data-element_type=\"container\" data-e-type=\"container\">\n\t\t\t\t<div class=\"elementor-element elementor-element-fd1c99a elementor-widget elementor-widget-video\" data-id=\"fd1c99a\" data-element_type=\"widget\" data-e-type=\"widget\" data-settings=\"{&quot;youtube_url&quot;:&quot;https:\\\/\\\/www.youtube.com\\\/watch?si=FWRrj-WxDs-uZSgH&amp;v=eJVbastRxXI&amp;feature=youtu.be&quot;,&quot;video_type&quot;:&quot;youtube&quot;,&quot;controls&quot;:&quot;yes&quot;}\" data-widget_type=\"video.default\">\n\t\t\t\t<div class=\"elementor-widget-container\">\n\t\t\t\t\t\t\t<div class=\"elementor-wrapper elementor-open-inline\">\n\t\t\t<div class=\"elementor-video\"><\/div>\t\t<\/div>\n\t\t\t\t\t\t<\/div>\n\t\t\t\t<\/div>\n\t\t\t\t<\/div>\n\t\t\t\t<div class=\"elementor-element elementor-element-a69e150 elementor-widget elementor-widget-text-editor\" data-id=\"a69e150\" data-element_type=\"widget\" data-e-type=\"widget\" data-widget_type=\"text-editor.default\">\n\t\t\t\t<div class=\"elementor-widget-container\">\n\t\t\t\t\t\t\t\t\t<p><strong style=\"text-align: var(--text-align);\">Abaixo Depoimento do Diretor Financeiro \u2013 Carlos Brito<\/strong><\/p><p>Com o compromisso de fortalecer a transpar\u00eancia com os participantes, a EQTPREV se dedicou \u00e0 implementa\u00e7\u00e3o de 100% das exig\u00eancias da Resolu\u00e7\u00e3o n\u00ba 32, do Conselho Nacional de Previd\u00eancia Complementar (CNPC), que disp\u00f5e sobre os procedimentos que devem ser observados por todas as Entidades Fechadas de Previd\u00eancia Complementar (EFPC) na divulga\u00e7\u00e3o de informa\u00e7\u00f5es relativas aos planos e de seus participantes.<\/p><p>O projeto de adequa\u00e7\u00e3o \u00e0 Resolu\u00e7\u00e3o pela Funda\u00e7\u00e3o foi cumprido dentro do prazo estipulado em um trabalho coordenado pela \u00c1rea de Controles Internos e Riscos da EQTPREV, com participa\u00e7\u00e3o e engajamento de todas as \u00e1reas de neg\u00f3cios. Optamos por n\u00e3o contratar uma consultoria externa, fazer internamente e foi a melhor op\u00e7\u00e3o quando olhamos para os resultados, pois economizamos e conseguimos dar a transpar\u00eancia solicitada. Fizemos dentro do prazo, o que mostra a seriedade da Funda\u00e7\u00e3o e nosso compromisso. Estamos muito satisfeitos com o resultado.<\/p><p>Como resultado, a EQTPREV garante mais transpar\u00eancia aos seus participantes, dando mais conhecimento e seguran\u00e7a sobre os processos da Funda\u00e7\u00e3o, muito embora j\u00e1 vi\u00e9ssemos h\u00e1 algum tempo atendendo parte dos requisitos exigidos pela Legisla\u00e7\u00e3o. Agora todos os Gaps foram cobertos, com especial destaque para a implanta\u00e7\u00e3o de Simuladores de Benef\u00edcios Futuros para os Planos de Contribui\u00e7\u00e3o Definida (CD) e Contribui\u00e7\u00e3o Vari\u00e1vel (CV), bem como a cria\u00e7\u00e3o do nosso<span style=\"color: #003366;\">\u00a0<strong><a style=\"color: #003366;\" href=\"https:\/\/app.powerbi.com\/view?r=eyJrIjoiY2M5ODI0YjQtMjIxYi00OGRkLTg3NGQtMjBiODNjNzE0YWEyIiwidCI6IjY2YmMwNmJmLTEyOGYtNGMxZi1iNjM2LTE5ZWE3YWI4NjNhMyJ9\" target=\"_blank\" rel=\"noreferrer noopener\" aria-label=\" (abre numa nova aba)\">Painel da Transpar\u00eancia<\/a>.<\/strong>\u00a0<\/span>O desejo da EQTPREV \u00e9 seguir fortalecendo a transpar\u00eancia de dados e de atos de Gest\u00e3o. Falamos dessa mudan\u00e7a de concep\u00e7\u00e3o sempre focados em proporcionar aos nossos Participantes um futuro cada vez melhor.<\/p>\t\t\t\t\t\t\t\t<\/div>\n\t\t\t\t<\/div>\n\t\t\t\t\t<\/div>\n\t\t\t\t<\/div>\n\t\t\t\t<\/div>\n\t\t","protected":false},"excerpt":{"rendered":"<p>Painel da Transpar\u00eancia Prezado Participante, estamos disponibilizando o nosso\u00a0Painel da Transpar\u00eancia. Com ele voc\u00ea ter\u00e1 acesso a evolu\u00e7\u00e3o hist\u00f3rica da Rentabilidade e Patrimonial do seu Plano de Benef\u00edcios, a quantidade de Participantes, bem como acompanhamento de nossa Gest\u00e3o Administrativa. Com a ferramenta disponibilizada em nosso site, a EQTPREV d\u00e1 um importante salto na moderniza\u00e7\u00e3o de [&hellip;]<\/p>\n","protected":false},"author":3,"featured_media":0,"parent":0,"menu_order":0,"comment_status":"closed","ping_status":"closed","template":"elementor_header_footer","meta":{"inline_featured_image":false,"footnotes":""},"class_list":["post-4098","page","type-page","status-publish","hentry"],"_links":{"self":[{"href":"https:\/\/eqtprev.com.br\/index.php\/wp-json\/wp\/v2\/pages\/4098","targetHints":{"allow":["GET"]}}],"collection":[{"href":"https:\/\/eqtprev.com.br\/index.php\/wp-json\/wp\/v2\/pages"}],"about":[{"href":"https:\/\/eqtprev.com.br\/index.php\/wp-json\/wp\/v2\/types\/page"}],"author":[{"embeddable":true,"href":"https:\/\/eqtprev.com.br\/index.php\/wp-json\/wp\/v2\/users\/3"}],"replies":[{"embeddable":true,"href":"https:\/\/eqtprev.com.br\/index.php\/wp-json\/wp\/v2\/comments?post=4098"}],"version-history":[{"count":29,"href":"https:\/\/eqtprev.com.br\/index.php\/wp-json\/wp\/v2\/pages\/4098\/revisions"}],"predecessor-version":[{"id":7752,"href":"https:\/\/eqtprev.com.br\/index.php\/wp-json\/wp\/v2\/pages\/4098\/revisions\/7752"}],"wp:attachment":[{"href":"https:\/\/eqtprev.com.br\/index.php\/wp-json\/wp\/v2\/media?parent=4098"}],"curies":[{"name":"wp","href":"https:\/\/api.w.org\/{rel}","templated":true}]}}