{"id":39,"date":"2023-12-05T17:07:33","date_gmt":"2023-12-05T17:07:33","guid":{"rendered":"http:\/\/10.6.4.46\/?page_id=39"},"modified":"2024-08-23T14:57:54","modified_gmt":"2024-08-23T17:57:54","slug":"simulador","status":"publish","type":"page","link":"https:\/\/eqtprev.com.br\/index.php\/simulador\/","title":{"rendered":"Simulador"},"content":{"rendered":"\t\t<div data-elementor-type=\"wp-page\" data-elementor-id=\"39\" class=\"elementor elementor-39\" data-elementor-post-type=\"page\">\n\t\t\t\t<div class=\"elementor-element elementor-element-6cf1cad e-flex e-con-boxed e-con e-parent\" data-id=\"6cf1cad\" data-element_type=\"container\" data-e-type=\"container\" data-settings=\"{&quot;background_background&quot;:&quot;classic&quot;}\">\n\t\t\t\t\t<div class=\"e-con-inner\">\n\t\t<div class=\"elementor-element elementor-element-771941b e-con-full e-flex e-con e-child\" data-id=\"771941b\" data-element_type=\"container\" data-e-type=\"container\">\n\t\t\t\t<div class=\"elementor-element elementor-element-19d262d elementor-widget elementor-widget-text-editor\" data-id=\"19d262d\" data-element_type=\"widget\" data-e-type=\"widget\" data-widget_type=\"text-editor.default\">\n\t\t\t\t<div class=\"elementor-widget-container\">\n\t\t\t\t\t\t\t\t\t<p>Voc\u00ea est\u00e1 pronto para transformar<br \/><span style=\"color: #043d5d;\">seus planos em realidade?<\/span><\/p>\t\t\t\t\t\t\t\t<\/div>\n\t\t\t\t<\/div>\n\t\t\t\t<div class=\"elementor-element elementor-element-95614d0 elementor-widget elementor-widget-text-editor\" data-id=\"95614d0\" data-element_type=\"widget\" data-e-type=\"widget\" data-widget_type=\"text-editor.default\">\n\t\t\t\t<div class=\"elementor-widget-container\">\n\t\t\t\t\t\t\t\t\t<p>Este simulador \u00e9 destinado para colaboradores que ainda n\u00e3o s\u00e3o participantes. Se voc\u00ea j\u00e1 \u00e9 participante, acesse a funcionalidade de \u201cRenda Monitorada\u201d dispon\u00edvel no seu <a href=\"https:\/\/eqtprev.com.br\/index.php\/area-restrita-dos-participantes\/\">portal<\/a>.<\/p>\t\t\t\t\t\t\t\t<\/div>\n\t\t\t\t<\/div>\n\t\t\t\t<\/div>\n\t\t<div class=\"elementor-element elementor-element-93bae8a e-con-full e-flex e-con e-child\" data-id=\"93bae8a\" data-element_type=\"container\" data-e-type=\"container\">\n\t\t\t\t<div class=\"elementor-element elementor-element-6489514 elementor-widget elementor-widget-image\" data-id=\"6489514\" data-element_type=\"widget\" data-e-type=\"widget\" data-widget_type=\"image.default\">\n\t\t\t\t<div class=\"elementor-widget-container\">\n\t\t\t\t\t\t\t\t\t\t\t\t\t\t\t<img fetchpriority=\"high\" decoding=\"async\" width=\"384\" height=\"330\" src=\"https:\/\/eqtprev.com.br\/wp-content\/uploads\/2023\/12\/img-section-1.png\" class=\"attachment-large size-large wp-image-157\" alt=\"\" srcset=\"https:\/\/eqtprev.com.br\/wp-content\/uploads\/2023\/12\/img-section-1.png 384w, https:\/\/eqtprev.com.br\/wp-content\/uploads\/2023\/12\/img-section-1-300x258.png 300w\" sizes=\"(max-width: 384px) 100vw, 384px\" \/>\t\t\t\t\t\t\t\t\t\t\t\t\t\t\t<\/div>\n\t\t\t\t<\/div>\n\t\t\t\t<\/div>\n\t\t\t\t\t<\/div>\n\t\t\t\t<\/div>\n\t\t<div class=\"elementor-element elementor-element-3339d45 e-flex e-con-boxed e-con e-parent\" data-id=\"3339d45\" data-element_type=\"container\" data-e-type=\"container\">\n\t\t\t\t\t<div class=\"e-con-inner\">\n\t\t\t\t<div class=\"elementor-element elementor-element-09121b3 elementor-widget elementor-widget-html\" data-id=\"09121b3\" data-element_type=\"widget\" data-e-type=\"widget\" data-widget_type=\"html.default\">\n\t\t\t\t<div class=\"elementor-widget-container\">\n\t\t\t\t\t<iframe src=\"\/simuladores-eqtprev\/\" allowtransparency=\"true\"width=\"900\" height=\"1500\" allow=\"fullscreen\"><\/iframe>\t\t\t\t<\/div>\n\t\t\t\t<\/div>\n\t\t\t\t\t<\/div>\n\t\t\t\t<\/div>\n\t\t\t\t<\/div>\n\t\t","protected":false},"excerpt":{"rendered":"<p>Voc\u00ea est\u00e1 pronto para transformarseus planos em realidade? Este simulador \u00e9 destinado para colaboradores que ainda n\u00e3o s\u00e3o participantes. Se voc\u00ea j\u00e1 \u00e9 participante, acesse a funcionalidade de \u201cRenda Monitorada\u201d dispon\u00edvel no seu portal.<\/p>\n","protected":false},"author":3,"featured_media":0,"parent":0,"menu_order":0,"comment_status":"closed","ping_status":"closed","template":"elementor_header_footer","meta":{"inline_featured_image":false,"footnotes":""},"class_list":["post-39","page","type-page","status-publish","hentry"],"_links":{"self":[{"href":"https:\/\/eqtprev.com.br\/index.php\/wp-json\/wp\/v2\/pages\/39","targetHints":{"allow":["GET"]}}],"collection":[{"href":"https:\/\/eqtprev.com.br\/index.php\/wp-json\/wp\/v2\/pages"}],"about":[{"href":"https:\/\/eqtprev.com.br\/index.php\/wp-json\/wp\/v2\/types\/page"}],"author":[{"embeddable":true,"href":"https:\/\/eqtprev.com.br\/index.php\/wp-json\/wp\/v2\/users\/3"}],"replies":[{"embeddable":true,"href":"https:\/\/eqtprev.com.br\/index.php\/wp-json\/wp\/v2\/comments?post=39"}],"version-history":[{"count":115,"href":"https:\/\/eqtprev.com.br\/index.php\/wp-json\/wp\/v2\/pages\/39\/revisions"}],"predecessor-version":[{"id":5409,"href":"https:\/\/eqtprev.com.br\/index.php\/wp-json\/wp\/v2\/pages\/39\/revisions\/5409"}],"wp:attachment":[{"href":"https:\/\/eqtprev.com.br\/index.php\/wp-json\/wp\/v2\/media?parent=39"}],"curies":[{"name":"wp","href":"https:\/\/api.w.org\/{rel}","templated":true}]}}