{"id":1722,"date":"2024-01-25T18:24:06","date_gmt":"2024-01-25T18:24:06","guid":{"rendered":"http:\/\/10.6.4.46\/?page_id=1722"},"modified":"2025-10-10T17:08:47","modified_gmt":"2025-10-10T20:08:47","slug":"plano-celpa-r","status":"publish","type":"page","link":"https:\/\/eqtprev.com.br\/index.php\/planos\/plano-celpa-r\/","title":{"rendered":"Plano Celpa R"},"content":{"rendered":"\t\t<div data-elementor-type=\"wp-page\" data-elementor-id=\"1722\" class=\"elementor elementor-1722\" data-elementor-post-type=\"page\">\n\t\t\t\t<div class=\"elementor-element elementor-element-cbaa477 e-flex e-con-boxed e-con e-parent\" data-id=\"cbaa477\" data-element_type=\"container\" data-e-type=\"container\" data-settings=\"{&quot;background_background&quot;:&quot;classic&quot;}\">\n\t\t\t\t\t<div class=\"e-con-inner\">\n\t\t\t\t<div class=\"elementor-element elementor-element-72caf1b elementor-widget elementor-widget-heading\" data-id=\"72caf1b\" data-element_type=\"widget\" data-e-type=\"widget\" data-widget_type=\"heading.default\">\n\t\t\t\t<div class=\"elementor-widget-container\">\n\t\t\t\t\t<h2 class=\"elementor-heading-title elementor-size-default\">DESCUBRA O PLANO CELPA R.<\/h2>\t\t\t\t<\/div>\n\t\t\t\t<\/div>\n\t\t\t\t<div class=\"elementor-element elementor-element-4eaf91e elementor-widget elementor-widget-heading\" data-id=\"4eaf91e\" data-element_type=\"widget\" data-e-type=\"widget\" data-widget_type=\"heading.default\">\n\t\t\t\t<div class=\"elementor-widget-container\">\n\t\t\t\t\t<h2 class=\"elementor-heading-title elementor-size-default\">Garanta seu Futuro<br> com Eqtprev.<\/h2>\t\t\t\t<\/div>\n\t\t\t\t<\/div>\n\t\t\t\t<div class=\"elementor-element elementor-element-a5583f3 elementor-widget elementor-widget-heading\" data-id=\"a5583f3\" data-element_type=\"widget\" data-e-type=\"widget\" data-widget_type=\"heading.default\">\n\t\t\t\t<div class=\"elementor-widget-container\">\n\t\t\t\t\t<h2 class=\"elementor-heading-title elementor-size-default\">Investimento inteligente para aposentadoria tranquila.<\/h2>\t\t\t\t<\/div>\n\t\t\t\t<\/div>\n\t\t\t\t\t<\/div>\n\t\t\t\t<\/div>\n\t\t<div class=\"elementor-element elementor-element-281a543 e-flex e-con-boxed e-con e-parent\" data-id=\"281a543\" data-element_type=\"container\" data-e-type=\"container\">\n\t\t\t\t\t<div class=\"e-con-inner\">\n\t\t<div class=\"elementor-element elementor-element-3e44721 e-con-full e-flex e-con e-child\" data-id=\"3e44721\" data-element_type=\"container\" data-e-type=\"container\">\n\t\t\t\t<div class=\"elementor-element elementor-element-85c8a32 elementor-widget elementor-widget-image\" data-id=\"85c8a32\" data-element_type=\"widget\" data-e-type=\"widget\" data-widget_type=\"image.default\">\n\t\t\t\t<div class=\"elementor-widget-container\">\n\t\t\t\t\t\t\t\t\t\t\t\t\t\t\t<img fetchpriority=\"high\" decoding=\"async\" width=\"554\" height=\"608\" src=\"https:\/\/eqtprev.com.br\/wp-content\/uploads\/2024\/01\/Left-Collunm-4.png\" class=\"attachment-large size-large wp-image-1732\" alt=\"\" srcset=\"https:\/\/eqtprev.com.br\/wp-content\/uploads\/2024\/01\/Left-Collunm-4.png 554w, https:\/\/eqtprev.com.br\/wp-content\/uploads\/2024\/01\/Left-Collunm-4-273x300.png 273w\" sizes=\"(max-width: 554px) 100vw, 554px\" \/>\t\t\t\t\t\t\t\t\t\t\t\t\t\t\t<\/div>\n\t\t\t\t<\/div>\n\t\t\t\t<\/div>\n\t\t<div class=\"elementor-element elementor-element-fa91ac8 e-con-full e-flex e-con e-child\" data-id=\"fa91ac8\" data-element_type=\"container\" data-e-type=\"container\">\n\t\t\t\t<div class=\"elementor-element elementor-element-73fb661 elementor-widget elementor-widget-heading\" data-id=\"73fb661\" data-element_type=\"widget\" data-e-type=\"widget\" data-widget_type=\"heading.default\">\n\t\t\t\t<div class=\"elementor-widget-container\">\n\t\t\t\t\t<h2 class=\"elementor-heading-title elementor-size-default\">Plano CELPA R<\/h2>\t\t\t\t<\/div>\n\t\t\t\t<\/div>\n\t\t\t\t<div class=\"elementor-element elementor-element-95a5583 elementor-widget elementor-widget-text-editor\" data-id=\"95a5583\" data-element_type=\"widget\" data-e-type=\"widget\" data-widget_type=\"text-editor.default\">\n\t\t\t\t<div class=\"elementor-widget-container\">\n\t\t\t\t\t\t\t\t\t<p>O Plano CELPA R \u00e9 um plano n\u00e3o contributivo do tipo benef\u00edcio definido, que concede exclusivamente benef\u00edcios de risco e \u00e9 executado de forma indissoci\u00e1vel do Plano de Benef\u00edcios CELPA OP.<\/p>\t\t\t\t\t\t\t\t<\/div>\n\t\t\t\t<\/div>\n\t\t\t\t<div class=\"elementor-element elementor-element-b08e2ca elementor-widget elementor-widget-text-editor\" data-id=\"b08e2ca\" data-element_type=\"widget\" data-e-type=\"widget\" data-widget_type=\"text-editor.default\">\n\t\t\t\t<div class=\"elementor-widget-container\">\n\t\t\t\t\t\t\t\t\t<ul><li>Data de In\u00edcio de Funcionamento: 08\/05\/2015.<\/li><li>Situa\u00e7\u00e3o: Fechado a novas inscri\u00e7\u00f5es desde 13 de dezembro de 2018.<\/li><li>CNPB: 2015.0007-47.<\/li><\/ul>\t\t\t\t\t\t\t\t<\/div>\n\t\t\t\t<\/div>\n\t\t\t\t<\/div>\n\t\t\t\t\t<\/div>\n\t\t\t\t<\/div>\n\t\t<div class=\"elementor-element elementor-element-53ed959 e-flex e-con-boxed e-con e-parent\" data-id=\"53ed959\" data-element_type=\"container\" data-e-type=\"container\">\n\t\t\t\t\t<div class=\"e-con-inner\">\n\t\t\t\t<div class=\"elementor-element elementor-element-a688ccb elementor-widget elementor-widget-heading\" data-id=\"a688ccb\" data-element_type=\"widget\" data-e-type=\"widget\" data-widget_type=\"heading.default\">\n\t\t\t\t<div class=\"elementor-widget-container\">\n\t\t\t\t\t<h2 class=\"elementor-heading-title elementor-size-default\">BENEF\u00cdCIOS<\/h2>\t\t\t\t<\/div>\n\t\t\t\t<\/div>\n\t\t\t\t<div class=\"elementor-element elementor-element-1af933d elementor-widget elementor-widget-text-editor\" data-id=\"1af933d\" data-element_type=\"widget\" data-e-type=\"widget\" data-widget_type=\"text-editor.default\">\n\t\t\t\t<div class=\"elementor-widget-container\">\n\t\t\t\t\t\t\t\t\t<p><span style=\"color: #2c343e;\">Rendimentos S\u00f3lidos, Flexibilidade de Investimento e Seguran\u00e7a para sua Aposentadoria!<\/span><\/p>\t\t\t\t\t\t\t\t<\/div>\n\t\t\t\t<\/div>\n\t\t\t\t\t<\/div>\n\t\t\t\t<\/div>\n\t\t<div class=\"elementor-element elementor-element-c0a6f7b e-flex e-con-boxed e-con e-child\" data-id=\"c0a6f7b\" data-element_type=\"container\" data-e-type=\"container\">\n\t\t\t\t\t<div class=\"e-con-inner\">\n\t\t<div class=\"elementor-element elementor-element-3c0593d e-flex e-con-boxed e-con e-child\" data-id=\"3c0593d\" data-element_type=\"container\" data-e-type=\"container\" data-settings=\"{&quot;background_background&quot;:&quot;classic&quot;}\">\n\t\t\t\t\t<div class=\"e-con-inner\">\n\t\t\t\t<div class=\"elementor-element elementor-element-6054c73 elementor-position-inline-start elementor-view-default elementor-mobile-position-block-start elementor-widget elementor-widget-icon-box\" data-id=\"6054c73\" data-element_type=\"widget\" data-e-type=\"widget\" data-widget_type=\"icon-box.default\">\n\t\t\t\t<div class=\"elementor-widget-container\">\n\t\t\t\t\t\t\t<div class=\"elementor-icon-box-wrapper\">\n\n\t\t\t\t\t\t<div class=\"elementor-icon-box-icon\">\n\t\t\t\t<span  class=\"elementor-icon\">\n\t\t\t\t<svg xmlns=\"http:\/\/www.w3.org\/2000\/svg\" width=\"52\" height=\"53\" viewBox=\"0 0 52 53\" fill=\"none\"><g id=\"done_outline\"><mask id=\"mask0_1211_7481\" style=\"mask-type:alpha\" maskUnits=\"userSpaceOnUse\" x=\"0\" y=\"0\" width=\"52\" height=\"53\"><rect id=\"Bounding box\" y=\"0.5\" width=\"52\" height=\"52\" fill=\"#D9D9D9\"><\/rect><\/mask><g mask=\"url(#mask0_1211_7481)\"><path id=\"done_outline_2\" d=\"M20.6371 38.7291L42.8121 16.5542L40.4954 14.2709L20.6038 34.1292L11.4496 24.9417L9.13298 27.2583L20.6371 38.7291ZM20.6371 43.329L4.56641 27.2583L11.4496 20.3418L20.6371 29.5293L40.483 9.65015L47.4661 16.5L20.6371 43.329Z\" fill=\"#1C1B1F\"><\/path><\/g><\/g><\/svg>\t\t\t\t<\/span>\n\t\t\t<\/div>\n\t\t\t\n\t\t\t\t\t\t<div class=\"elementor-icon-box-content\">\n\n\t\t\t\t\t\t\t\t\t<h3 class=\"elementor-icon-box-title\">\n\t\t\t\t\t\t<span  >\n\t\t\t\t\t\t\tSuplementa\u00e7\u00e3o do Aux\u00edlio-Doen\u00e7a\t\t\t\t\t\t<\/span>\n\t\t\t\t\t<\/h3>\n\t\t\t\t\n\t\t\t\t\n\t\t\t<\/div>\n\t\t\t\n\t\t<\/div>\n\t\t\t\t\t\t<\/div>\n\t\t\t\t<\/div>\n\t\t\t\t\t<\/div>\n\t\t\t\t<\/div>\n\t\t<div class=\"elementor-element elementor-element-c710973 e-flex e-con-boxed e-con e-child\" data-id=\"c710973\" data-element_type=\"container\" data-e-type=\"container\" data-settings=\"{&quot;background_background&quot;:&quot;classic&quot;}\">\n\t\t\t\t\t<div class=\"e-con-inner\">\n\t\t\t\t<div class=\"elementor-element elementor-element-fa1706b elementor-position-inline-start elementor-view-default elementor-mobile-position-block-start elementor-widget elementor-widget-icon-box\" data-id=\"fa1706b\" data-element_type=\"widget\" data-e-type=\"widget\" data-widget_type=\"icon-box.default\">\n\t\t\t\t<div class=\"elementor-widget-container\">\n\t\t\t\t\t\t\t<div class=\"elementor-icon-box-wrapper\">\n\n\t\t\t\t\t\t<div class=\"elementor-icon-box-icon\">\n\t\t\t\t<span  class=\"elementor-icon\">\n\t\t\t\t<svg xmlns=\"http:\/\/www.w3.org\/2000\/svg\" width=\"52\" height=\"53\" viewBox=\"0 0 52 53\" fill=\"none\"><g id=\"done_outline\"><mask id=\"mask0_1211_7481\" style=\"mask-type:alpha\" maskUnits=\"userSpaceOnUse\" x=\"0\" y=\"0\" width=\"52\" height=\"53\"><rect id=\"Bounding box\" y=\"0.5\" width=\"52\" height=\"52\" fill=\"#D9D9D9\"><\/rect><\/mask><g mask=\"url(#mask0_1211_7481)\"><path id=\"done_outline_2\" d=\"M20.6371 38.7291L42.8121 16.5542L40.4954 14.2709L20.6038 34.1292L11.4496 24.9417L9.13298 27.2583L20.6371 38.7291ZM20.6371 43.329L4.56641 27.2583L11.4496 20.3418L20.6371 29.5293L40.483 9.65015L47.4661 16.5L20.6371 43.329Z\" fill=\"#1C1B1F\"><\/path><\/g><\/g><\/svg>\t\t\t\t<\/span>\n\t\t\t<\/div>\n\t\t\t\n\t\t\t\t\t\t<div class=\"elementor-icon-box-content\">\n\n\t\t\t\t\t\t\t\t\t<h3 class=\"elementor-icon-box-title\">\n\t\t\t\t\t\t<span  >\n\t\t\t\t\t\t\tSuplementa\u00e7\u00e3o da Aposentadoria por Invalidez\t\t\t\t\t\t<\/span>\n\t\t\t\t\t<\/h3>\n\t\t\t\t\n\t\t\t\t\n\t\t\t<\/div>\n\t\t\t\n\t\t<\/div>\n\t\t\t\t\t\t<\/div>\n\t\t\t\t<\/div>\n\t\t\t\t\t<\/div>\n\t\t\t\t<\/div>\n\t\t\t\t\t<\/div>\n\t\t\t\t<\/div>\n\t\t<div class=\"elementor-element elementor-element-e37b893 e-flex e-con-boxed e-con e-child\" data-id=\"e37b893\" data-element_type=\"container\" data-e-type=\"container\">\n\t\t\t\t\t<div class=\"e-con-inner\">\n\t\t<div class=\"elementor-element elementor-element-f5c9af2 e-flex e-con-boxed e-con e-child\" data-id=\"f5c9af2\" data-element_type=\"container\" data-e-type=\"container\" data-settings=\"{&quot;background_background&quot;:&quot;classic&quot;}\">\n\t\t\t\t\t<div class=\"e-con-inner\">\n\t\t\t\t<div class=\"elementor-element elementor-element-bd0ca35 elementor-position-inline-start elementor-view-default elementor-mobile-position-block-start elementor-widget elementor-widget-icon-box\" data-id=\"bd0ca35\" data-element_type=\"widget\" data-e-type=\"widget\" data-widget_type=\"icon-box.default\">\n\t\t\t\t<div class=\"elementor-widget-container\">\n\t\t\t\t\t\t\t<div class=\"elementor-icon-box-wrapper\">\n\n\t\t\t\t\t\t<div class=\"elementor-icon-box-icon\">\n\t\t\t\t<span  class=\"elementor-icon\">\n\t\t\t\t<svg xmlns=\"http:\/\/www.w3.org\/2000\/svg\" width=\"52\" height=\"53\" viewBox=\"0 0 52 53\" fill=\"none\"><g id=\"done_outline\"><mask id=\"mask0_1211_7481\" style=\"mask-type:alpha\" maskUnits=\"userSpaceOnUse\" x=\"0\" y=\"0\" width=\"52\" height=\"53\"><rect id=\"Bounding box\" y=\"0.5\" width=\"52\" height=\"52\" fill=\"#D9D9D9\"><\/rect><\/mask><g mask=\"url(#mask0_1211_7481)\"><path id=\"done_outline_2\" d=\"M20.6371 38.7291L42.8121 16.5542L40.4954 14.2709L20.6038 34.1292L11.4496 24.9417L9.13298 27.2583L20.6371 38.7291ZM20.6371 43.329L4.56641 27.2583L11.4496 20.3418L20.6371 29.5293L40.483 9.65015L47.4661 16.5L20.6371 43.329Z\" fill=\"#1C1B1F\"><\/path><\/g><\/g><\/svg>\t\t\t\t<\/span>\n\t\t\t<\/div>\n\t\t\t\n\t\t\t\t\t\t<div class=\"elementor-icon-box-content\">\n\n\t\t\t\t\t\t\t\t\t<h3 class=\"elementor-icon-box-title\">\n\t\t\t\t\t\t<span  >\n\t\t\t\t\t\t\tSuplementa\u00e7\u00e3o da Pens\u00e3o por Morte\t\t\t\t\t\t<\/span>\n\t\t\t\t\t<\/h3>\n\t\t\t\t\n\t\t\t\t\n\t\t\t<\/div>\n\t\t\t\n\t\t<\/div>\n\t\t\t\t\t\t<\/div>\n\t\t\t\t<\/div>\n\t\t\t\t\t<\/div>\n\t\t\t\t<\/div>\n\t\t<div class=\"elementor-element elementor-element-f99fa36 e-flex e-con-boxed e-con e-child\" data-id=\"f99fa36\" data-element_type=\"container\" data-e-type=\"container\" data-settings=\"{&quot;background_background&quot;:&quot;classic&quot;}\">\n\t\t\t\t\t<div class=\"e-con-inner\">\n\t\t\t\t<div class=\"elementor-element elementor-element-ab8983d elementor-position-inline-start elementor-view-default elementor-mobile-position-block-start elementor-widget elementor-widget-icon-box\" data-id=\"ab8983d\" data-element_type=\"widget\" data-e-type=\"widget\" data-widget_type=\"icon-box.default\">\n\t\t\t\t<div class=\"elementor-widget-container\">\n\t\t\t\t\t\t\t<div class=\"elementor-icon-box-wrapper\">\n\n\t\t\t\t\t\t<div class=\"elementor-icon-box-icon\">\n\t\t\t\t<span  class=\"elementor-icon\">\n\t\t\t\t<svg xmlns=\"http:\/\/www.w3.org\/2000\/svg\" width=\"52\" height=\"53\" viewBox=\"0 0 52 53\" fill=\"none\"><g id=\"done_outline\"><mask id=\"mask0_1211_7481\" style=\"mask-type:alpha\" maskUnits=\"userSpaceOnUse\" x=\"0\" y=\"0\" width=\"52\" height=\"53\"><rect id=\"Bounding box\" y=\"0.5\" width=\"52\" height=\"52\" fill=\"#D9D9D9\"><\/rect><\/mask><g mask=\"url(#mask0_1211_7481)\"><path id=\"done_outline_2\" d=\"M20.6371 38.7291L42.8121 16.5542L40.4954 14.2709L20.6038 34.1292L11.4496 24.9417L9.13298 27.2583L20.6371 38.7291ZM20.6371 43.329L4.56641 27.2583L11.4496 20.3418L20.6371 29.5293L40.483 9.65015L47.4661 16.5L20.6371 43.329Z\" fill=\"#1C1B1F\"><\/path><\/g><\/g><\/svg>\t\t\t\t<\/span>\n\t\t\t<\/div>\n\t\t\t\n\t\t\t\t\t\t<div class=\"elementor-icon-box-content\">\n\n\t\t\t\t\t\t\t\t\t<h3 class=\"elementor-icon-box-title\">\n\t\t\t\t\t\t<span  >\n\t\t\t\t\t\t\tAbono Anual e Pec\u00falio por Morte.\t\t\t\t\t\t<\/span>\n\t\t\t\t\t<\/h3>\n\t\t\t\t\n\t\t\t\t\n\t\t\t<\/div>\n\t\t\t\n\t\t<\/div>\n\t\t\t\t\t\t<\/div>\n\t\t\t\t<\/div>\n\t\t\t\t\t<\/div>\n\t\t\t\t<\/div>\n\t\t\t\t\t<\/div>\n\t\t\t\t<\/div>\n\t\t<div class=\"elementor-element elementor-element-8ebc6ae e-flex e-con-boxed e-con e-parent\" data-id=\"8ebc6ae\" data-element_type=\"container\" data-e-type=\"container\">\n\t\t\t\t\t<div class=\"e-con-inner\">\n\t\t<div class=\"elementor-element elementor-element-b59f9b5 e-con-full e-flex e-con e-child\" data-id=\"b59f9b5\" data-element_type=\"container\" data-e-type=\"container\">\n\t\t\t\t<div class=\"elementor-element elementor-element-f54e8b9 elementor-widget elementor-widget-heading\" data-id=\"f54e8b9\" data-element_type=\"widget\" data-e-type=\"widget\" data-widget_type=\"heading.default\">\n\t\t\t\t<div class=\"elementor-widget-container\">\n\t\t\t\t\t<h2 class=\"elementor-heading-title elementor-size-default\">NOSSOS DADOS<\/h2>\t\t\t\t<\/div>\n\t\t\t\t<\/div>\n\t\t\t\t<div class=\"elementor-element elementor-element-81332d8 elementor-widget elementor-widget-text-editor\" data-id=\"81332d8\" data-element_type=\"widget\" data-e-type=\"widget\" data-widget_type=\"text-editor.default\">\n\t\t\t\t<div class=\"elementor-widget-container\">\n\t\t\t\t\t\t\t\t\t<p><span style=\"color: #2f2933;\">Acesse aqui o <br \/><\/span><span style=\"color: #2f2933;\">regulamento<\/span><span style=\"color: #47738f;\"> do<br \/>Plano CELPA R<\/span><\/p>\t\t\t\t\t\t\t\t<\/div>\n\t\t\t\t<\/div>\n\t\t\t\t<div class=\"elementor-element elementor-element-318409a elementor-widget elementor-widget-text-editor\" data-id=\"318409a\" data-element_type=\"widget\" data-e-type=\"widget\" data-widget_type=\"text-editor.default\">\n\t\t\t\t<div class=\"elementor-widget-container\">\n\t\t\t\t\t\t\t\t\t<p>A \u00faltima vers\u00e3o do Regulamento do Plano Celpa R foi aprovada pela Portaria n\u00ba 273, de 17 de abril de 2024, e publicada no DOU n\u00ba 19 de abril de 2024.<\/p>\t\t\t\t\t\t\t\t<\/div>\n\t\t\t\t<\/div>\n\t\t\t\t<\/div>\n\t\t<div class=\"elementor-element elementor-element-df9d835 e-con-full e-flex e-con e-child\" data-id=\"df9d835\" data-element_type=\"container\" data-e-type=\"container\">\n\t\t<div class=\"elementor-element elementor-element-01fbdeb e-con-full e-flex e-con e-child\" data-id=\"01fbdeb\" data-element_type=\"container\" data-e-type=\"container\">\n\t\t\t\t<div class=\"elementor-element elementor-element-3703ffd elementor-widget elementor-widget-heading\" data-id=\"3703ffd\" data-element_type=\"widget\" data-e-type=\"widget\" data-widget_type=\"heading.default\">\n\t\t\t\t<div class=\"elementor-widget-container\">\n\t\t\t\t\t<h2 class=\"elementor-heading-title elementor-size-default\"><a href=\"http:\/\/eqtprev.com.br\/wp-content\/uploads\/2024\/08\/CELPA-R-Regulamento.pdf\">Regulamento<\/a><\/h2>\t\t\t\t<\/div>\n\t\t\t\t<\/div>\n\t\t\t\t<div class=\"elementor-element elementor-element-73f7908 elementor-view-default elementor-widget elementor-widget-icon\" data-id=\"73f7908\" data-element_type=\"widget\" data-e-type=\"widget\" data-widget_type=\"icon.default\">\n\t\t\t\t<div class=\"elementor-widget-container\">\n\t\t\t\t\t\t\t<div class=\"elementor-icon-wrapper\">\n\t\t\t<a class=\"elementor-icon\" href=\"http:\/\/eqtprev.com.br\/wp-content\/uploads\/2024\/08\/CELPA-R-Regulamento.pdf\" target=\"_blank\">\n\t\t\t<svg xmlns=\"http:\/\/www.w3.org\/2000\/svg\" width=\"24\" height=\"24\" viewBox=\"0 0 24 24\" fill=\"none\"><g id=\"vertical_align_bottom\"><mask id=\"mask0_1505_8281\" style=\"mask-type:alpha\" maskUnits=\"userSpaceOnUse\" x=\"0\" y=\"0\" width=\"24\" height=\"24\"><rect id=\"Bounding box\" width=\"24\" height=\"24\" fill=\"#D9D9D9\"><\/rect><\/mask><g mask=\"url(#mask0_1505_8281)\"><path id=\"vertical_align_bottom_2\" d=\"M4.5 20.5V19H19.5V20.5H4.5ZM12 16.6538L7.34615 12L8.39997 10.9462L11.25 13.7962V3.5H12.7499V13.7962L15.6 10.9462L16.6538 12L12 16.6538Z\" fill=\"#043D5D\"><\/path><\/g><\/g><\/svg>\t\t\t<\/a>\n\t\t<\/div>\n\t\t\t\t\t\t<\/div>\n\t\t\t\t<\/div>\n\t\t\t\t<\/div>\n\t\t<div class=\"elementor-element elementor-element-dd16573 e-con-full e-flex e-con e-child\" data-id=\"dd16573\" data-element_type=\"container\" data-e-type=\"container\">\n\t\t\t\t<div class=\"elementor-element elementor-element-2513d51 elementor-widget elementor-widget-heading\" data-id=\"2513d51\" data-element_type=\"widget\" data-e-type=\"widget\" data-widget_type=\"heading.default\">\n\t\t\t\t<div class=\"elementor-widget-container\">\n\t\t\t\t\t<h2 class=\"elementor-heading-title elementor-size-default\"><a href=\"http:\/\/eqtprev.com.br\/wp-content\/uploads\/2024\/08\/Guia-do-Participante-2.pdf\" target=\"_blank\">Guia do Participante<\/a><\/h2>\t\t\t\t<\/div>\n\t\t\t\t<\/div>\n\t\t\t\t<div class=\"elementor-element elementor-element-bfe1508 elementor-view-default elementor-widget elementor-widget-icon\" data-id=\"bfe1508\" data-element_type=\"widget\" data-e-type=\"widget\" data-widget_type=\"icon.default\">\n\t\t\t\t<div class=\"elementor-widget-container\">\n\t\t\t\t\t\t\t<div class=\"elementor-icon-wrapper\">\n\t\t\t<a class=\"elementor-icon\" href=\"http:\/\/eqtprev.com.br\/wp-content\/uploads\/2024\/08\/Guia-do-Participante-2.pdf\">\n\t\t\t<svg xmlns=\"http:\/\/www.w3.org\/2000\/svg\" width=\"24\" height=\"24\" viewBox=\"0 0 24 24\" fill=\"none\"><g id=\"vertical_align_bottom\"><mask id=\"mask0_1505_8281\" style=\"mask-type:alpha\" maskUnits=\"userSpaceOnUse\" x=\"0\" y=\"0\" width=\"24\" height=\"24\"><rect id=\"Bounding box\" width=\"24\" height=\"24\" fill=\"#D9D9D9\"><\/rect><\/mask><g mask=\"url(#mask0_1505_8281)\"><path id=\"vertical_align_bottom_2\" d=\"M4.5 20.5V19H19.5V20.5H4.5ZM12 16.6538L7.34615 12L8.39997 10.9462L11.25 13.7962V3.5H12.7499V13.7962L15.6 10.9462L16.6538 12L12 16.6538Z\" fill=\"#043D5D\"><\/path><\/g><\/g><\/svg>\t\t\t<\/a>\n\t\t<\/div>\n\t\t\t\t\t\t<\/div>\n\t\t\t\t<\/div>\n\t\t\t\t<\/div>\n\t\t<div class=\"elementor-element elementor-element-879a3a3 e-con-full e-flex e-con e-child\" data-id=\"879a3a3\" data-element_type=\"container\" data-e-type=\"container\">\n\t\t\t\t<div class=\"elementor-element elementor-element-cdc187e elementor-widget elementor-widget-heading\" data-id=\"cdc187e\" data-element_type=\"widget\" data-e-type=\"widget\" data-widget_type=\"heading.default\">\n\t\t\t\t<div class=\"elementor-widget-container\">\n\t\t\t\t\t<h2 class=\"elementor-heading-title elementor-size-default\"><a href=\"http:\/\/eqtprev.com.br\/wp-content\/uploads\/2024\/08\/Certificado-Participante-Plano-Celpa-R_2024.pdf\" target=\"_blank\">Certificado do Plano do CELPA R<\/a><\/h2>\t\t\t\t<\/div>\n\t\t\t\t<\/div>\n\t\t\t\t<div class=\"elementor-element elementor-element-6b48984 elementor-view-default elementor-widget elementor-widget-icon\" data-id=\"6b48984\" data-element_type=\"widget\" data-e-type=\"widget\" data-widget_type=\"icon.default\">\n\t\t\t\t<div class=\"elementor-widget-container\">\n\t\t\t\t\t\t\t<div class=\"elementor-icon-wrapper\">\n\t\t\t<a class=\"elementor-icon\" href=\"http:\/\/eqtprev.com.br\/wp-content\/uploads\/2024\/08\/Certificado-Participante-Plano-Celpa-R_2024.pdf\" target=\"_blank\">\n\t\t\t<svg xmlns=\"http:\/\/www.w3.org\/2000\/svg\" width=\"24\" height=\"24\" viewBox=\"0 0 24 24\" fill=\"none\"><g id=\"vertical_align_bottom\"><mask id=\"mask0_1505_8281\" style=\"mask-type:alpha\" maskUnits=\"userSpaceOnUse\" x=\"0\" y=\"0\" width=\"24\" height=\"24\"><rect id=\"Bounding box\" width=\"24\" height=\"24\" fill=\"#D9D9D9\"><\/rect><\/mask><g mask=\"url(#mask0_1505_8281)\"><path id=\"vertical_align_bottom_2\" d=\"M4.5 20.5V19H19.5V20.5H4.5ZM12 16.6538L7.34615 12L8.39997 10.9462L11.25 13.7962V3.5H12.7499V13.7962L15.6 10.9462L16.6538 12L12 16.6538Z\" fill=\"#043D5D\"><\/path><\/g><\/g><\/svg>\t\t\t<\/a>\n\t\t<\/div>\n\t\t\t\t\t\t<\/div>\n\t\t\t\t<\/div>\n\t\t\t\t<\/div>\n\t\t<div class=\"elementor-element elementor-element-5a4853f e-con-full e-flex e-con e-child\" data-id=\"5a4853f\" data-element_type=\"container\" data-e-type=\"container\">\n\t\t\t\t<div class=\"elementor-element elementor-element-f20d4d8 elementor-widget elementor-widget-heading\" data-id=\"f20d4d8\" data-element_type=\"widget\" data-e-type=\"widget\" data-widget_type=\"heading.default\">\n\t\t\t\t<div class=\"elementor-widget-container\">\n\t\t\t\t\t<h2 class=\"elementor-heading-title elementor-size-default\">Cartilha do Plano do CELPA R<\/h2>\t\t\t\t<\/div>\n\t\t\t\t<\/div>\n\t\t\t\t<div class=\"elementor-element elementor-element-a5e7fa1 elementor-view-default elementor-widget elementor-widget-icon\" data-id=\"a5e7fa1\" data-element_type=\"widget\" data-e-type=\"widget\" data-widget_type=\"icon.default\">\n\t\t\t\t<div class=\"elementor-widget-container\">\n\t\t\t\t\t\t\t<div class=\"elementor-icon-wrapper\">\n\t\t\t<div class=\"elementor-icon\">\n\t\t\t<svg xmlns=\"http:\/\/www.w3.org\/2000\/svg\" width=\"24\" height=\"24\" viewBox=\"0 0 24 24\" fill=\"none\"><g id=\"vertical_align_bottom\"><mask id=\"mask0_1505_8281\" style=\"mask-type:alpha\" maskUnits=\"userSpaceOnUse\" x=\"0\" y=\"0\" width=\"24\" height=\"24\"><rect id=\"Bounding box\" width=\"24\" height=\"24\" fill=\"#D9D9D9\"><\/rect><\/mask><g mask=\"url(#mask0_1505_8281)\"><path id=\"vertical_align_bottom_2\" d=\"M4.5 20.5V19H19.5V20.5H4.5ZM12 16.6538L7.34615 12L8.39997 10.9462L11.25 13.7962V3.5H12.7499V13.7962L15.6 10.9462L16.6538 12L12 16.6538Z\" fill=\"#043D5D\"><\/path><\/g><\/g><\/svg>\t\t\t<\/div>\n\t\t<\/div>\n\t\t\t\t\t\t<\/div>\n\t\t\t\t<\/div>\n\t\t\t\t<\/div>\n\t\t<div class=\"elementor-element elementor-element-93051d8 e-con-full e-flex e-con e-child\" data-id=\"93051d8\" data-element_type=\"container\" data-e-type=\"container\">\n\t\t\t\t<div class=\"elementor-element elementor-element-b0631f0 elementor-widget elementor-widget-heading\" data-id=\"b0631f0\" data-element_type=\"widget\" data-e-type=\"widget\" data-widget_type=\"heading.default\">\n\t\t\t\t<div class=\"elementor-widget-container\">\n\t\t\t\t\t<h2 class=\"elementor-heading-title elementor-size-default\"><a href=\"https:\/\/eqtprev.com.br\/wp-content\/uploads\/2025\/10\/Mirador-0742-2024-NTA-Celpa-R.pdf\" target=\"_blank\">Nova T\u00e9cina Atuarial<\/a><\/h2>\t\t\t\t<\/div>\n\t\t\t\t<\/div>\n\t\t\t\t<div class=\"elementor-element elementor-element-26a9140 elementor-view-default elementor-widget elementor-widget-icon\" data-id=\"26a9140\" data-element_type=\"widget\" data-e-type=\"widget\" data-widget_type=\"icon.default\">\n\t\t\t\t<div class=\"elementor-widget-container\">\n\t\t\t\t\t\t\t<div class=\"elementor-icon-wrapper\">\n\t\t\t<a class=\"elementor-icon\" href=\"http:\/\/eqtprev.com.br\/wp-content\/uploads\/2024\/08\/NOTA-TECNICA-CELPA-R-COM-ATESTADO-ARPB.pdf\" target=\"_blank\">\n\t\t\t<svg xmlns=\"http:\/\/www.w3.org\/2000\/svg\" width=\"24\" height=\"24\" viewBox=\"0 0 24 24\" fill=\"none\"><g id=\"vertical_align_bottom\"><mask id=\"mask0_1505_8281\" style=\"mask-type:alpha\" maskUnits=\"userSpaceOnUse\" x=\"0\" y=\"0\" width=\"24\" height=\"24\"><rect id=\"Bounding box\" width=\"24\" height=\"24\" fill=\"#D9D9D9\"><\/rect><\/mask><g mask=\"url(#mask0_1505_8281)\"><path id=\"vertical_align_bottom_2\" d=\"M4.5 20.5V19H19.5V20.5H4.5ZM12 16.6538L7.34615 12L8.39997 10.9462L11.25 13.7962V3.5H12.7499V13.7962L15.6 10.9462L16.6538 12L12 16.6538Z\" fill=\"#043D5D\"><\/path><\/g><\/g><\/svg>\t\t\t<\/a>\n\t\t<\/div>\n\t\t\t\t\t\t<\/div>\n\t\t\t\t<\/div>\n\t\t\t\t<\/div>\n\t\t\t\t<\/div>\n\t\t\t\t\t<\/div>\n\t\t\t\t<\/div>\n\t\t\t\t<\/div>\n\t\t","protected":false},"excerpt":{"rendered":"<p>DESCUBRA O PLANO CELPA R. Garanta seu Futuro com Eqtprev. Investimento inteligente para aposentadoria tranquila. Plano CELPA R O Plano CELPA R \u00e9 um plano n\u00e3o contributivo do tipo benef\u00edcio definido, que concede exclusivamente benef\u00edcios de risco e \u00e9 executado de forma indissoci\u00e1vel do Plano de Benef\u00edcios CELPA OP. Data de In\u00edcio de Funcionamento: 08\/05\/2015. [&hellip;]<\/p>\n","protected":false},"author":3,"featured_media":0,"parent":37,"menu_order":0,"comment_status":"closed","ping_status":"closed","template":"elementor_header_footer","meta":{"inline_featured_image":false,"footnotes":""},"class_list":["post-1722","page","type-page","status-publish","hentry"],"_links":{"self":[{"href":"https:\/\/eqtprev.com.br\/index.php\/wp-json\/wp\/v2\/pages\/1722","targetHints":{"allow":["GET"]}}],"collection":[{"href":"https:\/\/eqtprev.com.br\/index.php\/wp-json\/wp\/v2\/pages"}],"about":[{"href":"https:\/\/eqtprev.com.br\/index.php\/wp-json\/wp\/v2\/types\/page"}],"author":[{"embeddable":true,"href":"https:\/\/eqtprev.com.br\/index.php\/wp-json\/wp\/v2\/users\/3"}],"replies":[{"embeddable":true,"href":"https:\/\/eqtprev.com.br\/index.php\/wp-json\/wp\/v2\/comments?post=1722"}],"version-history":[{"count":55,"href":"https:\/\/eqtprev.com.br\/index.php\/wp-json\/wp\/v2\/pages\/1722\/revisions"}],"predecessor-version":[{"id":8191,"href":"https:\/\/eqtprev.com.br\/index.php\/wp-json\/wp\/v2\/pages\/1722\/revisions\/8191"}],"up":[{"embeddable":true,"href":"https:\/\/eqtprev.com.br\/index.php\/wp-json\/wp\/v2\/pages\/37"}],"wp:attachment":[{"href":"https:\/\/eqtprev.com.br\/index.php\/wp-json\/wp\/v2\/media?parent=1722"}],"curies":[{"name":"wp","href":"https:\/\/api.w.org\/{rel}","templated":true}]}}